{"id":94086,"date":"2026-01-14T08:14:57","date_gmt":"2026-01-14T07:14:57","guid":{"rendered":"https:\/\/smania.store\/ro\/produs\/jellymist-difuzor-led-si-umidificator-de-aer-cu-design-de-meduza\/"},"modified":"2026-01-14T08:14:57","modified_gmt":"2026-01-14T07:14:57","slug":"jellymist-difuzor-led-si-umidificator-de-aer-cu-design-de-meduza","status":"publish","type":"product","link":"https:\/\/smania.store\/ro\/produs\/jellymist-difuzor-led-si-umidificator-de-aer-cu-design-de-meduza\/","title":{"rendered":"JellyMist\u2122 difuzor LED \u0219i umidificator de aer cu design de meduz\u0103"},"content":{"rendered":"<div class=\"smania_landing_description_title\">NOU: Acoperire cu cea\u021b\u0103 ultra-fin\u0103<\/div>\n<div class=\"smania_landing_description_txt\">Transform\u0103 orice spa\u021biu \u00eentr-o oaz\u0103 de relaxare<\/div>\n<div class=\"smania_landing_description_subtitle\"> \u00cembarc\u0103-te \u00eentr-o mare de lini\u0219te cu JellyMist\u2122. Aceast\u0103 crea\u021bie captivant\u0103 surprinde esen\u021ba mi\u0219c\u0103rii meduzelor, dispers\u00e2nd o cea\u021b\u0103 ultra-fin\u0103 care calmeaz\u0103 \u0219i revitalizeaz\u0103 mediul din casa sau biroul t\u0103u. \u00cembun\u0103t\u0103\u021be\u0219te-\u021bi starea de spirit, purific\u0103 aerul \u0219i creeaz\u0103 un refugiu lini\u0219tit cu o simpl\u0103 ap\u0103sare de buton.<\/div>\n<div class=\"smania_landing_description_list\">\n<ul>\n<li>3-\u00een-1: Difuzor, umidificator \u0219i lamp\u0103 <\/li>\n<li>Captare dinamic\u0103 a sunetului care sincronizeaz\u0103 cea\u021ba <\/li>\n<li>Iluminare ambiental\u0103 cu 7 culori \u0219i control al luminozit\u0103\u021bii <\/li>\n<li>Rezervor de 250ml de lung\u0103 durat\u0103 pentru 8-12 ore de utilizare <\/li>\n<li>Control dual cu atingere \u0219i telecomand\u0103 <\/li>\n<li>Func\u021bionare aproape silen\u021bioas\u0103 la doar 32dB<\/li>\n<\/ul><\/div>\n","protected":false},"excerpt":{"rendered":"<p>Perfect pentru aromaterapie \u0219i umidificare |Caracteristici rezistente la scurgeri \u0219i v\u0103rsare |Fabricat din materiale sigure pentru copii |Oprire automat\u0103 pentru siguran\u021ba rezervorului uscat |Design elegant de tip vulcan care \u00eembun\u0103t\u0103\u021be\u0219te decorul|Culoare: Alb |Surs\u0103 de alimentare: 24V |Capacitate rezervor ap\u0103: 250 ml |Dimensiuni produs: 160 x 140 mm |Caracteristici speciale: Duza de vaporizare la 360 de grade, Oprire automat\u0103, Setare lumin\u0103, Setare vaporizare, Setare temporizator<\/p>\n","protected":false},"featured_media":94072,"template":"","meta":[],"product_cat":[16],"product_tag":[2170],"acf":[],"_links":{"self":[{"href":"https:\/\/smania.store\/ro\/wp-json\/wp\/v2\/product\/94086"}],"collection":[{"href":"https:\/\/smania.store\/ro\/wp-json\/wp\/v2\/product"}],"about":[{"href":"https:\/\/smania.store\/ro\/wp-json\/wp\/v2\/types\/product"}],"wp:featuredmedia":[{"embeddable":true,"href":"https:\/\/smania.store\/ro\/wp-json\/wp\/v2\/media\/94072"}],"wp:attachment":[{"href":"https:\/\/smania.store\/ro\/wp-json\/wp\/v2\/media?parent=94086"}],"wp:term":[{"taxonomy":"product_cat","embeddable":true,"href":"https:\/\/smania.store\/ro\/wp-json\/wp\/v2\/product_cat?post=94086"},{"taxonomy":"product_tag","embeddable":true,"href":"https:\/\/smania.store\/ro\/wp-json\/wp\/v2\/product_tag?post=94086"}],"curies":[{"name":"wp","href":"https:\/\/api.w.org\/{rel}","templated":true}]}}