{"id":93905,"date":"2026-01-06T12:54:46","date_gmt":"2026-01-06T11:54:46","guid":{"rendered":"https:\/\/smania.store\/ro\/produs\/safepaws-adapost-exterior-impermeabil-pentru-pisici\/"},"modified":"2026-04-13T13:55:00","modified_gmt":"2026-04-13T11:55:00","slug":"safepaws-adapost-exterior-impermeabil-pentru-pisici","status":"publish","type":"product","link":"https:\/\/smania.store\/ro\/produs\/safepaws-adapost-exterior-impermeabil-pentru-pisici\/","title":{"rendered":"SafePaws\u2122 ad\u0103post exterior impermeabil pentru pisici"},"content":{"rendered":"<div class=\"smania_landing_description_title\">NOU: R\u0103m\u00e2i C\u0103lduros \u0219i \u00cen Siguran\u021b\u0103 Oric\u00e2nd<\/div>\n<div class=\"smania_landing_description_txt\">Construie\u0219te Refugiul Perfect \u00een Aer Liber pentru Prietenii T\u0103i Bl\u0103no\u0219i!<\/div>\n<div class=\"smania_landing_description_subtitle\"> V\u0103 prezent\u0103m SafePaws\u2122, sanctuarul perfect pentru prietenul dumneavoastr\u0103 felin. Aceast\u0103 cas\u0103 pentru pisici de exterior este conceput\u0103 at\u00e2t pentru confort, c\u00e2t \u0219i pentru siguran\u021b\u0103. Este ideal\u0103 pentru orice st\u0103p\u00e2n de animal de companie care apreciaz\u0103 lini\u0219tea sufleteasc\u0103, \u0219tiind c\u0103 prietenul s\u0103u bl\u0103nos este confortabil \u0219i protejat 24 de ore din 24.<\/div>\n<div class=\"smania_landing_description_list\">\n<ul>\n<li>Protec\u021bie \u00eempotriva vremii: Izola\u021bie premium cu 6 straturi <\/li>\n<li>Siguran\u021b\u0103 \u0219i securitate: Ie\u0219iri duble pentru o evadare rapid\u0103 <\/li>\n<li>C\u0103ldur\u0103 maxim\u0103: Include un pad de \u00eenc\u0103lzire testat UL <\/li>\n<li>Design ridicat: R\u0103m\u00e2ne uscat pe teren umed <\/li>\n<li>Montare f\u0103r\u0103 efort: F\u0103r\u0103 unelte necesare!<\/li>\n<\/ul><\/div>\n","protected":false},"excerpt":{"rendered":"<p>Perfect pentru utilizare \u00een aer liber \u0219i \u00een interior |Cordon rezistent la flac\u0103r\u0103 \u0219i la mu\u0219c\u0103turi |Rezistent la intemperii pentru utilizare pe tot parcursul anului |Design rezistent la pr\u0103d\u0103tori cu ie\u0219iri duble|Dimensiuni: 65 x 42 x 45 cm |Culoare: Camuflaj negru |Material: \u021aes\u0103tur\u0103 Oxford 900D |Caracteristici speciale: \u200eU\u0219or de cur\u0103\u021bat, U\u0219or de utilizat, \u00cenc\u0103lzire, Impermeabil, Rezistent la v\u00e2nt<\/p>\n","protected":false},"featured_media":93893,"template":"","meta":[],"product_cat":[20],"product_tag":[],"acf":[],"_links":{"self":[{"href":"https:\/\/smania.store\/ro\/wp-json\/wp\/v2\/product\/93905"}],"collection":[{"href":"https:\/\/smania.store\/ro\/wp-json\/wp\/v2\/product"}],"about":[{"href":"https:\/\/smania.store\/ro\/wp-json\/wp\/v2\/types\/product"}],"wp:featuredmedia":[{"embeddable":true,"href":"https:\/\/smania.store\/ro\/wp-json\/wp\/v2\/media\/93893"}],"wp:attachment":[{"href":"https:\/\/smania.store\/ro\/wp-json\/wp\/v2\/media?parent=93905"}],"wp:term":[{"taxonomy":"product_cat","embeddable":true,"href":"https:\/\/smania.store\/ro\/wp-json\/wp\/v2\/product_cat?post=93905"},{"taxonomy":"product_tag","embeddable":true,"href":"https:\/\/smania.store\/ro\/wp-json\/wp\/v2\/product_tag?post=93905"}],"curies":[{"name":"wp","href":"https:\/\/api.w.org\/{rel}","templated":true}]}}