{"id":93680,"date":"2025-12-18T10:22:54","date_gmt":"2025-12-18T09:22:54","guid":{"rendered":"https:\/\/smania.store\/ro\/produs\/magicrackpro-raft-extensibil-pe-3-niveluri-pentru-microunde\/"},"modified":"2026-04-30T17:13:32","modified_gmt":"2026-04-30T15:13:32","slug":"magicrackpro-raft-extensibil-pe-3-niveluri-pentru-microunde","status":"publish","type":"product","link":"https:\/\/smania.store\/ro\/produs\/magicrackpro-raft-extensibil-pe-3-niveluri-pentru-microunde\/","title":{"rendered":"MagicRackPro\u2122 raft extensibil pe 3 niveluri pentru microunde"},"content":{"rendered":"<div class=\"smania_landing_description_title\">NOUTATE: M\u0103re\u0219te spa\u021biul \u00een buc\u0103t\u0103rie<\/div>\n<div class=\"smania_landing_description_txt\">Tone de spa\u021biu suplimentar pe blatul de buc\u0103t\u0103rie!<\/div>\n<div class=\"smania_landing_description_subtitle\">Transform\u0103-\u021bi imediat buc\u0103t\u0103ria cu MagicRackPro\u2122 raft extensibil pe 3 niveluri pentru microunde. Realizat din o\u021bel carbon rezistent, acest raft practic pe 3 niveluri ofer\u0103 stabilitate \u0219i o for\u021b\u0103 excep\u021bional\u0103. Designul s\u0103u extensibil se adapteaz\u0103 perfect nevoilor tale, f\u0103c\u00e2nd buc\u0103t\u0103ria mai ordonat\u0103 \u0219i func\u021bional\u0103.<\/div>\n<div class=\"smania_landing_description_list\">\n<ul>\n<li>Adaug\u0103 mai mult spa\u021biu pe blatul de buc\u0103t\u0103rie<\/li>\n<li>Design extensibil pentru a se potrivi oric\u0103rei suprafe\u021be<\/li>\n<li>Perfect pentru microunde \u0219i alte electrocasnice de buc\u0103t\u0103rie<\/li>\n<li>Metal rezistent pentru stabilitate \u0219i durabilitate \u00eendelungat\u0103<\/li>\n<li>Ideal pentru buc\u0103t\u0103rie, birou sau orice alt mediu<\/li>\n<li>Include 6 c\u00e2rlige pentru ustensile de buc\u0103t\u0103rie<\/li>\n<\/ul><\/div>\n","protected":false},"excerpt":{"rendered":"<p>Material durabil \u0219i rezistent|Spa\u021biu dublu de depozitare|Versatil pentru diverse aplica\u021bii|Incorporeaz\u0103 suport pentru condimente \u0219i folie|Design potrivit pentru orice buc\u0103t\u0103rie|Culori: negru sau alb|Greutate: 3.6 kg|Material: Metal rezistent|Lungime: Extensibil\u0103 de la 40 la 64 cm|Dimensiuni totale: 79 x 36,5 x 40-64 cm|Structur\u0103 solid\u0103 \u0219i stabil\u0103|Include 6 c\u00e2rlige pentru ustensile de buc\u0103t\u0103rie<\/p>\n","protected":false},"featured_media":93669,"template":"","meta":[],"product_cat":[16,223],"product_tag":[2170,1256],"acf":[],"_links":{"self":[{"href":"https:\/\/smania.store\/ro\/wp-json\/wp\/v2\/product\/93680"}],"collection":[{"href":"https:\/\/smania.store\/ro\/wp-json\/wp\/v2\/product"}],"about":[{"href":"https:\/\/smania.store\/ro\/wp-json\/wp\/v2\/types\/product"}],"wp:featuredmedia":[{"embeddable":true,"href":"https:\/\/smania.store\/ro\/wp-json\/wp\/v2\/media\/93669"}],"wp:attachment":[{"href":"https:\/\/smania.store\/ro\/wp-json\/wp\/v2\/media?parent=93680"}],"wp:term":[{"taxonomy":"product_cat","embeddable":true,"href":"https:\/\/smania.store\/ro\/wp-json\/wp\/v2\/product_cat?post=93680"},{"taxonomy":"product_tag","embeddable":true,"href":"https:\/\/smania.store\/ro\/wp-json\/wp\/v2\/product_tag?post=93680"}],"curies":[{"name":"wp","href":"https:\/\/api.w.org\/{rel}","templated":true}]}}