{"id":93607,"date":"2025-12-16T12:49:54","date_gmt":"2025-12-16T11:49:54","guid":{"rendered":"https:\/\/smania.store\/ro\/produs\/skihip-tabla-multifunctionala-pentru-antrenament-la-schi\/"},"modified":"2026-01-22T09:10:25","modified_gmt":"2026-01-22T08:10:25","slug":"skihip-tabla-multifunctionala-pentru-antrenament-la-schi","status":"publish","type":"product","link":"https:\/\/smania.store\/ro\/produs\/skihip-tabla-multifunctionala-pentru-antrenament-la-schi\/","title":{"rendered":"SkiHip\u2122 tabl\u0103 multifunc\u021bional\u0103 pentru antrenament la schi"},"content":{"rendered":"<div class=\"smania_landing_description_title\">NOU: Experimenteaz\u0103 schiul \u00een interior<\/div>\n<div class=\"smania_landing_description_txt\">Simuleaz\u0103 \u0219i \u00eembun\u0103t\u0103\u021be\u0219te arta schiatului acas\u0103!<\/div>\n<div class=\"smania_landing_description_subtitle\">Adaug\u0103 distrac\u021bia \u0219i fitnessul schiului \u00een casa ta cu tabla de antrenament multifunc\u021bional\u0103 SkiHip\u2122. U\u0219oar\u0103 \u0219i u\u0219or de depozitat, aceast\u0103 ma\u0219in\u0103 este cheia ta pentru un antrenament palpitant \u0219i un corp mai puternic.<\/div>\n<div class=\"smania_landing_description_list\">\n<ul>\n<li>Simuleaz\u0103 schiatul real pentru a \u00eembun\u0103t\u0103\u021bi cardio<\/li>\n<li>\u00cent\u0103re\u0219te mu\u0219chii picioarelor \u0219i \u0219oldurilor<\/li>\n<li>Promoveaz\u0103 recuperarea postpartum<\/li>\n<li>Consolidaz\u0103 mu\u0219chii podelei pelvine<\/li>\n<li>Pedale antiderapante \u0219i mi\u0219care lin\u0103 a compartimentului<\/li>\n<li>Compact \u0219i u\u0219or de depozitat<\/li>\n<\/ul><\/div>\n","protected":false},"excerpt":{"rendered":"<p>Antreneaz\u0103-te oric\u00e2nd, oriunde: configurare \u0219i depozitare u\u0219oar\u0103 |Sigur pentru utilizare acas\u0103 sau \u00een c\u0103min, se fixeaz\u0103 bine pe suprafa\u021b\u0103 |Func\u021bioneaz\u0103 silen\u021bios pentru a nu deranja pe al\u021bii |\u00cembun\u0103t\u0103\u021be\u0219te echilibrul \u0219i coordonarea|Dimensiuni desf\u0103cute: 124 x 27 x 8 cm |Dimensiuni pliate: 63 x 27 x 16 cm |\u00cen\u0103l\u021bimea cotierei: 61 cm |Greutate maxim\u0103: 150 kg<\/p>\n","protected":false},"featured_media":93583,"template":"","meta":[],"product_cat":[16,21],"product_tag":[1255],"acf":[],"_links":{"self":[{"href":"https:\/\/smania.store\/ro\/wp-json\/wp\/v2\/product\/93607"}],"collection":[{"href":"https:\/\/smania.store\/ro\/wp-json\/wp\/v2\/product"}],"about":[{"href":"https:\/\/smania.store\/ro\/wp-json\/wp\/v2\/types\/product"}],"wp:featuredmedia":[{"embeddable":true,"href":"https:\/\/smania.store\/ro\/wp-json\/wp\/v2\/media\/93583"}],"wp:attachment":[{"href":"https:\/\/smania.store\/ro\/wp-json\/wp\/v2\/media?parent=93607"}],"wp:term":[{"taxonomy":"product_cat","embeddable":true,"href":"https:\/\/smania.store\/ro\/wp-json\/wp\/v2\/product_cat?post=93607"},{"taxonomy":"product_tag","embeddable":true,"href":"https:\/\/smania.store\/ro\/wp-json\/wp\/v2\/product_tag?post=93607"}],"curies":[{"name":"wp","href":"https:\/\/api.w.org\/{rel}","templated":true}]}}