{"id":93582,"date":"2025-12-16T12:47:10","date_gmt":"2025-12-16T11:47:10","guid":{"rendered":"https:\/\/smania.store\/ro\/produs\/starlume-proiector-led-in-forma-de-stea-de-mare-cu-telecomanda\/"},"modified":"2026-03-03T22:23:11","modified_gmt":"2026-03-03T21:23:11","slug":"starlume-proiector-led-in-forma-de-stea-de-mare-cu-telecomanda","status":"publish","type":"product","link":"https:\/\/smania.store\/ro\/produs\/starlume-proiector-led-in-forma-de-stea-de-mare-cu-telecomanda\/","title":{"rendered":"StarLume\u2122 proiector LED \u00een form\u0103 de stea de mare cu telecomand\u0103"},"content":{"rendered":"<div class=\"smania_landing_description_title\">NOU: Ilumineaz\u0103-\u021bi Spa\u021biul<\/div>\n<div class=\"smania_landing_description_txt\">Transform\u0103 orice camer\u0103 \u00eentr-o galaxie subacvatic\u0103 de vis!<\/div>\n<div class=\"smania_landing_description_subtitle\">Proiectorul StarLume\u2122 LED \u00een form\u0103 de stea de mare, cu telecomand\u0103, creeaz\u0103 un cer auroral magic cu 7 moduri de iluminare pentru a-\u021bi lini\u0219ti sim\u021burile \u0219i a-\u021bi ilumina spa\u021biul. Perfect pentru copii \u0219i adul\u021bi deopotriv\u0103, transform\u0103 orice camer\u0103 \u00eentr-o oaz\u0103 de lini\u0219te pentru somn, relaxare sau pur\u0103 pl\u0103cere vizual\u0103.<\/div>\n<div class=\"smania_landing_description_list\">\n<ul>\n<li>Transform\u0103 orice camer\u0103 \u00eentr-un cer \u00eenstelat lini\u0219titor <\/li>\n<li>7 moduri de iluminare cu luminozitate ajustabil\u0103 <\/li>\n<li>Durat\u0103 lung\u0103 de via\u021b\u0103 a bateriei \u2013 p\u00e2n\u0103 la 80 de ore \u00een modul redus <\/li>\n<li>\u00cenc\u0103rcare rapid\u0103 prin USB-C <\/li>\n<li>Cadou excelent pentru copii \u0219i adul\u021bi deopotriv\u0103<\/li>\n<\/ul><\/div>\n","protected":false},"excerpt":{"rendered":"<p>\u00cembun\u0103t\u0103\u021birea instantanee a atmosferei |Perfect pentru utilizare \u00een interior \u0219i exterior |Niveluri de luminozitate ajustabile |Dimensiune compact\u0103 pentru o depozitare u\u0219oar\u0103 |Schimbare \u00eentre 7 culori|Baterie: baterie \u00eencorporat\u0103 de 1200mAh |Timp de \u00eenc\u0103rcare: aproximativ 2,5 ore |Timp de func\u021bionare la luminozitate mare: 7\u20138 ore |Timp de func\u021bionare la luminozitate mic\u0103: p\u00e2n\u0103 la 80 de ore |\u00cenc\u0103rcare: USB Type-C (cablu inclus)<\/p>\n","protected":false},"featured_media":93571,"template":"","meta":[],"product_cat":[16],"product_tag":[2170,1270],"acf":[],"_links":{"self":[{"href":"https:\/\/smania.store\/ro\/wp-json\/wp\/v2\/product\/93582"}],"collection":[{"href":"https:\/\/smania.store\/ro\/wp-json\/wp\/v2\/product"}],"about":[{"href":"https:\/\/smania.store\/ro\/wp-json\/wp\/v2\/types\/product"}],"wp:featuredmedia":[{"embeddable":true,"href":"https:\/\/smania.store\/ro\/wp-json\/wp\/v2\/media\/93571"}],"wp:attachment":[{"href":"https:\/\/smania.store\/ro\/wp-json\/wp\/v2\/media?parent=93582"}],"wp:term":[{"taxonomy":"product_cat","embeddable":true,"href":"https:\/\/smania.store\/ro\/wp-json\/wp\/v2\/product_cat?post=93582"},{"taxonomy":"product_tag","embeddable":true,"href":"https:\/\/smania.store\/ro\/wp-json\/wp\/v2\/product_tag?post=93582"}],"curies":[{"name":"wp","href":"https:\/\/api.w.org\/{rel}","templated":true}]}}