{"id":93570,"date":"2025-12-16T12:45:13","date_gmt":"2025-12-16T11:45:13","guid":{"rendered":"https:\/\/smania.store\/ro\/produs\/torsomax-aparat-de-intarire-a-bratelor-si-pieptului\/"},"modified":"2026-03-04T15:24:33","modified_gmt":"2026-03-04T14:24:33","slug":"torsomax-aparat-de-intarire-a-bratelor-si-pieptului","status":"publish","type":"product","link":"https:\/\/smania.store\/ro\/produs\/torsomax-aparat-de-intarire-a-bratelor-si-pieptului\/","title":{"rendered":"TorsoMax\u2122 aparat de \u00eent\u0103rire a bra\u021belor \u0219i pieptului"},"content":{"rendered":"<div class=\"smania_landing_description_title\">NOU: Transform\u0103-\u021bi corpul rapid<\/div>\n<div class=\"smania_landing_description_txt\">Antrenor pentru piept, spate \u0219i picioare, mereu la \u00eendem\u00e2n\u0103<\/div>\n<div class=\"smania_landing_description_subtitle\"> \u00cembun\u0103t\u0103\u021be\u0219te-\u021bi antrenamentul cu TorsoMax\u2122 power twister! Acest dispozitiv compact \u0219i portabil ofer\u0103 o rezisten\u021b\u0103 ajustabil\u0103 de la 27 la 45 kg, astfel \u00eenc\u00e2t s\u0103 po\u021bi provoca mu\u0219chii bra\u021belor, pieptului \u0219i picioarelor oriunde, oric\u00e2nd. Ob\u021bine un antrenament puternic care se potrive\u0219te stilului t\u0103u de via\u021b\u0103 \u0219i nivelului t\u0103u de fitness.<\/div>\n<div class=\"smania_landing_description_list\">\n<ul>\n<li>Rezisten\u021b\u0103 ajustabil\u0103 de la 27 la 45 kg <\/li>\n<li>M\u00e2ner ergonomic, anti-derapant, pentru confort maxim <\/li>\n<li>Vizeaz\u0103 multiple grupe musculare \u0219i ofer\u0103 exerci\u021bii variate <\/li>\n<li>Dimensiune compact\u0103 de 3,5 kg, 25 cm (c\u00e2nd este retras) <\/li>\n<li>Configurare rapid\u0103, \u00een 30 de secunde <\/li>\n<li>Arcuri din o\u021bel de \u00eenalt\u0103 carbon, testate pentru rezisten\u021b\u0103<\/li>\n<\/ul><\/div>\n","protected":false},"excerpt":{"rendered":"<p>Ideal pentru toate nivelurile de expertiz\u0103 \u00een fitness: ofer\u0103 intensitate ajustabil\u0103 |Design de calitate cu mi\u0219c\u0103ri elastice u\u0219oare \u0219i fluide |Antrenamente de calitate de sal\u0103, oriunde: retractabil pentru o depozitare u\u0219oar\u0103 |Perfect pentru utilizare acas\u0103, \u00een aer liber \u0219i \u00een deplasare|Dimensiuni produs: 67cm x 17cm (c\u00e2nd este asamblat) |Material: O\u021bel aliat |O\u021bel de \u00eenalt\u0103 calitate \u0219i arcuri de stabilizare |Retractabil pentru o stocare mai u\u0219oar\u0103<\/p>\n","protected":false},"featured_media":93557,"template":"","meta":[],"product_cat":[16,21],"product_tag":[1255],"acf":[],"_links":{"self":[{"href":"https:\/\/smania.store\/ro\/wp-json\/wp\/v2\/product\/93570"}],"collection":[{"href":"https:\/\/smania.store\/ro\/wp-json\/wp\/v2\/product"}],"about":[{"href":"https:\/\/smania.store\/ro\/wp-json\/wp\/v2\/types\/product"}],"wp:featuredmedia":[{"embeddable":true,"href":"https:\/\/smania.store\/ro\/wp-json\/wp\/v2\/media\/93557"}],"wp:attachment":[{"href":"https:\/\/smania.store\/ro\/wp-json\/wp\/v2\/media?parent=93570"}],"wp:term":[{"taxonomy":"product_cat","embeddable":true,"href":"https:\/\/smania.store\/ro\/wp-json\/wp\/v2\/product_cat?post=93570"},{"taxonomy":"product_tag","embeddable":true,"href":"https:\/\/smania.store\/ro\/wp-json\/wp\/v2\/product_tag?post=93570"}],"curies":[{"name":"wp","href":"https:\/\/api.w.org\/{rel}","templated":true}]}}