{"id":93541,"date":"2025-12-16T09:36:03","date_gmt":"2025-12-16T08:36:03","guid":{"rendered":"https:\/\/smania.store\/ro\/produs\/quackstand-suport-ajustabil-pentru-baie-pentru-bebelusi-in-forma-de-rata\/"},"modified":"2026-04-10T18:02:34","modified_gmt":"2026-04-10T16:02:34","slug":"quackstand-suport-ajustabil-pentru-baie-pentru-bebelusi-in-forma-de-rata","status":"publish","type":"product","link":"https:\/\/smania.store\/ro\/produs\/quackstand-suport-ajustabil-pentru-baie-pentru-bebelusi-in-forma-de-rata\/","title":{"rendered":"QuackStand\u2122 suport ajustabil pentru baie pentru bebelu\u0219i \u00een form\u0103 de ra\u021b\u0103"},"content":{"rendered":"<div class=\"smania_landing_description_title\">NOU: Face baia mai u\u0219oar\u0103!<\/div>\n<div class=\"smania_landing_description_txt\">Facerea timpului de baie sigur, distractiv \u0219i confortabil<\/div>\n<div class=\"smania_landing_description_subtitle\">QuackStand\u2122 este un produs esen\u021bial pentru fiecare p\u0103rinte care dore\u0219te s\u0103 transforme timpul de baie \u00eentr-o experien\u021b\u0103 sigur\u0103 \u0219i pl\u0103cut\u0103! Conceput pentru a sus\u021bine postura natural\u0103 a copilului t\u0103u, \u00een timp ce \u00eei ofer\u0103 distrac\u021bie cu un tem\u0103 adorabil\u0103 cu ra\u021be. Asigur\u0103-te c\u0103 fiecare baie este o explozie de bucurie!<\/div>\n<div class=\"smania_landing_description_list\">\n<ul>\n<li>Suportul ergonomic men\u021bine bebelu\u0219ii stabili \u00een timp ce stau \u00een picioare <\/li>\n<li>Designul amuzant cu ra\u021b\u0103 \u00eei distreaz\u0103 \u0219i \u00eencurajeaz\u0103 momentele de joac\u0103 la baie <\/li>\n<li>Designul compact \u0219i pliabil economise\u0219te spa\u021biu \u00een orice baie <\/li>\n<li>Montare rapid\u0103, f\u0103r\u0103 unelte, pentru p\u0103rin\u021bii ocupa\u021bi <\/li>\n<li>Materiale u\u0219or de cur\u0103\u021bat, rezistente la ap\u0103 \u0219i pete <\/li>\n<li>U\u0219or \u0219i portabil pentru acas\u0103 sau c\u0103l\u0103torii <\/li>\n<li>Perfect pentru bebelu\u0219i cu v\u00e2rste \u00eentre 6 \u0219i 24 de luni, sprijinind abilit\u0103\u021bile timpurii de a sta \u00een picioare<\/li>\n<\/ul><\/div>\n","protected":false},"excerpt":{"rendered":"<p>Se pliaz\u0103 pentru depozitare |Design dr\u0103gu\u021b cu ra\u021b\u0103 |Sus\u021bine o pozi\u021bie de stat \u00een siguran\u021b\u0103 |V\u00e2rst\u0103 potrivit\u0103: 6\u201324 luni|Dimensiuni: 47 x 40 x 63 cm |\u00cen\u0103l\u021bime ajustabil\u0103: 47.5-63 cm |Material: ABS durabil, rezistent la ap\u0103 |Greutate: 2.1 kg, u\u0219or \u0219i portabil<\/p>\n","protected":false},"featured_media":93537,"template":"","meta":[],"product_cat":[17],"product_tag":[],"acf":[],"_links":{"self":[{"href":"https:\/\/smania.store\/ro\/wp-json\/wp\/v2\/product\/93541"}],"collection":[{"href":"https:\/\/smania.store\/ro\/wp-json\/wp\/v2\/product"}],"about":[{"href":"https:\/\/smania.store\/ro\/wp-json\/wp\/v2\/types\/product"}],"wp:featuredmedia":[{"embeddable":true,"href":"https:\/\/smania.store\/ro\/wp-json\/wp\/v2\/media\/93537"}],"wp:attachment":[{"href":"https:\/\/smania.store\/ro\/wp-json\/wp\/v2\/media?parent=93541"}],"wp:term":[{"taxonomy":"product_cat","embeddable":true,"href":"https:\/\/smania.store\/ro\/wp-json\/wp\/v2\/product_cat?post=93541"},{"taxonomy":"product_tag","embeddable":true,"href":"https:\/\/smania.store\/ro\/wp-json\/wp\/v2\/product_tag?post=93541"}],"curies":[{"name":"wp","href":"https:\/\/api.w.org\/{rel}","templated":true}]}}