{"id":93438,"date":"2025-12-10T07:21:21","date_gmt":"2025-12-10T06:21:21","guid":{"rendered":"https:\/\/smania.store\/ro\/produs\/lumini-de-perete-cu-flori-floravine-144-led\/"},"modified":"2026-04-14T21:03:57","modified_gmt":"2026-04-14T19:03:57","slug":"lumini-de-perete-cu-flori-floravine-144-led","status":"publish","type":"product","link":"https:\/\/smania.store\/ro\/produs\/lumini-de-perete-cu-flori-floravine-144-led\/","title":{"rendered":"Lumini de perete cu flori FloraVine\u2122 &#8211; 144 LED"},"content":{"rendered":"<div class=\"smania_landing_description_title\">NOU, Crea\u021bi o iluminare de perete \u00eenc\u00e2nt\u0103toare<\/div>\n<div class=\"smania_landing_description_txt\">\u00cenflore\u0219te-\u021bi spa\u021biul cu lumin\u0103 magic\u0103!<\/div>\n<div class=\"smania_landing_description_subtitle\"> Aduce\u021bi magie \u00een orice camer\u0103 cu luminile FloraVine\u2122 cu vi\u021b\u0103 de vie de flori. cele 144 de lumini LED inspirate de florile de cire\u0219 creeaz\u0103 o str\u0103lucire confortabil\u0103, festiv\u0103. Designul flexibil \u0219i cele 8 moduri de iluminare v\u0103 permit s\u0103 v\u0103 modela\u021bi \u0219i s\u0103 v\u0103 personaliza\u021bi ambian\u021ba perfect\u0103 &#8211; ideal\u0103 pentru s\u0103rb\u0103tori, petreceri sau farmecul de zi cu zi.<\/div>\n<div class=\"smania_landing_description_list\">\n<ul>\n<li>144 de lumini LED pentru o str\u0103lucire moale \u0219i cald\u0103<\/li>\n<li>8 moduri dinamice de iluminare + luminozitate reglabil\u0103<\/li>\n<li>Telecomand\u0103 pentru personalizare u\u0219oar\u0103<\/li>\n<li>Ramuri flexibile pentru forme creative DIY<\/li>\n<li>Perfect\u0103 pentru Cr\u0103ciun, petreceri, nun\u021bi sau decor de zi cu zi<\/li>\n<\/ul><\/div>\n","protected":false},"excerpt":{"rendered":"<p>Iluminare cald\u0103 \u0219i confortabil\u0103|U\u0219or de modelat \u0219i ag\u0103\u021bat|Comoditatea telecomenzii|Ideal pentru utilizare festiv\u0103 \u0219i de zi cu zi|Lungime: 230 cm|Num\u0103r de LED-uri: 144|Material: S\u00e2rm\u0103 flexibil\u0103 + flori din plastic|Alimentare: USB<\/p>\n","protected":false},"featured_media":93427,"template":"","meta":[],"product_cat":[16],"product_tag":[1270,1241],"acf":[],"_links":{"self":[{"href":"https:\/\/smania.store\/ro\/wp-json\/wp\/v2\/product\/93438"}],"collection":[{"href":"https:\/\/smania.store\/ro\/wp-json\/wp\/v2\/product"}],"about":[{"href":"https:\/\/smania.store\/ro\/wp-json\/wp\/v2\/types\/product"}],"wp:featuredmedia":[{"embeddable":true,"href":"https:\/\/smania.store\/ro\/wp-json\/wp\/v2\/media\/93427"}],"wp:attachment":[{"href":"https:\/\/smania.store\/ro\/wp-json\/wp\/v2\/media?parent=93438"}],"wp:term":[{"taxonomy":"product_cat","embeddable":true,"href":"https:\/\/smania.store\/ro\/wp-json\/wp\/v2\/product_cat?post=93438"},{"taxonomy":"product_tag","embeddable":true,"href":"https:\/\/smania.store\/ro\/wp-json\/wp\/v2\/product_tag?post=93438"}],"curies":[{"name":"wp","href":"https:\/\/api.w.org\/{rel}","templated":true}]}}