{"id":93411,"date":"2025-12-09T07:48:36","date_gmt":"2025-12-09T06:48:36","guid":{"rendered":"https:\/\/smania.store\/ro\/produs\/powertwist-brat-dublu-cu-arc-sucitor-de-putere\/"},"modified":"2026-02-17T12:21:22","modified_gmt":"2026-02-17T11:21:22","slug":"powertwist-brat-dublu-cu-arc-sucitor-de-putere","status":"publish","type":"product","link":"https:\/\/smania.store\/ro\/produs\/powertwist-brat-dublu-cu-arc-sucitor-de-putere\/","title":{"rendered":"PowerTwist\u2122 bra\u021b dublu cu arc &#8211; sucitor de putere"},"content":{"rendered":"<div class=\"smania_landing_description_title\"> NOU! Revolu\u021bia antrenamentelor pentru \u00eentregul corp <\/div>\n<div class=\"smania_landing_description_txt\"> PowerTwist \u00eenseamn\u0103 antrenament extrem de eficient pentru partea superioar\u0103 a corpului! <\/div>\n<div class=\"smania_landing_description_subtitle\"> Dezl\u0103n\u021buie-\u021bi poten\u021bialul p\u0103r\u021bii superioare a corpului cu PowerTwist! Doar 10-30 de minute zilnic v\u0103 pot stimula for\u021ba \u0219i condi\u021bia fizic\u0103. Fabricat cu materiale de siguran\u021b\u0103 premium pentru un antrenament \u00eencrez\u0103tor \u0219i mai s\u0103n\u0103tos. <\/div>\n<div class=\"smania_landing_description_list\">\n<ul>\n<li>Antreneaz\u0103 simultan \u00eencheieturile, bra\u021bele, umerii<\/li>\n<li>Design ergonomic, anti-alunecare pentru siguran\u021b\u0103 sporit\u0103<\/li>\n<li>Rezisten\u021b\u0103 reglabil\u0103 de la 10-200 kg<\/li>\n<li>Perfect portabil \u0219i depozitat \u00een siguran\u021b\u0103 cu ajutorul cataramei de depozitare<\/li>\n<li>\u00cembun\u0103t\u0103\u021be\u0219te antrenamentele pentru partea superioar\u0103 a corpului<\/li>\n<li>Fabricat cu arcuri durabile din o\u021bel carbon<\/li>\n<\/ul><\/div>\n","protected":false},"excerpt":{"rendered":"<p>Regla\u021bi rapid intensitatea antrenamentului prin rotirea cilindrului central|U\u0219or de pliat \u0219i depozitat \u00een siguran\u021b\u0103|Construc\u021bie de \u00eenalt\u0103 calitate pentru longevitate|Ideal pentru toate nivelurile de fitness|Dimensiunile produsului: 43cm x 16cm (retractat), 60cm l\u0103\u021bime c\u00e2nd este extins|Materialele produsului: O\u021bel carbon, cauciuc moale PU, plastic|Domeniu de rezisten\u021b\u0103: 10 &#8211; 200 kg|P\u0103r\u021bi de exerci\u021biu: mu\u0219chii antebra\u021belor, biceps, triceps, pectoral major, trapez, latissimus dorsi<\/p>\n","protected":false},"featured_media":93396,"template":"","meta":[],"product_cat":[21],"product_tag":[1255],"acf":[],"_links":{"self":[{"href":"https:\/\/smania.store\/ro\/wp-json\/wp\/v2\/product\/93411"}],"collection":[{"href":"https:\/\/smania.store\/ro\/wp-json\/wp\/v2\/product"}],"about":[{"href":"https:\/\/smania.store\/ro\/wp-json\/wp\/v2\/types\/product"}],"wp:featuredmedia":[{"embeddable":true,"href":"https:\/\/smania.store\/ro\/wp-json\/wp\/v2\/media\/93396"}],"wp:attachment":[{"href":"https:\/\/smania.store\/ro\/wp-json\/wp\/v2\/media?parent=93411"}],"wp:term":[{"taxonomy":"product_cat","embeddable":true,"href":"https:\/\/smania.store\/ro\/wp-json\/wp\/v2\/product_cat?post=93411"},{"taxonomy":"product_tag","embeddable":true,"href":"https:\/\/smania.store\/ro\/wp-json\/wp\/v2\/product_tag?post=93411"}],"curies":[{"name":"wp","href":"https:\/\/api.w.org\/{rel}","templated":true}]}}