{"id":93395,"date":"2025-12-09T07:47:20","date_gmt":"2025-12-09T06:47:20","guid":{"rendered":"https:\/\/smania.store\/ro\/produs\/littlefarmer-carte-montessori-pentru-copii-ferma\/"},"modified":"2026-02-23T15:08:33","modified_gmt":"2026-02-23T14:08:33","slug":"littlefarmer-carte-montessori-pentru-copii-ferma","status":"publish","type":"product","link":"https:\/\/smania.store\/ro\/produs\/littlefarmer-carte-montessori-pentru-copii-ferma\/","title":{"rendered":"LittleFarmer\u2122 carte Montessori pentru copii &#8211; Ferma"},"content":{"rendered":"<div class=\"smania_landing_description_title\">NOU: Aprinde Imagina\u021bia \u0219i Creativitatea<\/div>\n<div class=\"smania_landing_description_txt\">\u00cenv\u0103\u021bare, distrac\u021bie \u0219i aventur\u0103 pe fiecare pagin\u0103!<\/div>\n<div class=\"smania_landing_description_subtitle\"> Descoperi\u021bi magia vie\u021bii la ferm\u0103 cu cartea Montessori pentru copii LittleFarmer\u2122. Cu 20 de activit\u0103\u021bi captivante, acest juc\u0103rie inspirat\u0103 de Montessori \u00eencurajeaz\u0103 creativitatea, abilit\u0103\u021bile motorii \u0219i \u00eenv\u0103\u021barea prin scene interactive cu tematic\u0103 agricol\u0103. Perfect\u0103 pentru copii cu v\u00e2rsta de 1 an \u0219i peste, este o modalitate distractiv\u0103 de a dezvolta abilit\u0103\u021bi importante de \u00eenv\u0103\u021bare timpurie!<\/div>\n<div class=\"smania_landing_description_list\">\n<ul>\n<li>Distrac\u021bie Interactiv\u0103: 20 de activit\u0103\u021bi cu tem\u0103 de ferm\u0103 pentru \u00eenv\u0103\u021bare creativ\u0103 <\/li>\n<li>Inspirat de Montessori: \u00cembun\u0103t\u0103\u021be\u0219te abilit\u0103\u021bile motorii \u0219i coordonarea <\/li>\n<li>Portabil: Compact \u0219i perfect pentru c\u0103l\u0103torii <\/li>\n<li>Sigur &amp; Durabil: Material netoxic cu cus\u0103turi duble <\/li>\n<li>Captivant: Ofer\u0103 copiilor ore \u00eentregi de distrac\u021bie prin jocuri practice<\/li>\n<\/ul><\/div>\n","protected":false},"excerpt":{"rendered":"<p>Cus\u0103turi duble pentru o durabilitate suplimentar\u0103 |Materiale netoxice, inodore |Stimuleaz\u0103 imagina\u021bia \u0219i curiozitatea |Men\u021bine copiii implica\u021bi timp de ore \u00eentregi|V\u00e2rst\u0103: Pentru copii de 1-3 ani |Cartea include: 10 pagini, 20 de activit\u0103\u021bi |Dimensiune: 23,5 cm x 18,5 cm |Material: \u021aes\u0103tur\u0103 netoxic\u0103, cusut\u0103 dublu<\/p>\n","protected":false},"featured_media":93383,"template":"","meta":[],"product_cat":[17],"product_tag":[1272,1273],"acf":[],"_links":{"self":[{"href":"https:\/\/smania.store\/ro\/wp-json\/wp\/v2\/product\/93395"}],"collection":[{"href":"https:\/\/smania.store\/ro\/wp-json\/wp\/v2\/product"}],"about":[{"href":"https:\/\/smania.store\/ro\/wp-json\/wp\/v2\/types\/product"}],"wp:featuredmedia":[{"embeddable":true,"href":"https:\/\/smania.store\/ro\/wp-json\/wp\/v2\/media\/93383"}],"wp:attachment":[{"href":"https:\/\/smania.store\/ro\/wp-json\/wp\/v2\/media?parent=93395"}],"wp:term":[{"taxonomy":"product_cat","embeddable":true,"href":"https:\/\/smania.store\/ro\/wp-json\/wp\/v2\/product_cat?post=93395"},{"taxonomy":"product_tag","embeddable":true,"href":"https:\/\/smania.store\/ro\/wp-json\/wp\/v2\/product_tag?post=93395"}],"curies":[{"name":"wp","href":"https:\/\/api.w.org\/{rel}","templated":true}]}}