{"id":93281,"date":"2025-12-04T06:58:09","date_gmt":"2025-12-04T05:58:09","guid":{"rendered":"https:\/\/smania.store\/ro\/produs\/superkart-go-kart-electric-pliabil-pentru-copii\/"},"modified":"2026-04-15T07:33:37","modified_gmt":"2026-04-15T05:33:37","slug":"superkart-go-kart-electric-pliabil-pentru-copii","status":"publish","type":"product","link":"https:\/\/smania.store\/ro\/produs\/superkart-go-kart-electric-pliabil-pentru-copii\/","title":{"rendered":"SuperKart\u2122 Go-kart electric pliabil pentru copii"},"content":{"rendered":"<div class=\"smania_landing_description_title\">NOU: Distrac\u021bie electrizant\u0103 pentru copii<\/div>\n<div class=\"smania_landing_description_txt\">Distrac\u021bie, vitez\u0103 \u0219i lumini \u00eentr-un singur go-kart cool!<\/div>\n<div class=\"smania_landing_description_subtitle\"> Preg\u0103te\u0219te-te pentru distrac\u021bie non-stop cu SuperKart\u2122 Go-kart electric pliabil pentru copii! Dispun\u00e2nd de comenzi interactive, o baterie de lung\u0103 durat\u0103 \u0219i lumini LED cool, acest kart este conceput pentru a face din fiecare plimbare o aventur\u0103. U\u0219or de depozitat, u\u0219or de condus \u0219i construit pentru a dura.<\/div>\n<div class=\"smania_landing_description_list\">\n<ul>\n<li>2 moduri de conducere: Conduce\u021bi independent sau cu telecomand\u0103<\/li>\n<li>\u00cenainte \u0219i \u00eenapoi: Se deplaseaz\u0103 \u00eenainte \u0219i \u00eenapoi pentru mai mult control<\/li>\n<li>Lumini LED orbitoare: Lumini str\u0103lucitoare \u0219i captivante pentru distrac\u021bie, chiar \u0219i pe timp de noapte<\/li>\n<li>Compact \u0219i pliabil: U\u0219or de depozitat \u0219i de luat oriunde<\/li>\n<li>Scaun reglabil: Se potrive\u0219te confortabil copiilor cu v\u00e2rste cuprinse \u00eentre 2 \u0219i 8 ani<\/li>\n<li>Perfect pentru plimb\u0103ri \u00een interior \u0219i \u00een exterior<\/li>\n<\/ul><\/div>\n","protected":false},"excerpt":{"rendered":"<p>Perfect pentru copii cu v\u00e2rste cuprinse \u00eentre 2 \u0219i 8 ani|Sigur \u0219i distractiv|Distrac\u021bie nocturn\u0103|Inclusiv telecomand\u0103|Dimensiuni: 85 x 56 x 51 cm|Baterie: 6V\/7A|Motor: 2 x 390W|Vitez\u0103: 4.8-6.4 km\/h<\/p>\n","protected":false},"featured_media":93270,"template":"","meta":[],"product_cat":[17],"product_tag":[1273,1268],"acf":[],"_links":{"self":[{"href":"https:\/\/smania.store\/ro\/wp-json\/wp\/v2\/product\/93281"}],"collection":[{"href":"https:\/\/smania.store\/ro\/wp-json\/wp\/v2\/product"}],"about":[{"href":"https:\/\/smania.store\/ro\/wp-json\/wp\/v2\/types\/product"}],"wp:featuredmedia":[{"embeddable":true,"href":"https:\/\/smania.store\/ro\/wp-json\/wp\/v2\/media\/93270"}],"wp:attachment":[{"href":"https:\/\/smania.store\/ro\/wp-json\/wp\/v2\/media?parent=93281"}],"wp:term":[{"taxonomy":"product_cat","embeddable":true,"href":"https:\/\/smania.store\/ro\/wp-json\/wp\/v2\/product_cat?post=93281"},{"taxonomy":"product_tag","embeddable":true,"href":"https:\/\/smania.store\/ro\/wp-json\/wp\/v2\/product_tag?post=93281"}],"curies":[{"name":"wp","href":"https:\/\/api.w.org\/{rel}","templated":true}]}}