{"id":93222,"date":"2025-12-02T05:22:59","date_gmt":"2025-12-02T04:22:59","guid":{"rendered":"https:\/\/smania.store\/ro\/produs\/inductopro-disc-convertor-pentru-inductie\/"},"modified":"2025-12-07T07:30:17","modified_gmt":"2025-12-07T06:30:17","slug":"inductopro-disc-convertor-pentru-inductie","status":"publish","type":"product","link":"https:\/\/smania.store\/ro\/produs\/inductopro-disc-convertor-pentru-inductie\/","title":{"rendered":"InductoPro\u2122 disc convertor pentru induc\u021bie"},"content":{"rendered":"<div class=\"smania_landing_description_title\">NOU: Transformarea eficien\u021bei g\u0103titului<\/div>\n<div class=\"smania_landing_description_txt\">Face\u021bi orice tigaie sau oal\u0103 compatibil\u0103 cu induc\u021bia!<\/div>\n<div class=\"smania_landing_description_subtitle\">Spune\u021bi adio problemelor de compatibilitate cu aragazul cu discul convertor pentru induc\u021bie InductoPro\u2122. Acest instrument versatil v\u0103 ajut\u0103 s\u0103 lua\u021bi orice oal\u0103 sau tigaie, de la o\u021bel inoxidabil la font\u0103, \u0219i s\u0103 o face\u021bi s\u0103 func\u021bioneze ca un vis pe plita dvs. cu induc\u021bie. O inova\u021bie must-have pentru orice buc\u0103t\u0103rie modern\u0103!<\/div>\n<div class=\"smania_landing_description_list\">\n<ul>\n<li>Compatibil cu toate tipurile de vase<\/li>\n<li>Transmitere superioar\u0103 a c\u0103ldurii<\/li>\n<li>M\u00e2ner deta\u0219abil sigur inclus<\/li>\n<li>Ideal pentru oale de dimensiuni mici<\/li>\n<li>Difuzarea uniform\u0103 a c\u0103ldurii pentru rezultate de calitate<\/li>\n<li>Previne arsurile \u0219i g\u0103titul neuniform<\/li>\n<\/ul><\/div>\n","protected":false},"excerpt":{"rendered":"<p>Actualiza\u021bi f\u0103r\u0103 ustensile de g\u0103tit noi|Perfect pentru aragazurile cu induc\u021bie|Manual de utilizare u\u0219or de urm\u0103rit inclus|Material: O\u021bel inoxidabil|Dimensiunile discului: \u03a620cm|Lungimea m\u00e2nerului: 17 cm<\/p>\n","protected":false},"featured_media":93202,"template":"","meta":[],"product_cat":[223],"product_tag":[],"acf":[],"_links":{"self":[{"href":"https:\/\/smania.store\/ro\/wp-json\/wp\/v2\/product\/93222"}],"collection":[{"href":"https:\/\/smania.store\/ro\/wp-json\/wp\/v2\/product"}],"about":[{"href":"https:\/\/smania.store\/ro\/wp-json\/wp\/v2\/types\/product"}],"wp:featuredmedia":[{"embeddable":true,"href":"https:\/\/smania.store\/ro\/wp-json\/wp\/v2\/media\/93202"}],"wp:attachment":[{"href":"https:\/\/smania.store\/ro\/wp-json\/wp\/v2\/media?parent=93222"}],"wp:term":[{"taxonomy":"product_cat","embeddable":true,"href":"https:\/\/smania.store\/ro\/wp-json\/wp\/v2\/product_cat?post=93222"},{"taxonomy":"product_tag","embeddable":true,"href":"https:\/\/smania.store\/ro\/wp-json\/wp\/v2\/product_tag?post=93222"}],"curies":[{"name":"wp","href":"https:\/\/api.w.org\/{rel}","templated":true}]}}