{"id":93049,"date":"2025-11-21T10:14:32","date_gmt":"2025-11-21T09:14:32","guid":{"rendered":"https:\/\/smania.store\/ro\/produs\/mistscape-umidificator-si-difuzor-led-cu-micropeisaj\/"},"modified":"2026-04-02T08:34:25","modified_gmt":"2026-04-02T06:34:25","slug":"mistscape-umidificator-si-difuzor-led-cu-micropeisaj","status":"publish","type":"product","link":"https:\/\/smania.store\/ro\/produs\/mistscape-umidificator-si-difuzor-led-cu-micropeisaj\/","title":{"rendered":"MistScape\u2122 umidificator \u0219i difuzor LED cu micropeisaj"},"content":{"rendered":"<div class=\"smania_landing_description_title\">NOU: \u00cembun\u0103t\u0103\u021bi\u021bi starea de spirit cu o ploaie bl\u00e2nd\u0103<\/div>\n<div class=\"smania_landing_description_txt\">Oaz\u0103 \u00een miniatur\u0103, relaxare mare<\/div>\n<div class=\"smania_landing_description_subtitle\"> Aduce\u021bi calmul \u0219i natura \u00een interior cu umidificatorul \u0219i difuzorul MistScape\u2122 microlandscape LED. Cea\u021ba sa bl\u00e2nd\u0103 \u0219i str\u0103lucirea LED moale creeaz\u0103 o atmosfer\u0103 lini\u0219titoare, perfect\u0103 pentru dormitoare, birouri sau col\u021buri de medita\u021bie. Ad\u0103uga\u021bi uleiuri esen\u021biale pentru aromaterapie \u0219i bucura\u021bi-v\u0103 de un spa\u021biu lini\u0219tit, \u00eemprosp\u0103tat <\/div>\n<div class=\"smania_landing_description_list\">\n<ul>\n<li>Creeaz\u0103 o atmosfer\u0103 lini\u0219titoare cu lumini LED moi<\/li>\n<li>Adaug\u0103 umiditate aerului uscat pentru un mediu mai s\u0103n\u0103tos<\/li>\n<li>Poate fi folosit cu uleiuri esen\u021biale pentru aromaterapie relaxant\u0103<\/li>\n<li>Designul compact se potrive\u0219te pe orice birou, noptier\u0103 sau raft<\/li>\n<li>Func\u021bionare silen\u021bioas\u0103, ideal\u0103 pentru somn sau munc\u0103<\/li>\n<\/ul><\/div>\n","protected":false},"excerpt":{"rendered":"<p>Imit\u0103 sunetul pic\u0103turilor de ploaie care cad|Iluminare ambiental\u0103 bl\u00e2nd\u0103|Oprire automat\u0103 pentru siguran\u021b\u0103|Perfect pentru cas\u0103 sau birou|U\u0219or de reumplut \u0219i cur\u0103\u021bat|Dimensiuni: 21 \u00d7 16 \u00d7 12 cm|Material: Acrilic|Capacitatea rezervorului de ap\u0103: 250 ml|Iluminare ambiental\u0103 LED inclus\u0103|Cablu inclus pentru alimentare<\/p>\n","protected":false},"featured_media":93045,"template":"","meta":[],"product_cat":[16],"product_tag":[2170],"acf":[],"_links":{"self":[{"href":"https:\/\/smania.store\/ro\/wp-json\/wp\/v2\/product\/93049"}],"collection":[{"href":"https:\/\/smania.store\/ro\/wp-json\/wp\/v2\/product"}],"about":[{"href":"https:\/\/smania.store\/ro\/wp-json\/wp\/v2\/types\/product"}],"wp:featuredmedia":[{"embeddable":true,"href":"https:\/\/smania.store\/ro\/wp-json\/wp\/v2\/media\/93045"}],"wp:attachment":[{"href":"https:\/\/smania.store\/ro\/wp-json\/wp\/v2\/media?parent=93049"}],"wp:term":[{"taxonomy":"product_cat","embeddable":true,"href":"https:\/\/smania.store\/ro\/wp-json\/wp\/v2\/product_cat?post=93049"},{"taxonomy":"product_tag","embeddable":true,"href":"https:\/\/smania.store\/ro\/wp-json\/wp\/v2\/product_tag?post=93049"}],"curies":[{"name":"wp","href":"https:\/\/api.w.org\/{rel}","templated":true}]}}