{"id":93044,"date":"2025-11-21T10:04:03","date_gmt":"2025-11-21T09:04:03","guid":{"rendered":"https:\/\/smania.store\/ro\/produs\/firefighterz-camion-de-pompieri-cu-echipa-de-interventie-si-pulverizator-de-apa\/"},"modified":"2026-04-05T20:02:44","modified_gmt":"2026-04-05T18:02:44","slug":"firefighterz-camion-de-pompieri-cu-echipa-de-interventie-si-pulverizator-de-apa","status":"publish","type":"product","link":"https:\/\/smania.store\/ro\/produs\/firefighterz-camion-de-pompieri-cu-echipa-de-interventie-si-pulverizator-de-apa\/","title":{"rendered":"FireFighterz\u2122 camion de pompieri cu echip\u0103 de interven\u021bie \u0219i pulverizator de ap\u0103"},"content":{"rendered":"<div class=\"smania_landing_description_title\">NOU: Dezl\u0103n\u021buie distrac\u021bia propulsat\u0103 de ap\u0103<\/div>\n<div class=\"smania_landing_description_txt\">Conduce\u021bi, pulveriza\u021bi, juca\u021bi-v\u0103 &#8211; via\u021ba de pompier v\u0103 a\u0219teapt\u0103!<\/div>\n<div class=\"smania_landing_description_subtitle\">Da\u021bi via\u021b\u0103 adev\u0103ratelor aventuri de salvare cu camionul de pompieri FireFighterz\u2122. Conceput at\u00e2t pentru distrac\u021bie, c\u00e2t \u0219i pentru \u00eenv\u0103\u021bare, acest camion de pompieri multifunc\u021bional inspir\u0103 creativitate, imagina\u021bie \u0219i emo\u021bii nelimitate \u00een timpul jocului. Perfect pentru micii eroi care viseaz\u0103 s\u0103 salveze ziua!<\/div>\n<div class=\"smania_landing_description_list\">\n<ul>\n<li>Scar\u0103 telescopic\u0103 \u0219i platform\u0103 ridicabil\u0103 pentru salv\u0103ri dinamice<\/li>\n<li>Banc de lucru rotativ la 270\u00b0 cu pulverizare de ap\u0103 pentru joac\u0103 interactiv\u0103<\/li>\n<li>Poveste \u00eencorporat\u0103 plus efecte sonore pentru o aventur\u0103 captivant\u0103<\/li>\n<li>Include 6 mini vehicule pentru misiuni extinse<\/li>\n<li>\u00cencurajeaz\u0103 creativitatea, coordonarea m\u00e2n\u0103-ochi \u0219i jocul imaginativ<\/li>\n<\/ul><\/div>\n","protected":false},"excerpt":{"rendered":"<p>Cu 6 vehicule \u0219i aspersor de ap\u0103|Func\u021bie de pulverizare a apei|Scara se rote\u0219te la 270\u00b0, se extinde \u0219i se ridic\u0103|Efecte sonore \u0219i luminoase cu butoane u\u0219oare|Pachetul include: 1 x camion de pompieri mare, 6 x ma\u0219ini mici|Putere: 2 \u00d7 baterii AA necesare (nu sunt incluse)|Avertisment: Con\u021bine piese mici. Pericol de sufocare!|V\u00e2rsta recomandat\u0103: +3 ani<\/p>\n","protected":false},"featured_media":93040,"template":"","meta":[],"product_cat":[17],"product_tag":[1273,1268],"acf":[],"_links":{"self":[{"href":"https:\/\/smania.store\/ro\/wp-json\/wp\/v2\/product\/93044"}],"collection":[{"href":"https:\/\/smania.store\/ro\/wp-json\/wp\/v2\/product"}],"about":[{"href":"https:\/\/smania.store\/ro\/wp-json\/wp\/v2\/types\/product"}],"wp:featuredmedia":[{"embeddable":true,"href":"https:\/\/smania.store\/ro\/wp-json\/wp\/v2\/media\/93040"}],"wp:attachment":[{"href":"https:\/\/smania.store\/ro\/wp-json\/wp\/v2\/media?parent=93044"}],"wp:term":[{"taxonomy":"product_cat","embeddable":true,"href":"https:\/\/smania.store\/ro\/wp-json\/wp\/v2\/product_cat?post=93044"},{"taxonomy":"product_tag","embeddable":true,"href":"https:\/\/smania.store\/ro\/wp-json\/wp\/v2\/product_tag?post=93044"}],"curies":[{"name":"wp","href":"https:\/\/api.w.org\/{rel}","templated":true}]}}