{"id":93035,"date":"2025-11-21T10:02:10","date_gmt":"2025-11-21T09:02:10","guid":{"rendered":"https:\/\/smania.store\/ro\/produs\/driftracer-mini-masina-de-drift-cu-telecomanda\/"},"modified":"2026-01-10T04:28:02","modified_gmt":"2026-01-10T03:28:02","slug":"driftracer-mini-masina-de-drift-cu-telecomanda","status":"publish","type":"product","link":"https:\/\/smania.store\/ro\/produs\/driftracer-mini-masina-de-drift-cu-telecomanda\/","title":{"rendered":"DriftRacer\u2122 mini ma\u0219in\u0103 de drift cu telecomand\u0103"},"content":{"rendered":"<div class=\"smania_landing_description_title\">NOU: Fascineaz\u0103 cu Vitez\u0103 Miniatural\u0103<\/div>\n<div class=\"smania_landing_description_txt\">Dezv\u0103luie-\u021bi Demonul Vitezei Instantaneu<\/div>\n<div class=\"smania_landing_description_subtitle\">\u00cent\u00e2lne\u0219te DriftRacer\u2122, puterea ta de buzunar construit\u0103 pentru adrenalina pur\u0103! Cu un design elegant \u0219i abilit\u0103\u021bi revolu\u021bionare de drifting, acest mini monstru este perfect fie c\u0103 concurezi pe birou sau afar\u0103. Ac\u021bioneaz\u0103 acum pentru a de\u021bine experien\u021ba suprem\u0103 de curse care se potrive\u0219te \u00een palma ta!<\/div>\n<div class=\"smania_landing_description_list\">\n<ul>\n<li>Dimensiune Mic\u0103, Emo\u021bii Mari: Doar 7.8cm!<\/li>\n<li>Vitez\u0103 Fulger: P\u00e2n\u0103 la 15km\/h<\/li>\n<li>Motor Magnetic: Accelera\u021bie Lin\u0103<\/li>\n<li>St\u0103p\u00e2nire F\u0103r\u0103 Fir: Raz\u0103 de Control de 2.4GHz<\/li>\n<li>\u00cenc\u0103rcare Rapid\u0103: 20 de Minute de Joac\u0103<\/li>\n<li>Pachet Complet: Include Toate Accesoriile<\/li>\n<\/ul><\/div>\n","protected":false},"excerpt":{"rendered":"<p>Design Compact, Dar Puternic|Performan\u021b\u0103 Excep\u021bional\u0103 la Derapaj|Efecte de Iluminare LED Dinamice|\u00cenc\u0103rcare Rapid\u0103 prin USB Simpl\u0103|Dou\u0103 op\u021biuni: Albastru sau alb|Distan\u021ba de control de la distan\u021b\u0103: 20-30 metri|Autonomie: aproximativ 25 de minute|Dimensiuni ma\u0219in\u0103: 3.5 x 7.8 x 2.5 cm|Metod\u0103 de \u00eenc\u0103rcare: port de \u00eenc\u0103rcare Type-C|Pachetul include: 1x ma\u0219in\u0103, 1x telecomand\u0103 2.4G, 1x cablu de \u00eenc\u0103rcare, 4x obstacole, 1x \u0219urubelni\u021b\u0103<\/p>\n","protected":false},"featured_media":93024,"template":"","meta":[],"product_cat":[17],"product_tag":[1273,1268],"acf":[],"_links":{"self":[{"href":"https:\/\/smania.store\/ro\/wp-json\/wp\/v2\/product\/93035"}],"collection":[{"href":"https:\/\/smania.store\/ro\/wp-json\/wp\/v2\/product"}],"about":[{"href":"https:\/\/smania.store\/ro\/wp-json\/wp\/v2\/types\/product"}],"wp:featuredmedia":[{"embeddable":true,"href":"https:\/\/smania.store\/ro\/wp-json\/wp\/v2\/media\/93024"}],"wp:attachment":[{"href":"https:\/\/smania.store\/ro\/wp-json\/wp\/v2\/media?parent=93035"}],"wp:term":[{"taxonomy":"product_cat","embeddable":true,"href":"https:\/\/smania.store\/ro\/wp-json\/wp\/v2\/product_cat?post=93035"},{"taxonomy":"product_tag","embeddable":true,"href":"https:\/\/smania.store\/ro\/wp-json\/wp\/v2\/product_tag?post=93035"}],"curies":[{"name":"wp","href":"https:\/\/api.w.org\/{rel}","templated":true}]}}