{"id":92956,"date":"2025-11-17T07:55:28","date_gmt":"2025-11-17T06:55:28","guid":{"rendered":"https:\/\/smania.store\/ro\/produs\/merryrail-pista-puzzle-de-craciun-cu-tren-electric-25-buc\/"},"modified":"2025-12-25T07:12:02","modified_gmt":"2025-12-25T06:12:02","slug":"merryrail-pista-puzzle-de-craciun-cu-tren-electric-25-buc","status":"publish","type":"product","link":"https:\/\/smania.store\/ro\/produs\/merryrail-pista-puzzle-de-craciun-cu-tren-electric-25-buc\/","title":{"rendered":"MerryRail\u2122 Pist\u0103 puzzle de Cr\u0103ciun cu tren electric &#8211; 25 buc"},"content":{"rendered":"<div class=\"smania_landing_description_title\"> NOU: Dezl\u0103n\u021bui\u021bi creativitatea prin joc! <\/div>\n<div class=\"smania_landing_description_txt\"> Dezl\u0103n\u021bui\u021bi creativitatea de s\u0103rb\u0103tori, potrivit\u0103 pentru sezon! <\/div>\n<div class=\"smania_landing_description_subtitle\"> Preg\u0103te\u0219te-te pentru distrac\u021bia de s\u0103rb\u0103tori cu setul de tren de Cr\u0103ciun MerryRail\u2122 din 25 de piese! Aceast\u0103 juc\u0103rie interactiv\u0103 le permite copiilor s\u0103-\u0219i construiasc\u0103 propriile \u0219ine puzzle pentru un tren electric festiv. Este o modalitate excelent\u0103 pentru micii ingineri de a-\u0219i stimula creativitatea \u0219i abilit\u0103\u021bile logice, \u00een timp ce se bucur\u0103 de timp de joac\u0103 f\u0103r\u0103 sf\u00e2r\u0219it. <\/div>\n<div class=\"smania_landing_description_list\">\n<ul>\n<li>Asambleaz\u0103 diferite \u0219ine de tren cu fiecare asamblare<\/li>\n<li>Tren electric de juc\u0103rie care se plimb\u0103 singur<\/li>\n<li>St\u00e2rne\u0219te creativitatea \u0219i imagina\u021bia<\/li>\n<li>\u00cembun\u0103t\u0103\u021be\u0219te abilit\u0103\u021bile de g\u00e2ndire logic\u0103 \u0219i promoveaz\u0103 dezvoltarea abilit\u0103\u021bilor motorii<\/li>\n<li>Design festiv perfect<\/li>\n<li>Compact \u0219i u\u0219or de depozitat<\/li>\n<\/ul><\/div>\n","protected":false},"excerpt":{"rendered":"<p>Distrac\u021bie pentru copii de la 3 ani \u00een sus|Implic\u0103 mai mul\u021bi copii \u00een acela\u0219i timp \u0219i ofer\u0103 ocazia de a crea leg\u0103turi \u00een familie|Piese de puzzle u\u0219or de asamblat|Forme realiste de vehicule|Include 1\u00d7 tren electric cu baterie AAA (bateria nu este inclus\u0103)|Con\u021bine 25 de piese (12 piese de cale ferat\u0103 + 12 indicatoare rutiere + trenule\u021b)|Dimensiunile produsului: 49.6 cm x 37.7 cm|Piesele de cale ferat\u0103 pot fi asamblate \u00een diferite moduri<\/p>\n","protected":false},"featured_media":92944,"template":"","meta":[],"product_cat":[17],"product_tag":[1272,1268],"acf":[],"_links":{"self":[{"href":"https:\/\/smania.store\/ro\/wp-json\/wp\/v2\/product\/92956"}],"collection":[{"href":"https:\/\/smania.store\/ro\/wp-json\/wp\/v2\/product"}],"about":[{"href":"https:\/\/smania.store\/ro\/wp-json\/wp\/v2\/types\/product"}],"wp:featuredmedia":[{"embeddable":true,"href":"https:\/\/smania.store\/ro\/wp-json\/wp\/v2\/media\/92944"}],"wp:attachment":[{"href":"https:\/\/smania.store\/ro\/wp-json\/wp\/v2\/media?parent=92956"}],"wp:term":[{"taxonomy":"product_cat","embeddable":true,"href":"https:\/\/smania.store\/ro\/wp-json\/wp\/v2\/product_cat?post=92956"},{"taxonomy":"product_tag","embeddable":true,"href":"https:\/\/smania.store\/ro\/wp-json\/wp\/v2\/product_tag?post=92956"}],"curies":[{"name":"wp","href":"https:\/\/api.w.org\/{rel}","templated":true}]}}