{"id":92937,"date":"2025-11-17T07:33:33","date_gmt":"2025-11-17T06:33:33","guid":{"rendered":"https:\/\/smania.store\/ro\/produs\/powercrew-masina-de-constructii-electrica-cu-telecomanda\/"},"modified":"2026-04-10T15:59:43","modified_gmt":"2026-04-10T13:59:43","slug":"powercrew-masina-de-constructii-electrica-cu-telecomanda","status":"publish","type":"product","link":"https:\/\/smania.store\/ro\/produs\/powercrew-masina-de-constructii-electrica-cu-telecomanda\/","title":{"rendered":"PowerCrew\u2122 Ma\u0219in\u0103 de construc\u021bii electric\u0103 cu telecomand\u0103"},"content":{"rendered":"<div class=\"smania_landing_description_title\">NOU: St\u0103p\u00e2ne\u0219te terenul oriunde<\/div>\n<div class=\"smania_landing_description_txt\">Camion basculant\u0103. Buldozer. Excavator. Construie\u0219te distrac\u021bia!<\/div>\n<div class=\"smania_landing_description_subtitle\">Preia controlul ac\u021biunii cu PowerCrew\u2122 &#8211; cea mai tare flot\u0103 de construc\u021bii cu telecomand\u0103! Alege \u00eentre puternicul Dump Truck, neopritul Bulldozer sau puternicul Excavator \u0219i adu energie real\u0103 de \u0219antier \u00een timpul t\u0103u de joac\u0103. Perfect pentru nisip, p\u0103m\u00e2nt sau aventuri \u00een curtea din spate.<\/div>\n<div class=\"smania_landing_description_list\">\n<ul>\n<li>Construc\u021bie robust\u0103 pentru toate tipurile de terenuri<\/li>\n<li>Telecomand\u0103 ultrar\u0103spunz\u0103toare<\/li>\n<li>3 modele unice de colec\u021bionat<\/li>\n<li>Putere re\u00eenc\u0103rcabil\u0103 de lung\u0103 durat\u0103<\/li>\n<li>Stimuleaz\u0103 creativitatea \u0219i coordonarea<\/li>\n<\/ul><\/div>\n","protected":false},"excerpt":{"rendered":"<p>Construit pentru ac\u021biune pe nisip \u0219i sol|Realism detaliat \u00een fiecare model|Sigur \u0219i durabil pentru o joac\u0103 f\u0103r\u0103 sf\u00e2r\u0219it|Dimensiune ideal\u0103 pentru aventurile de interior|\u00cenlocuire f\u0103r\u0103 probleme a bateriei|Potrivit pentru v\u00e2rste: 3+|Timp de \u00eenc\u0103rcare: 1-2 ore|Distan\u021ba la distan\u021b\u0103: aproximativ 30-40 de metri|Bateria vehiculului: 3.7V 500 mAh baterie re\u00eenc\u0103rcabil\u0103 cu litiu|Pachetul include: 1 \u00d7 vehicul RC, 1 \u00d7 telecomand\u0103 2.4GHz (2 baterii AA necesare), 1 \u00d7 cablu de \u00eenc\u0103rcare USB 3.7V, 1 x baterie 500mAh, 1 \u00d7 manual de utilizare, 1 \u00d7 \u0219urubelni\u021b\u0103<\/p>\n","protected":false},"featured_media":92926,"template":"","meta":[],"product_cat":[17],"product_tag":[1273,1268],"acf":[],"_links":{"self":[{"href":"https:\/\/smania.store\/ro\/wp-json\/wp\/v2\/product\/92937"}],"collection":[{"href":"https:\/\/smania.store\/ro\/wp-json\/wp\/v2\/product"}],"about":[{"href":"https:\/\/smania.store\/ro\/wp-json\/wp\/v2\/types\/product"}],"wp:featuredmedia":[{"embeddable":true,"href":"https:\/\/smania.store\/ro\/wp-json\/wp\/v2\/media\/92926"}],"wp:attachment":[{"href":"https:\/\/smania.store\/ro\/wp-json\/wp\/v2\/media?parent=92937"}],"wp:term":[{"taxonomy":"product_cat","embeddable":true,"href":"https:\/\/smania.store\/ro\/wp-json\/wp\/v2\/product_cat?post=92937"},{"taxonomy":"product_tag","embeddable":true,"href":"https:\/\/smania.store\/ro\/wp-json\/wp\/v2\/product_tag?post=92937"}],"curies":[{"name":"wp","href":"https:\/\/api.w.org\/{rel}","templated":true}]}}