{"id":92920,"date":"2025-11-17T07:27:22","date_gmt":"2025-11-17T06:27:22","guid":{"rendered":"https:\/\/smania.store\/ro\/produs\/minetorch-lampa-de-perete-led-reincarcabila-cu-7-culori\/"},"modified":"2025-12-15T10:56:53","modified_gmt":"2025-12-15T09:56:53","slug":"minetorch-lampa-de-perete-led-reincarcabila-cu-7-culori","status":"publish","type":"product","link":"https:\/\/smania.store\/ro\/produs\/minetorch-lampa-de-perete-led-reincarcabila-cu-7-culori\/","title":{"rendered":"MineTorch\u2122 lamp\u0103 de perete LED re\u00eenc\u0103rcabil\u0103 cu 7 culori"},"content":{"rendered":"<div class=\"smania_landing_description_title\">NOU \u2013 7 Culori cu Lumin\u0103 \u0219i Re\u00eenc\u0103rcabil<\/div>\n<div class=\"smania_landing_description_txt\">Transform\u0103-\u021bi spa\u021biul \u00eentr-un vis de gaming<\/div>\n<div class=\"smania_landing_description_subtitle\">\u00cent\u00e2lni\u021bi MineTorch, o lumin\u0103 versatil\u0103, re\u00eenc\u0103rcabil\u0103, cu un design elegant \u0219i portabil. Perfect\u0103 pentru a crea atmosfera \u00een orice camer\u0103, poate schimba culorile pentru a se potrivi oric\u0103rei ocazii \u0219i este ideal\u0103 pentru utilizare acas\u0103, \u00een c\u0103l\u0103torii sau ca cadou.<\/div>\n<div class=\"smania_landing_description_list\">\n<ul>\n<li>7 culori str\u0103lucitoare pentru a se potrivi st\u0103rii tale de spirit <\/li>\n<li>Poate fi folosit ca m\u00e2n\u0103, montat pe perete sau \u00een picioare <\/li>\n<li>Bucur\u0103-te de p\u00e2n\u0103 la 8 ore de lumin\u0103 cu o singur\u0103 \u00eenc\u0103rcare <\/li>\n<li>Se \u00eencarc\u0103 complet \u00een 3,5 ore <\/li>\n<li>Cadou ideal pentru fanii jocurilor<\/li>\n<\/ul><\/div>\n","protected":false},"excerpt":{"rendered":"<p>Moduri vibrante de schimbare a culorilor |Lumin\u0103 ambiental\u0103 lini\u0219titoare, non-intruziv\u0103 |Plastic de \u00eenalt\u0103 calitate, durabil |Design prietenos cu copiii|Dimensiuni produs: 28 cm x 5.5 cm |\u00cenc\u0103rcare: cablu USB-C (inclus) |Culori \u00eentre care po\u021bi comuta: ro\u0219u, verde, albastru, galben, mov, albastru deschis, roz |Echipat cu o deschidere pentru montare u\u0219oar\u0103 pe perete<\/p>\n","protected":false},"featured_media":92908,"template":"","meta":[],"product_cat":[16,17],"product_tag":[1270,1259,1268],"acf":[],"_links":{"self":[{"href":"https:\/\/smania.store\/ro\/wp-json\/wp\/v2\/product\/92920"}],"collection":[{"href":"https:\/\/smania.store\/ro\/wp-json\/wp\/v2\/product"}],"about":[{"href":"https:\/\/smania.store\/ro\/wp-json\/wp\/v2\/types\/product"}],"wp:featuredmedia":[{"embeddable":true,"href":"https:\/\/smania.store\/ro\/wp-json\/wp\/v2\/media\/92908"}],"wp:attachment":[{"href":"https:\/\/smania.store\/ro\/wp-json\/wp\/v2\/media?parent=92920"}],"wp:term":[{"taxonomy":"product_cat","embeddable":true,"href":"https:\/\/smania.store\/ro\/wp-json\/wp\/v2\/product_cat?post=92920"},{"taxonomy":"product_tag","embeddable":true,"href":"https:\/\/smania.store\/ro\/wp-json\/wp\/v2\/product_tag?post=92920"}],"curies":[{"name":"wp","href":"https:\/\/api.w.org\/{rel}","templated":true}]}}