{"id":92718,"date":"2025-11-06T14:04:49","date_gmt":"2025-11-06T13:04:49","guid":{"rendered":"https:\/\/smania.store\/ro\/produs\/montekiddo-set-de-masa-din-lemn-pentru-copii-mici\/"},"modified":"2026-04-17T14:58:49","modified_gmt":"2026-04-17T12:58:49","slug":"montekiddo-set-de-masa-din-lemn-pentru-copii-mici","status":"publish","type":"product","link":"https:\/\/smania.store\/ro\/produs\/montekiddo-set-de-masa-din-lemn-pentru-copii-mici\/","title":{"rendered":"MonteKiddo\u2122 set de mas\u0103 din lemn pentru copii mici"},"content":{"rendered":"<div class=\"smania_landing_description_title\">NOU! Set de mobilier 3 \u00een 1 pentru copii<\/div>\n<div class=\"smania_landing_description_txt\">M\u00e2nu\u021be mici, vise mari!<\/div>\n<div class=\"smania_landing_description_subtitle\"> Oferi\u021bi copilului dumneavoastr\u0103 un loc perfect unde s\u0103 stea, s\u0103 se joace, s\u0103 deseneze \u0219i s\u0103 se dezvolte. Setul de mas\u0103 din lemn MonteKiddo\u2122 a fost creat pentru copiii mici curio\u0219i \u0219i este conceput s\u0103 evolueze \u00eempreun\u0103 cu fiecare etap\u0103 \u2013 de la primii pa\u0219i nesiguri p\u00e2n\u0103 la creativitate \u00eencrez\u0103toare. Include t\u0103vi\u021be mici de depozitare \u2013 perfecte pentru creioane, carioci \u0219i mici comori.<\/div>\n<div class=\"smania_landing_description_list\">\n<ul>\n<li>Se poate transforma \u00een scaun, mas\u0103, treapt\u0103 \u0219i altele<\/li>\n<li>\u00cencurajeaz\u0103 independen\u021ba \u0219i \u00eenv\u0103\u021barea<\/li>\n<li>Cu t\u0103vi\u021be mici pentru creioane, carioci \u0219i obiecte mici<\/li>\n<li>Cre\u0219te odat\u0103 cu copilul ((9 luni \u2013 6 ani))<\/li>\n<li>Sigur, durabil \u0219i inspirat de metoda Montessori<\/li>\n<li>Asamblare simpl\u0103, f\u0103r\u0103 unelte<\/li>\n<\/ul><\/div>\n","protected":false},"excerpt":{"rendered":"<p>Design u\u0219or de rotit \u0219i \u00eentors|Perfect pentru spa\u021bii mici|Adaug\u0103 stil camerei copilului|\u00cencurajeaz\u0103 joaca independent\u0103|Piesa 1: 36 \u00d7 33 \u00d7 38 cm|Piesa 2: 30 \u00d7 28 \u00d7 31 cm|Material: 100% lemn natural de cauciuc|V\u00e2rsta recomandat\u0103: 9 luni &#8211; 6 ani<\/p>\n","protected":false},"featured_media":92708,"template":"","meta":[],"product_cat":[17],"product_tag":[1273],"acf":[],"_links":{"self":[{"href":"https:\/\/smania.store\/ro\/wp-json\/wp\/v2\/product\/92718"}],"collection":[{"href":"https:\/\/smania.store\/ro\/wp-json\/wp\/v2\/product"}],"about":[{"href":"https:\/\/smania.store\/ro\/wp-json\/wp\/v2\/types\/product"}],"wp:featuredmedia":[{"embeddable":true,"href":"https:\/\/smania.store\/ro\/wp-json\/wp\/v2\/media\/92708"}],"wp:attachment":[{"href":"https:\/\/smania.store\/ro\/wp-json\/wp\/v2\/media?parent=92718"}],"wp:term":[{"taxonomy":"product_cat","embeddable":true,"href":"https:\/\/smania.store\/ro\/wp-json\/wp\/v2\/product_cat?post=92718"},{"taxonomy":"product_tag","embeddable":true,"href":"https:\/\/smania.store\/ro\/wp-json\/wp\/v2\/product_tag?post=92718"}],"curies":[{"name":"wp","href":"https:\/\/api.w.org\/{rel}","templated":true}]}}