{"id":92700,"date":"2025-11-06T07:29:47","date_gmt":"2025-11-06T06:29:47","guid":{"rendered":"https:\/\/smania.store\/ro\/produs\/merrypine-pom-de-craciun-pliabil-pre-decorat\/"},"modified":"2025-12-10T20:13:01","modified_gmt":"2025-12-10T19:13:01","slug":"merrypine-pom-de-craciun-pliabil-pre-decorat","status":"publish","type":"product","link":"https:\/\/smania.store\/ro\/produs\/merrypine-pom-de-craciun-pliabil-pre-decorat\/","title":{"rendered":"MerryPine\u2122 Pom de Cr\u0103ciun pliabil pre-decorat"},"content":{"rendered":"<div class=\"smania_landing_description_title\">NOU! Magie instantanee de s\u0103rb\u0103tori \u00een c\u00e2teva minute<\/div>\n<div class=\"smania_landing_description_txt\">Magia Cr\u0103ciunului \u00eentr-un minut &#8211; F\u0103r\u0103 complica\u021bii, doar bucurie<\/div>\n<div class=\"smania_landing_description_subtitle\">Bucura\u021bi-v\u0103 de un brad frumos decorat f\u0103r\u0103 s\u0103 ridica\u021bi un deget. MerryPine\u2122 se deschide \u00een c\u00e2teva secunde, complet cu ornamente frumoase, panglici, funde, frunze, poinsettias \u0219i lumini LED, f\u0103c\u00e2nd decorarea de s\u0103rb\u0103tori f\u0103r\u0103 efort \u0219i f\u0103r\u0103 stres.<\/div>\n<div class=\"smania_landing_description_list\">\n<ul>\n<li>Design pop-up rapid &#8211; asamblare \u00een mai pu\u021bin de un minut<\/li>\n<li>Lumini LED controlate de la distan\u021b\u0103 &#8211; nu este nevoie s\u0103 v\u0103 apleca\u021bi sau s\u0103 v\u0103 \u00eentinde\u021bi<\/li>\n<li>Pre-decorat cu ornamente, panglici, funde &#8211; economisi\u021bi timp la decorare<\/li>\n<li>PVC durabil, inodor &#8211; sigur pentru copii \u0219i animale de companie<\/li>\n<li>Perfect pentru utilizare \u00een interior \u0219i exterior &#8211; sufragerie, verand\u0103, birou sau teras\u0103<\/li>\n<li>Ideal pentru persoanele \u00een v\u00e2rst\u0103 &#8211; elimin\u0103 asamblarea complicat\u0103<\/li>\n<\/ul><\/div>\n","protected":false},"excerpt":{"rendered":"<p>Configurare rapid\u0103|Telecomand\u0103|Pre-decorat|Durabil \u0219i sigur|Culori: Ro\u0219u\/dorat, argintiu|\u00cen\u0103l\u021bime: 180 cm|Lumini LED: alb cald|Material: PVC, non-toxic \u0219i durabil<\/p>\n","protected":false},"featured_media":92689,"template":"","meta":[],"product_cat":[16,21],"product_tag":[2170,1270],"acf":[],"_links":{"self":[{"href":"https:\/\/smania.store\/ro\/wp-json\/wp\/v2\/product\/92700"}],"collection":[{"href":"https:\/\/smania.store\/ro\/wp-json\/wp\/v2\/product"}],"about":[{"href":"https:\/\/smania.store\/ro\/wp-json\/wp\/v2\/types\/product"}],"wp:featuredmedia":[{"embeddable":true,"href":"https:\/\/smania.store\/ro\/wp-json\/wp\/v2\/media\/92689"}],"wp:attachment":[{"href":"https:\/\/smania.store\/ro\/wp-json\/wp\/v2\/media?parent=92700"}],"wp:term":[{"taxonomy":"product_cat","embeddable":true,"href":"https:\/\/smania.store\/ro\/wp-json\/wp\/v2\/product_cat?post=92700"},{"taxonomy":"product_tag","embeddable":true,"href":"https:\/\/smania.store\/ro\/wp-json\/wp\/v2\/product_tag?post=92700"}],"curies":[{"name":"wp","href":"https:\/\/api.w.org\/{rel}","templated":true}]}}