{"id":92506,"date":"2025-10-28T12:12:50","date_gmt":"2025-10-28T11:12:50","guid":{"rendered":"https:\/\/smania.store\/ro\/produs\/dreammill-desktop-led-fantana-cu-moara-de-apa\/"},"modified":"2026-04-25T18:41:11","modified_gmt":"2026-04-25T16:41:11","slug":"dreammill-desktop-led-fantana-cu-moara-de-apa","status":"publish","type":"product","link":"https:\/\/smania.store\/ro\/produs\/dreammill-desktop-led-fantana-cu-moara-de-apa\/","title":{"rendered":"DreamMill\u2122 desktop LED f\u00e2nt\u00e2n\u0103 cu moar\u0103 de ap\u0103"},"content":{"rendered":"<div class=\"smania_landing_description_title\">NOU: Aduce natura \u00een spa\u021biul t\u0103u<\/div>\n<div class=\"smania_landing_description_txt\">Transforma\u021bi-v\u0103 spa\u021biul cu Tranquility<\/div>\n<div class=\"smania_landing_description_subtitle\"> \u00cembun\u0103t\u0103\u021bi\u021bi-v\u0103 casa sau biroul cu sunetele lini\u0219titoare ale apei \u00een cascad\u0103 \u0219i str\u0103lucirea bl\u00e2nd\u0103 a unei lumini de noapte, concepute pentru a alunga stresul \u0219i a crea un sanctuar senin. Perfect pentru orice spa\u021biu, designul compact asigur\u0103 c\u0103 lini\u0219tea este \u00eentotdeauna la \u00eendem\u00e2n\u0103. <\/div>\n<div class=\"smania_landing_description_list\">\n<ul>\n<li>Relaxare natural\u0103 la domiciliu<\/li>\n<li>Eliberarea stresului prin fluxuri bl\u00e2nde<\/li>\n<li>\u00cembun\u0103t\u0103\u021be\u0219te decorul cu elegan\u021b\u0103<\/li>\n<li>Alung\u0103 tensiunile zilnice<\/li>\n<li>Creeaz\u0103 o atmosfer\u0103 lini\u0219titoare, lipsit\u0103 de stres<\/li>\n<li>Alegerea ideal\u0103 de cadou pentru cei dragi<\/li>\n<\/ul><\/div>\n","protected":false},"excerpt":{"rendered":"<p>Fabricat din r\u0103\u0219in\u0103 durabil\u0103, de \u00eenalt\u0103 calitate|Dimensiunea compact\u0103 se potrive\u0219te oric\u0103rei mese|Iluminare bl\u00e2nd\u0103 pentru o ambian\u021b\u0103 lini\u0219titoare|Dimensiuni: 28 x 26 x 19 cm|Greutate: 1,30 kg|Material: R\u0103\u0219in\u0103 de \u00eenalt\u0103 calitate, durabil\u0103<\/p>\n","protected":false},"featured_media":92495,"template":"","meta":[],"product_cat":[16],"product_tag":[1270],"acf":[],"_links":{"self":[{"href":"https:\/\/smania.store\/ro\/wp-json\/wp\/v2\/product\/92506"}],"collection":[{"href":"https:\/\/smania.store\/ro\/wp-json\/wp\/v2\/product"}],"about":[{"href":"https:\/\/smania.store\/ro\/wp-json\/wp\/v2\/types\/product"}],"wp:featuredmedia":[{"embeddable":true,"href":"https:\/\/smania.store\/ro\/wp-json\/wp\/v2\/media\/92495"}],"wp:attachment":[{"href":"https:\/\/smania.store\/ro\/wp-json\/wp\/v2\/media?parent=92506"}],"wp:term":[{"taxonomy":"product_cat","embeddable":true,"href":"https:\/\/smania.store\/ro\/wp-json\/wp\/v2\/product_cat?post=92506"},{"taxonomy":"product_tag","embeddable":true,"href":"https:\/\/smania.store\/ro\/wp-json\/wp\/v2\/product_tag?post=92506"}],"curies":[{"name":"wp","href":"https:\/\/api.w.org\/{rel}","templated":true}]}}