{"id":92494,"date":"2025-10-28T12:02:16","date_gmt":"2025-10-28T11:02:16","guid":{"rendered":"https:\/\/smania.store\/ro\/produs\/foldtub-cada-pliabila-portabila-izolata\/"},"modified":"2026-03-28T11:06:28","modified_gmt":"2026-03-28T10:06:28","slug":"foldtub-cada-pliabila-portabila-izolata","status":"publish","type":"product","link":"https:\/\/smania.store\/ro\/produs\/foldtub-cada-pliabila-portabila-izolata\/","title":{"rendered":"FoldTub\u2122 Cad\u0103 Pliabil\u0103 Portabil\u0103 Izolat\u0103"},"content":{"rendered":"<div class=\"smania_landing_description_title\">NOU: Transform\u0103 baia f\u0103r\u0103 efort<\/div>\n<div class=\"smania_landing_description_txt\">Ridic\u0103 experien\u021ba b\u0103ii tale \u00een c\u00e2teva secunde!<\/div>\n<div class=\"smania_landing_description_subtitle\">\u00cembun\u0103t\u0103\u021be\u0219te-\u021bi momentele de relaxare cu FoldTub\u2122 Cad\u0103 Pliabil\u0103 Portabil\u0103 Izolat\u0103! F\u0103r\u0103 instruc\u021biuni complicate \u2013 desf\u0103-o \u00een doar c\u00e2teva secunde \u0219i cufund\u0103-te \u00eentr-o lume de confort.<\/div>\n<div class=\"smania_landing_description_list\">\n<ul>\n<li>Instalare rapid\u0103 \u00een mai pu\u021bin de 5 secunde<\/li>\n<li>Design pliabil care economise\u0219te spa\u021biu<\/li>\n<li>P\u0103streaz\u0103 temperatura p\u00e2n\u0103 la 2 ore<\/li>\n<li>Materiale premium pentru durabilitate \u00eendelungat\u0103<\/li>\n<li>Eco-friendly, cu bumbac perlat ce p\u0103streaz\u0103 c\u0103ldura<\/li>\n<li>Versatil\u0103: baie de \u00eenmuiere, baie cu ghea\u021b\u0103, piscin\u0103 pentru copii<\/li>\n<\/ul><\/div>\n","protected":false},"excerpt":{"rendered":"<p>Montare rapid\u0103 \u0219i u\u0219oar\u0103|Sistem dublu de scurgere eficient|P\u0103streaz\u0103 temperatura p\u00e2n\u0103 la 2 ore|Ideal\u0103 pentru relaxare \u0219i terapie rece|Perfect\u0103 pentru utilizare interioar\u0103 \u0219i exterioar\u0103|Culoare: Albastru Stelar|Material: Bumbac Perlat + PVC|Dimensiuni: 70 x 65 cm|Greutate: 3,1 kg|Mod de instalare: Independent<\/p>\n","protected":false},"featured_media":92481,"template":"","meta":[],"product_cat":[16,21],"product_tag":[1269,1241],"acf":[],"_links":{"self":[{"href":"https:\/\/smania.store\/ro\/wp-json\/wp\/v2\/product\/92494"}],"collection":[{"href":"https:\/\/smania.store\/ro\/wp-json\/wp\/v2\/product"}],"about":[{"href":"https:\/\/smania.store\/ro\/wp-json\/wp\/v2\/types\/product"}],"wp:featuredmedia":[{"embeddable":true,"href":"https:\/\/smania.store\/ro\/wp-json\/wp\/v2\/media\/92481"}],"wp:attachment":[{"href":"https:\/\/smania.store\/ro\/wp-json\/wp\/v2\/media?parent=92494"}],"wp:term":[{"taxonomy":"product_cat","embeddable":true,"href":"https:\/\/smania.store\/ro\/wp-json\/wp\/v2\/product_cat?post=92494"},{"taxonomy":"product_tag","embeddable":true,"href":"https:\/\/smania.store\/ro\/wp-json\/wp\/v2\/product_tag?post=92494"}],"curies":[{"name":"wp","href":"https:\/\/api.w.org\/{rel}","templated":true}]}}