{"id":92273,"date":"2025-10-21T11:58:18","date_gmt":"2025-10-21T09:58:18","guid":{"rendered":"https:\/\/smania.store\/ro\/produs\/pawfort-cusca-multifunctionala-pentru-caini\/"},"modified":"2026-05-06T14:26:07","modified_gmt":"2026-05-06T12:26:07","slug":"pawfort-cusca-multifunctionala-pentru-caini","status":"publish","type":"product","link":"https:\/\/smania.store\/ro\/produs\/pawfort-cusca-multifunctionala-pentru-caini\/","title":{"rendered":"PawFort\u2122 cu\u0219c\u0103 multifunc\u021bional\u0103 pentru c\u00e2ini"},"content":{"rendered":"<div class=\"smania_landing_description_title\">NOU: Spa\u021biu sigur pentru animalul t\u0103u de companie<\/div>\n<div class=\"smania_landing_description_txt\">Nu este doar o cu\u0219c\u0103 \u2014 este locul lor sigur<\/div>\n<div class=\"smania_landing_description_subtitle\">Creat\u0103 pentru confort, construit\u0103 pentru flexibilitate \u2014 PawFort\u2122 func\u021bioneaz\u0103 ca o cu\u0219c\u0103, \u021barc sau refugiu sigur acas\u0103 \u0219i \u00een deplasare. Fie c\u0103 este pentru somn, c\u0103l\u0103torii sau momente de lini\u0219te, se adapteaz\u0103 vie\u021bii c\u00e2inelui t\u0103u, nu invers.<\/div>\n<div class=\"smania_landing_description_list\">\n<ul>\n<li>Spa\u021biu confortabil \u0219i sigur pentru c\u00e2ini de toate dimensiunile<\/li>\n<li>Utilizare 3-\u00een-1: cu\u0219c\u0103, \u021barc sau spa\u021biu deschis<\/li>\n<li>Panourile modulare permit personalizarea formei \u0219i dimensiunii<\/li>\n<li>Pozi\u021bie ajustabil\u0103 a u\u0219ii \u0219i capac superior deta\u0219abil<\/li>\n<li>Construc\u021bie durabil\u0103 din o\u021bel, u\u0219or de mutat<\/li>\n<li>Design simplu care se pliaz\u0103 \u0219i se depoziteaz\u0103 u\u0219or<\/li>\n<\/ul><\/div>\n","protected":false},"excerpt":{"rendered":"<p>Potrivit\u0103 pentru c\u00e2ini, iepuri sau animale mici|Capacul superior este u\u0219or deta\u0219abil|Pozi\u021bia u\u0219ii ajustabil\u0103 \u00een timpul asambl\u0103rii|Asamblare rapid\u0103 cu unelte simple|Culoare: Negru|Dimensiune: 140 \u00d7 70 \u00d7 80 cm|Material: O\u021bel acoperit cu pulbere|U\u0219oar\u0103 \u0219i u\u0219or de mutat<\/p>\n","protected":false},"featured_media":92264,"template":"","meta":[],"product_cat":[16,20],"product_tag":[1241],"acf":[],"_links":{"self":[{"href":"https:\/\/smania.store\/ro\/wp-json\/wp\/v2\/product\/92273"}],"collection":[{"href":"https:\/\/smania.store\/ro\/wp-json\/wp\/v2\/product"}],"about":[{"href":"https:\/\/smania.store\/ro\/wp-json\/wp\/v2\/types\/product"}],"wp:featuredmedia":[{"embeddable":true,"href":"https:\/\/smania.store\/ro\/wp-json\/wp\/v2\/media\/92264"}],"wp:attachment":[{"href":"https:\/\/smania.store\/ro\/wp-json\/wp\/v2\/media?parent=92273"}],"wp:term":[{"taxonomy":"product_cat","embeddable":true,"href":"https:\/\/smania.store\/ro\/wp-json\/wp\/v2\/product_cat?post=92273"},{"taxonomy":"product_tag","embeddable":true,"href":"https:\/\/smania.store\/ro\/wp-json\/wp\/v2\/product_tag?post=92273"}],"curies":[{"name":"wp","href":"https:\/\/api.w.org\/{rel}","templated":true}]}}