{"id":92260,"date":"2025-10-21T08:54:34","date_gmt":"2025-10-21T06:54:34","guid":{"rendered":"https:\/\/smania.store\/ro\/produs\/detergent-pentru-spuma-foamclear\/"},"modified":"2026-03-22T17:18:40","modified_gmt":"2026-03-22T16:18:40","slug":"detergent-pentru-spuma-foamclear","status":"publish","type":"product","link":"https:\/\/smania.store\/ro\/produs\/detergent-pentru-spuma-foamclear\/","title":{"rendered":"Detergent pentru spum\u0103 FoamClear"},"content":{"rendered":"<div class=\"smania_landing_description_title\">NOU! Un detergent magic pentru ma\u0219ina \u0219i casa dvs<\/div>\n<div class=\"smania_landing_description_txt\">Pulveriza\u021bi, \u0219terge\u021bi \u0219i murd\u0103ria dispare!<\/div>\n<div class=\"smania_landing_description_subtitle\">FoamClear este o spum\u0103 puternic\u0103 de cur\u0103\u021bare all-in-one conceput\u0103 pentru o cur\u0103\u021bare rapid\u0103 \u0219i f\u0103r\u0103 efort oriunde &#8211; acas\u0103, \u00een ma\u0219in\u0103 sau la birou. \u00cendep\u0103rteaz\u0103 eficient gr\u0103simea, murd\u0103ria \u0219i petele persistente, \u00een timp ce \u00eemprosp\u0103teaz\u0103 \u0219i protejeaz\u0103 suprafe\u021bele.<\/div>\n<div class=\"smania_landing_description_list\">\n<ul>\n<li>Putere multifunc\u021bional\u0103: Perfect pentru cur\u0103\u021barea tuturor tipurilor de suprafe\u021be &#8211; plastic, piele, vinil, cauciuc, \u021bes\u0103turi, tapi\u021berii, blaturi de buc\u0103t\u0103rie, gresie baie \u0219i multe altele.<\/li>\n<li>Formul\u0103 de cur\u0103\u021bare \u00een profunzime: P\u0103trunde ad\u00e2nc pentru a \u00eendep\u0103rta gr\u0103simea, uleiul \u0219i petele dificile pentru o cur\u0103\u021bare complet\u0103 \u0219i de durat\u0103.<\/li>\n<li>Sigur \u0219i delicat: Neabraziv \u0219i sigur pentru m\u00e2ini &#8211; rezistent la murd\u0103rie, dar bl\u00e2nd cu pielea \u0219i suprafe\u021bele dumneavoastr\u0103.<\/li>\n<li>U\u0219or de utilizat: Pur \u0219i simplu pulveriza\u021bi, \u0219terge\u021bi cu un burete sau o c\u00e2rp\u0103 \u0219i bucura\u021bi-v\u0103 de o suprafa\u021b\u0103 proasp\u0103t\u0103 \u0219i curat\u0103 &#8211; nu este necesar\u0103 cl\u0103tirea.<\/li>\n<li>Protec\u021bie de lung\u0103 durat\u0103: Formeaz\u0103 un strat protector care rezist\u0103 acumul\u0103rii de praf \u0219i deterior\u0103rii cauzate de razele UV, men\u021bin\u00e2nd suprafe\u021bele cu un aspect nou mai mult timp.<\/li>\n<\/ul><\/div>\n","protected":false},"excerpt":{"rendered":"<p>Cur\u0103\u021bare eficient\u0103 pentru uz casnic sau auto.|Ajut\u0103 la prevenirea decolor\u0103rii, cr\u0103p\u0103rii \u0219i \u00eemb\u0103tr\u00e2nirii pe o mare varietate de materiale.|Ob\u021bine\u021bi o cur\u0103\u021bare impecabil\u0103 \u00een c\u00e2teva secunde &#8211; doar pulveriza\u021bi \u0219i \u0219terge\u021bi!|Include o perie \u00eencorporat\u0103 pentru \u00eendep\u0103rtarea murd\u0103riei \u00eenc\u0103p\u0103\u021b\u00e2nate \u0219i a prafului.|Potrivit pentru: plastic, piele, vinil, cauciuc, \u021bes\u0103turi, covoare, aparate de buc\u0103t\u0103rie, instala\u021bii sanitare \u0219i multe altele|Volum: 650 ml|Perioada de valabilitate: 3 ani|Protec\u021bie UV \u00eencorporat\u0103<\/p>\n","protected":false},"featured_media":92238,"template":"","meta":[],"product_cat":[18,223,2366],"product_tag":[1274,2367],"acf":[],"_links":{"self":[{"href":"https:\/\/smania.store\/ro\/wp-json\/wp\/v2\/product\/92260"}],"collection":[{"href":"https:\/\/smania.store\/ro\/wp-json\/wp\/v2\/product"}],"about":[{"href":"https:\/\/smania.store\/ro\/wp-json\/wp\/v2\/types\/product"}],"wp:featuredmedia":[{"embeddable":true,"href":"https:\/\/smania.store\/ro\/wp-json\/wp\/v2\/media\/92238"}],"wp:attachment":[{"href":"https:\/\/smania.store\/ro\/wp-json\/wp\/v2\/media?parent=92260"}],"wp:term":[{"taxonomy":"product_cat","embeddable":true,"href":"https:\/\/smania.store\/ro\/wp-json\/wp\/v2\/product_cat?post=92260"},{"taxonomy":"product_tag","embeddable":true,"href":"https:\/\/smania.store\/ro\/wp-json\/wp\/v2\/product_tag?post=92260"}],"curies":[{"name":"wp","href":"https:\/\/api.w.org\/{rel}","templated":true}]}}