{"id":92235,"date":"2025-10-21T07:42:42","date_gmt":"2025-10-21T05:42:42","guid":{"rendered":"https:\/\/smania.store\/ro\/produs\/nutcracker-2-in-1-deschizator-de-castane-si-nuci\/"},"modified":"2026-04-14T08:14:42","modified_gmt":"2026-04-14T06:14:42","slug":"nutcracker-2-in-1-deschizator-de-castane-si-nuci","status":"publish","type":"product","link":"https:\/\/smania.store\/ro\/produs\/nutcracker-2-in-1-deschizator-de-castane-si-nuci\/","title":{"rendered":"NutCracker\u2122 2 \u00een 1 deschiz\u0103tor de castane \u0219i nuci"},"content":{"rendered":"<div class=\"smania_landing_description_title\">NOU: Unealt\u0103 de spart nuci f\u0103r\u0103 efort<\/div>\n<div class=\"smania_landing_description_txt\">Cracare f\u0103r\u0103 efort \u00een c\u00e2teva secunde!<\/div>\n<div class=\"smania_landing_description_subtitle\">V\u0103 prezent\u0103m NutCracker\u2122 &#8211; cel mai bun sp\u0103rg\u0103tor de nuci pe care \u00eel a\u0219tepta\u021bi! Spune\u021bi adio cojilor \u00eenc\u0103p\u0103\u021b\u00e2nate \u0219i bun\u0103 ziua nucilor delicioase \u00een c\u00e2teva secunde.<\/div>\n<div class=\"smania_landing_description_list\">\n<ul>\n<li>Forma conic\u0103 se potrive\u0219te tuturor piuli\u021belor<\/li>\n<li>Construc\u021bie din o\u021bel inoxidabil de \u00eenalt\u0103 calitate<\/li>\n<li>Design ergonomic \u00eenc\u0103rcat cu arc<\/li>\n<li>M\u00e2ner anti-alunecare pentru o prindere sigur\u0103<\/li>\n<li>Designul cu p\u00e2rghie economise\u0219te efortul<\/li>\n<\/ul><\/div>\n","protected":false},"excerpt":{"rendered":"<p>Design dintr-o singur\u0103 bucat\u0103 f\u0103r\u0103 sudur\u0103|Rezistent la rugin\u0103 \u0219i coroziune|Perfect pentru toate piuli\u021bele|Cracare rapid\u0103 \u0219i u\u0219oar\u0103|Culoare: Argint|Greutate: 200 g|Lungime: 21 cm|Material: O\u021bel inoxidabil<\/p>\n","protected":false},"featured_media":92223,"template":"","meta":[],"product_cat":[223],"product_tag":[1244],"acf":[],"_links":{"self":[{"href":"https:\/\/smania.store\/ro\/wp-json\/wp\/v2\/product\/92235"}],"collection":[{"href":"https:\/\/smania.store\/ro\/wp-json\/wp\/v2\/product"}],"about":[{"href":"https:\/\/smania.store\/ro\/wp-json\/wp\/v2\/types\/product"}],"wp:featuredmedia":[{"embeddable":true,"href":"https:\/\/smania.store\/ro\/wp-json\/wp\/v2\/media\/92223"}],"wp:attachment":[{"href":"https:\/\/smania.store\/ro\/wp-json\/wp\/v2\/media?parent=92235"}],"wp:term":[{"taxonomy":"product_cat","embeddable":true,"href":"https:\/\/smania.store\/ro\/wp-json\/wp\/v2\/product_cat?post=92235"},{"taxonomy":"product_tag","embeddable":true,"href":"https:\/\/smania.store\/ro\/wp-json\/wp\/v2\/product_tag?post=92235"}],"curies":[{"name":"wp","href":"https:\/\/api.w.org\/{rel}","templated":true}]}}