{"id":92115,"date":"2025-10-17T11:40:31","date_gmt":"2025-10-17T09:40:31","guid":{"rendered":"https:\/\/smania.store\/ro\/produs\/set-de-constructie-rollingfun\/"},"modified":"2026-03-12T21:42:04","modified_gmt":"2026-03-12T20:42:04","slug":"set-de-constructie-rollingfun","status":"publish","type":"product","link":"https:\/\/smania.store\/ro\/produs\/set-de-constructie-rollingfun\/","title":{"rendered":"Set de construc\u021bie RollingFun"},"content":{"rendered":"<div class=\"smania_landing_description_title\">NOU! Set de construc\u021bie RollingFun<\/div>\n<div class=\"smania_landing_description_txt\">Creeaz\u0103-\u021bi propria lume imaginativ\u0103!<\/div>\n<div class=\"smania_landing_description_subtitle\">Privi\u021bi cum bilele se \u00eentrec pe pistele colorate pe care le proiecteaz\u0103 copilul dumneavoastr\u0103. Fiecare pies\u0103 se conecteaz\u0103 u\u0219or, oferind modalit\u0103\u021bi nelimitate de a se juca \u0219i de a crea. O modalitate distractiv\u0103 \u0219i practic\u0103 de a stimula creativitatea, concentrarea \u0219i rezolvarea problemelor &#8211; nu este nevoie de ecrane!<\/div>\n<div class=\"smania_landing_description_list\">\n<ul>\n<li>\u00cencurajeaz\u0103 rezolvarea problemelor, creativitatea \u0219i abilit\u0103\u021bile motorii fine<\/li>\n<li>Consolideaz\u0103 abilit\u0103\u021bile sociale \u0219i de comunicare prin joc<\/li>\n<li>\u021aine copiii implica\u021bi ore \u00eentregi &#8211; nu este nevoie de ecrane!<\/li>\n<li>Fabricat din materiale sigure, durabile, prietenoase cu copiii<\/li>\n<li>Ofer\u0103 posibilit\u0103\u021bi nelimitate de construc\u021bie cu 168 de piese<\/li>\n<\/ul><\/div>\n","protected":false},"excerpt":{"rendered":"<p>168 de piese colorate, care se \u00eembin\u0103 \u00eentre ele|Mai multe forme de \u0219ine \u0219i accesorii distractive|Ac\u021biune lin\u0103 de rulare pentru curse f\u0103r\u0103 sf\u00e2r\u0219it|Design compact &#8211; u\u0219or de depozitat \u0219i transportat|Pachetul include: 168 de piese|V\u00e2rsta minim\u0103 recomandat\u0103: 3+ ani|Material: Plastic ABS|Avertisment: Nu este potrivit pentru copii sub 36 de luni. Piese mici. Pericol de sufocare.<\/p>\n","protected":false},"featured_media":92091,"template":"","meta":[],"product_cat":[17],"product_tag":[1273,1268],"acf":[],"_links":{"self":[{"href":"https:\/\/smania.store\/ro\/wp-json\/wp\/v2\/product\/92115"}],"collection":[{"href":"https:\/\/smania.store\/ro\/wp-json\/wp\/v2\/product"}],"about":[{"href":"https:\/\/smania.store\/ro\/wp-json\/wp\/v2\/types\/product"}],"wp:featuredmedia":[{"embeddable":true,"href":"https:\/\/smania.store\/ro\/wp-json\/wp\/v2\/media\/92091"}],"wp:attachment":[{"href":"https:\/\/smania.store\/ro\/wp-json\/wp\/v2\/media?parent=92115"}],"wp:term":[{"taxonomy":"product_cat","embeddable":true,"href":"https:\/\/smania.store\/ro\/wp-json\/wp\/v2\/product_cat?post=92115"},{"taxonomy":"product_tag","embeddable":true,"href":"https:\/\/smania.store\/ro\/wp-json\/wp\/v2\/product_tag?post=92115"}],"curies":[{"name":"wp","href":"https:\/\/api.w.org\/{rel}","templated":true}]}}