{"id":91943,"date":"2025-10-10T06:42:20","date_gmt":"2025-10-10T04:42:20","guid":{"rendered":"https:\/\/smania.store\/ro\/produs\/leak-stopper-etansant-impermeabil-1-kg\/"},"modified":"2026-05-15T17:21:36","modified_gmt":"2026-05-15T15:21:36","slug":"leak-stopper-etansant-impermeabil-1-kg","status":"publish","type":"product","link":"https:\/\/smania.store\/ro\/produs\/leak-stopper-etansant-impermeabil-1-kg\/","title":{"rendered":"LEAK STOPPER etan\u0219ant impermeabil (1 kg)"},"content":{"rendered":"<div class=\"smania_landing_description_title\">NOU! Protec\u021bia impermeabil\u0103 perfect\u0103 pentru toate suprafe\u021bele<\/div>\n<div class=\"smania_landing_description_txt\">Sigila\u021bi \u0219i repara\u021bi f\u0103r\u0103 efort orice suprafa\u021b\u0103<\/div>\n<div class=\"smania_landing_description_subtitle\">Acest etan\u0219ant transparent inovator asigur\u0103 o protec\u021bie impermeabil\u0103 de lung\u0103 durat\u0103 \u00eempotriva scurgerilor, umidit\u0103\u021bii \u0219i ruginii. Datorit\u0103 formulei sale avansate, cu v\u00e2scozitate ridicat\u0103 \u0219i aderen\u021b\u0103 puternic\u0103, asigur\u0103 un finisaj invizibil, flexibil \u0219i durabil &#8211; perfect at\u00e2t pentru utilizarea \u00een interior, c\u00e2t \u0219i \u00een exterior.<\/div>\n<div class=\"smania_landing_description_list\">\n<ul>\n<li>Ofer\u0103 protec\u021bie de lung\u0103 durat\u0103 \u00eempotriva umezelii<\/li>\n<li>Formul\u0103 flexibil\u0103 \u0219i cu uscare rapid\u0103<\/li>\n<li>Ideal pentru metal, beton, gresie, plastic, lemn \u0219i altele<\/li>\n<li>Rezistent la UV, c\u0103ldur\u0103 \u0219i frig &#8211; perfect pentru utilizare \u00een interior \u0219i exterior<\/li>\n<li>1 kg acoper\u0103 10-13 m\u00b2, 2 kg 20-26 m\u00b2, 3 kg 30-39 m\u00b2 (\u00een func\u021bie de suprafa\u021b\u0103 \u0219i grosime)<\/li>\n<\/ul><\/div>\n","protected":false},"excerpt":{"rendered":"<p>Formul\u0103 impermeabil\u0103 avansat\u0103 pentru etan\u0219are complet\u0103|Finisaj invizibil pentru un aspect curat, estetic|Uscare rapid\u0103 \u0219i flexibil\u0103 pentru o aplicare u\u0219oar\u0103|Perfect pentru acoperi\u0219uri, b\u0103i, balcoane \u0219i terase|Potrivit at\u00e2t pentru interior, c\u00e2t \u0219i pentru exterior|Potrivit pentru: Beton, metal, pl\u0103ci ceramice, marmur\u0103, lemn, plastic|Compozi\u021bie: Acid acrilic modificat|Condi\u021bii de depozitare: A se p\u0103stra \u00eentr-un loc r\u0103coros \u0219i uscat|Acoperire: 1 kg acoper\u0103 10-13 m\u00b2, 2 kg 20-26 m\u00b2, 3 kg 30-39 m\u00b2 (\u00een func\u021bie de suprafa\u021b\u0103 \u0219i grosime)|NOT\u0102: produsul apare alb chiar \u0219i dup\u0103 aplicare, dar devine transparent dup\u0103 uscare<\/p>\n","protected":false},"featured_media":96669,"template":"","meta":[],"product_cat":[16,2366],"product_tag":[2381],"acf":[],"_links":{"self":[{"href":"https:\/\/smania.store\/ro\/wp-json\/wp\/v2\/product\/91943"}],"collection":[{"href":"https:\/\/smania.store\/ro\/wp-json\/wp\/v2\/product"}],"about":[{"href":"https:\/\/smania.store\/ro\/wp-json\/wp\/v2\/types\/product"}],"wp:featuredmedia":[{"embeddable":true,"href":"https:\/\/smania.store\/ro\/wp-json\/wp\/v2\/media\/96669"}],"wp:attachment":[{"href":"https:\/\/smania.store\/ro\/wp-json\/wp\/v2\/media?parent=91943"}],"wp:term":[{"taxonomy":"product_cat","embeddable":true,"href":"https:\/\/smania.store\/ro\/wp-json\/wp\/v2\/product_cat?post=91943"},{"taxonomy":"product_tag","embeddable":true,"href":"https:\/\/smania.store\/ro\/wp-json\/wp\/v2\/product_tag?post=91943"}],"curies":[{"name":"wp","href":"https:\/\/api.w.org\/{rel}","templated":true}]}}