{"id":91924,"date":"2025-10-09T13:29:00","date_gmt":"2025-10-09T11:29:00","guid":{"rendered":"https:\/\/smania.store\/ro\/produs\/lovescent-parfum-cu-feromoni\/"},"modified":"2026-03-16T13:50:20","modified_gmt":"2026-03-16T12:50:20","slug":"lovescent-parfum-cu-feromoni","status":"publish","type":"product","link":"https:\/\/smania.store\/ro\/produs\/lovescent-parfum-cu-feromoni\/","title":{"rendered":"LoveScent \u2013 Parfum cu feromoni"},"content":{"rendered":"<div class=\"smania_landing_description_title\">NOU: \u00ce\u021bi spore\u0219te instantaneu magnetismul<\/div>\n<div class=\"smania_landing_description_txt\">Captiveaz\u0103 f\u0103r\u0103 efort cu o singur\u0103 pulverizare<\/div>\n<div class=\"smania_landing_description_subtitle\">Descoperi\u021bi secretul unei aluzii irezistibile cu parfumul nostru revolu\u021bionar LoveScent. Special conceput pentru a-\u021bi spori carisma natural\u0103, acest parfum alimentat cu feromoni te transform\u0103 \u00een centrul admira\u021biei \u0219i al dorin\u021bei oriunde te-ai duce. E\u0219ti gata s\u0103 transcenzi obi\u0219nuitul \u0219i s\u0103 la\u0219i o impresie de durat\u0103? \u00cembr\u0103\u021bi\u0219eaz\u0103 ast\u0103zi atrac\u021bia magnetic\u0103 a LoveScent!<\/div>\n<div class=\"smania_landing_description_list\">\n<ul>\n<li>\u00ce\u021bi spore\u0219te atrac\u021bia f\u0103r\u0103 efort<\/li>\n<li>\u00cembun\u0103t\u0103\u021be\u0219te instantaneu \u00eencrederea \u00een sine<\/li>\n<li>\u00cembog\u0103\u021bit cu feromoni pentru un impact de durat\u0103<\/li>\n<li>Perfect pentru orice ocazie social\u0103<\/li>\n<li>\u00cembr\u0103\u021bi\u0219are atr\u0103g\u0103toare de lung\u0103 durat\u0103<\/li>\n<li>U\u0219ureaz\u0103 interac\u021biunile sociale \u00een mod natural<\/li>\n<\/ul><\/div>\n","protected":false},"excerpt":{"rendered":"<p>\u00cembun\u0103t\u0103\u021be\u0219te-\u021bi jocul de dating|Sim\u021bi\u021bi-v\u0103 irezistibil toat\u0103 ziua|Aprinde\u021bi curiozitatea \u0219i interesul|\u00cencredere care r\u0103m\u00e2ne cu tine|Esen\u021ba masculinit\u0103\u021bii brute|Ie\u0219i \u00een eviden\u021b\u0103 din orice mul\u021bime|Dezl\u0103n\u021buie senzualitatea misterioas\u0103|Volum: 150 ml<\/p>\n","protected":false},"featured_media":91912,"template":"","meta":[],"product_cat":[19],"product_tag":[1300,1570],"acf":[],"_links":{"self":[{"href":"https:\/\/smania.store\/ro\/wp-json\/wp\/v2\/product\/91924"}],"collection":[{"href":"https:\/\/smania.store\/ro\/wp-json\/wp\/v2\/product"}],"about":[{"href":"https:\/\/smania.store\/ro\/wp-json\/wp\/v2\/types\/product"}],"wp:featuredmedia":[{"embeddable":true,"href":"https:\/\/smania.store\/ro\/wp-json\/wp\/v2\/media\/91912"}],"wp:attachment":[{"href":"https:\/\/smania.store\/ro\/wp-json\/wp\/v2\/media?parent=91924"}],"wp:term":[{"taxonomy":"product_cat","embeddable":true,"href":"https:\/\/smania.store\/ro\/wp-json\/wp\/v2\/product_cat?post=91924"},{"taxonomy":"product_tag","embeddable":true,"href":"https:\/\/smania.store\/ro\/wp-json\/wp\/v2\/product_tag?post=91924"}],"curies":[{"name":"wp","href":"https:\/\/api.w.org\/{rel}","templated":true}]}}