{"id":91714,"date":"2025-10-01T15:01:13","date_gmt":"2025-10-01T13:01:13","guid":{"rendered":"https:\/\/smania.store\/ro\/produs\/pattyslumber-jucarie-de-plus-linistitoare-pentru-bebelusi\/"},"modified":"2026-01-21T14:42:29","modified_gmt":"2026-01-21T13:42:29","slug":"pattyslumber-jucarie-de-plus-linistitoare-pentru-bebelusi","status":"publish","type":"product","link":"https:\/\/smania.store\/ro\/produs\/pattyslumber-jucarie-de-plus-linistitoare-pentru-bebelusi\/","title":{"rendered":"PattySlumber\u2122 Juc\u0103rie de plu\u0219 lini\u0219titoare pentru bebelu\u0219i"},"content":{"rendered":"<div class=\"smania_landing_description_title\">NOU: Somn lini\u0219tit pentru copilul dumneavoastr\u0103<\/div>\n<div class=\"smania_landing_description_txt\">Atingerea lini\u0219titoare care nu obose\u0219te niciodat\u0103<\/div>\n<div class=\"smania_landing_description_subtitle\"> Cu o mi\u0219care ritmic\u0103 moale, acest urs de plu\u0219 \u00eel alin\u0103 pe micu\u021bul dvs. ca propria dvs. m\u00e2n\u0103 &#8211; astfel \u00eenc\u00e2t s\u0103 v\u0103 pute\u021bi odihni am\u00e2ndoi u\u0219or<\/div>\n<div class=\"smania_landing_description_list\">\n<ul>\n<li>Imit\u0103 atingerea bl\u00e2nd\u0103 a unui p\u0103rinte pentru a calma \u0219i a oferi confort<\/li>\n<li>M\u00e2ng\u00e2iere reglabil\u0103 cu trei niveluri de vitez\u0103 lini\u0219titoare<\/li>\n<li>Controlat de la distan\u021b\u0103 pentru utilizare f\u0103r\u0103 efort la distan\u021b\u0103<\/li>\n<li>Ajut\u0103 la atenuarea anxiet\u0103\u021bii de separare \u00een timpul odihnei sau a somnului<\/li>\n<li>Materiale moi, sigure pentru bebelu\u0219i, pentru \u00eembr\u0103\u021bi\u0219\u0103ri f\u0103r\u0103 griji<\/li>\n<\/ul><\/div>\n","protected":false},"excerpt":{"rendered":"<p>\u00ce\u021bi m\u00e2ng\u00e2ie u\u0219or bebelu\u0219ul s\u0103 adoarm\u0103|Reduce agita\u021bia \u0219i pl\u00e2nsul nocturn|M\u00e2ng\u00e2iere reglabil\u0103 cu 3 niveluri de vitez\u0103|\u00cenlocuie\u0219te prezen\u021ba mamei|Ideal pentru p\u0103tu\u021b, pat sau c\u0103rucior|Portabil pentru c\u0103l\u0103toriile \u00een familie|Pachetul include: telecomand\u0103 f\u0103r\u0103 fir|Materiale: fibr\u0103 de poliester \u0219i umplutur\u0103 de bumbac perlat|Varia\u021bie: Culoare bej \u00eentr-un design adorabil de urs|Dimensiuni: 25 cm 68 \u00d7 25 cm<\/p>\n","protected":false},"featured_media":91704,"template":"","meta":[],"product_cat":[17],"product_tag":[1273],"acf":[],"_links":{"self":[{"href":"https:\/\/smania.store\/ro\/wp-json\/wp\/v2\/product\/91714"}],"collection":[{"href":"https:\/\/smania.store\/ro\/wp-json\/wp\/v2\/product"}],"about":[{"href":"https:\/\/smania.store\/ro\/wp-json\/wp\/v2\/types\/product"}],"wp:featuredmedia":[{"embeddable":true,"href":"https:\/\/smania.store\/ro\/wp-json\/wp\/v2\/media\/91704"}],"wp:attachment":[{"href":"https:\/\/smania.store\/ro\/wp-json\/wp\/v2\/media?parent=91714"}],"wp:term":[{"taxonomy":"product_cat","embeddable":true,"href":"https:\/\/smania.store\/ro\/wp-json\/wp\/v2\/product_cat?post=91714"},{"taxonomy":"product_tag","embeddable":true,"href":"https:\/\/smania.store\/ro\/wp-json\/wp\/v2\/product_tag?post=91714"}],"curies":[{"name":"wp","href":"https:\/\/api.w.org\/{rel}","templated":true}]}}