{"id":91495,"date":"2025-09-19T13:52:09","date_gmt":"2025-09-19T11:52:09","guid":{"rendered":"https:\/\/smania.store\/ro\/produs\/storelux-raft-de-depozitare-de-lux-pentru-spatiile-dintre-mobila-4-niveluri\/"},"modified":"2026-04-21T10:56:11","modified_gmt":"2026-04-21T08:56:11","slug":"storelux-raft-de-depozitare-de-lux-pentru-spatiile-dintre-mobila-4-niveluri","status":"publish","type":"product","link":"https:\/\/smania.store\/ro\/produs\/storelux-raft-de-depozitare-de-lux-pentru-spatiile-dintre-mobila-4-niveluri\/","title":{"rendered":"StoreLux\u2122 raft de depozitare de lux pentru spa\u021biile dintre mobil\u0103 &#8211; 4 niveluri"},"content":{"rendered":"<div class=\"smania_landing_description_title\">NOU: re\u00eemprosp\u0103ta\u021bi spa\u021biul de depozitare din casa dumneavoastr\u0103!<\/div>\n<div class=\"smania_landing_description_txt\">Rezolva\u021bi problema lipsei de spa\u021biu \u00een casa dumneavoastr\u0103!<\/div>\n<div class=\"smania_landing_description_subtitle\">Aceast\u0103 pies\u0103 uimitoare de mobilier este conceput\u0103 pentru a se potrivi oriunde, de la baie p\u00e2n\u0103 la living, dubl\u00e2nd spa\u021biul disponibil!<\/div>\n<div class=\"smania_landing_description_list\">\n<ul>\n<li>Perfect pentru spa\u021biile \u00eenguste<\/li>\n<li>Capacitate mare pentru obiecte mari (4 niveluri)<\/li>\n<li>Design elegant care se potrive\u0219te oric\u0103rui stil<\/li>\n<li>Material robust, durabil \u0219i rezistent la ap\u0103<\/li>\n<li>Perfect pentru produsele de igien\u0103<\/li>\n<\/ul><\/div>\n","protected":false},"excerpt":{"rendered":"<p>Economisi\u021bi timp prin organizare|Suport practic pentru \u0219erve\u021bele|Optimizeaz\u0103 suprafe\u021bele utilizabile|Potrivit pentru baie \u0219i living|Rafturi u\u0219or de \u00eendep\u0103rtat|Robust, durabil \u0219i rezistent la ap\u0103|Dimensiuni: 78 x 41 x 18 cm|Sus\u021bine p\u00e2n\u0103 la 60 kg|Num\u0103r de rafturi: 4|Echipat cu ro\u021bi<\/p>\n","protected":false},"featured_media":91485,"template":"","meta":[],"product_cat":[16],"product_tag":[1269],"acf":[],"_links":{"self":[{"href":"https:\/\/smania.store\/ro\/wp-json\/wp\/v2\/product\/91495"}],"collection":[{"href":"https:\/\/smania.store\/ro\/wp-json\/wp\/v2\/product"}],"about":[{"href":"https:\/\/smania.store\/ro\/wp-json\/wp\/v2\/types\/product"}],"wp:featuredmedia":[{"embeddable":true,"href":"https:\/\/smania.store\/ro\/wp-json\/wp\/v2\/media\/91485"}],"wp:attachment":[{"href":"https:\/\/smania.store\/ro\/wp-json\/wp\/v2\/media?parent=91495"}],"wp:term":[{"taxonomy":"product_cat","embeddable":true,"href":"https:\/\/smania.store\/ro\/wp-json\/wp\/v2\/product_cat?post=91495"},{"taxonomy":"product_tag","embeddable":true,"href":"https:\/\/smania.store\/ro\/wp-json\/wp\/v2\/product_tag?post=91495"}],"curies":[{"name":"wp","href":"https:\/\/api.w.org\/{rel}","templated":true}]}}