{"id":91190,"date":"2025-09-03T09:28:21","date_gmt":"2025-09-03T07:28:21","guid":{"rendered":"https:\/\/smania.store\/ro\/produs\/restaurator-de-asfalt-drivewaypro-1-l-2-m%c2%b2\/"},"modified":"2026-01-25T14:02:06","modified_gmt":"2026-01-25T13:02:06","slug":"restaurator-de-asfalt-drivewaypro-1-l-2-m%c2%b2","status":"publish","type":"product","link":"https:\/\/smania.store\/ro\/produs\/restaurator-de-asfalt-drivewaypro-1-l-2-m%c2%b2\/","title":{"rendered":"Restaurator de asfalt DrivewayPRO\u2122 &#8211; 1 L \/ 4-6 m\u00b2"},"content":{"rendered":"<div class=\"smania_landing_description_title\">NOU: Restaurator de asfalt DrivewayPRO\u2122<\/div>\n<div class=\"smania_landing_description_txt\">Re\u00eennoi\u021bi carosabilul \u00eentr-o clip\u0103<\/div>\n<div class=\"smania_landing_description_subtitle\">Aleea dvs. pare uzat\u0103? DrivewayPRO\u2122 este solu\u021bia suprem\u0103 pentru refacerea \u0219i protejarea suprafe\u021belor din asfalt \u0219i beton. Datorit\u0103 rezisten\u021bei sale la intemperii, la schimb\u0103rile de temperatur\u0103, la cr\u0103p\u0103turi \u0219i la deteriorarea cauzat\u0103 de razele UV, DrivewayPRO\u2122 nu numai c\u0103 \u00eembun\u0103t\u0103\u021be\u0219te aspectul aleii dvs.<\/div>\n<div class=\"smania_landing_description_list\">\n<ul>\n<li>Etan\u0219eaz\u0103 \u0219i \u00eent\u0103re\u0219te suprafa\u021ba<\/li>\n<li>Rezist\u0103 la ploaie, c\u0103ldur\u0103 \u0219i \u00eenghe\u021b<\/li>\n<li>Re\u00eennoie\u0219te aleile de acces &#8211; aspectul original al asfaltului \u0219i betonului<\/li>\n<li>Protec\u021bie UV &#8211; previne decolorarea \u0219i deteriorarea<\/li>\n<li>Hidrofug &#8211; previne p\u0103trunderea umezelii<\/li>\n<li>Durat\u0103 de via\u021b\u0103 extins\u0103 &#8211; conserv\u0103 \u0219i \u00eent\u0103re\u0219te suprafa\u021ba<\/li>\n<\/ul><\/div>\n","protected":false},"excerpt":{"rendered":"<p>PERFORMAN\u021a\u0102 \u00ceNALT\u0102 &#8211; Formulat special pentru drumuri de asfalt|DURABIL &#8211; Strat negru durabil cu luciu redus|PROTECTIV &#8211; Protejeaz\u0103 \u00eempotriva intemperiilor, scurgerilor \u0219i cre\u0219terii buruienilor|U\u0218OR DE FOLOSIT &#8211; Aplicare simpl\u0103 pentru rezultate f\u0103r\u0103 probleme|USCARE RAPID\u0102 &#8211; Gata de utilizare \u00een doar 4 ore|Culoare &#8211; negru|Volum lichid &#8211; 1 L|Acoperire &#8211; P\u00e2n\u0103 la 6 m\u00b2|Timp de uscare &#8211; 4 ore pentru utilizare|Aplicare &#8211; Pensul\u0103, rol\u0103 sau spray<\/p>\n","protected":false},"featured_media":91437,"template":"","meta":[],"product_cat":[2366],"product_tag":[2381,2382],"acf":[],"_links":{"self":[{"href":"https:\/\/smania.store\/ro\/wp-json\/wp\/v2\/product\/91190"}],"collection":[{"href":"https:\/\/smania.store\/ro\/wp-json\/wp\/v2\/product"}],"about":[{"href":"https:\/\/smania.store\/ro\/wp-json\/wp\/v2\/types\/product"}],"wp:featuredmedia":[{"embeddable":true,"href":"https:\/\/smania.store\/ro\/wp-json\/wp\/v2\/media\/91437"}],"wp:attachment":[{"href":"https:\/\/smania.store\/ro\/wp-json\/wp\/v2\/media?parent=91190"}],"wp:term":[{"taxonomy":"product_cat","embeddable":true,"href":"https:\/\/smania.store\/ro\/wp-json\/wp\/v2\/product_cat?post=91190"},{"taxonomy":"product_tag","embeddable":true,"href":"https:\/\/smania.store\/ro\/wp-json\/wp\/v2\/product_tag?post=91190"}],"curies":[{"name":"wp","href":"https:\/\/api.w.org\/{rel}","templated":true}]}}