{"id":91132,"date":"2025-09-03T08:56:35","date_gmt":"2025-09-03T06:56:35","guid":{"rendered":"https:\/\/smania.store\/ro\/produs\/playfort-tarc-de-joaca-pentru-copii-180-x-150-cm\/"},"modified":"2026-04-10T20:44:44","modified_gmt":"2026-04-10T18:44:44","slug":"playfort-tarc-de-joaca-pentru-copii-180-x-150-cm","status":"publish","type":"product","link":"https:\/\/smania.store\/ro\/produs\/playfort-tarc-de-joaca-pentru-copii-180-x-150-cm\/","title":{"rendered":"PlayFort\u2122 \u021barc de joac\u0103 pentru copii &#8211; 180 x 150 cm"},"content":{"rendered":"<div class=\"smania_landing_description_title\"> NOU: Joac\u0103 \u0219i explorare \u00een siguran\u021b\u0103 <\/div>\n<div class=\"smania_landing_description_txt\"> Crea\u021bi un loc de joac\u0103 minunat pentru bucuria \u0219i dezvoltarea copilului dumneavoastr\u0103! <\/div>\n<div class=\"smania_landing_description_subtitle\"> Loc de joac\u0103 durabil \u0219i stabil pentru copii p\u00e2n\u0103 la 3 ani!<\/div>\n<div class=\"smania_landing_description_list\">\n<ul>\n<li>Loc de joac\u0103 perfect pentru dezvoltarea copilului<\/li>\n<li>Asamblare rapid\u0103 \u00een 30 de minute, f\u0103r\u0103 unelte<\/li>\n<li>Se potrive\u0219te compact \u00een orice camer\u0103, suprafa\u021b\u0103 de 2,7 m\u00b2<\/li>\n<li>Design viu care stimuleaz\u0103 creativitatea<\/li>\n<li>Materiale sigure \u0219i netoxice<\/li>\n<li>Protec\u021bie anti-coliziune integrat\u0103<\/li>\n<\/ul><\/div>\n","protected":false},"excerpt":{"rendered":"<p>Portabilitate u\u0219oar\u0103 cu geant\u0103 de transport|Cadru rezistent din o\u021bel inoxidabil|F\u0103r\u0103 BPA \u0219i ecologic|Sprijin\u0103 \u00een siguran\u021b\u0103 explorarea copilului|Varia\u021bii de culoare: gri sau bej|Dimensiuni: 180 x 150 x 65 cm|Suprafa\u021b\u0103: 2,7 m\u00b2|Greutate: 5 kg|Dimensiuni ambalaj: 90 x 28,5 x 20 cm|Materiale: PP, bumbac, o\u021bel<\/p>\n","protected":false},"featured_media":91119,"template":"","meta":[],"product_cat":[16,17],"product_tag":[1259,1273],"acf":[],"_links":{"self":[{"href":"https:\/\/smania.store\/ro\/wp-json\/wp\/v2\/product\/91132"}],"collection":[{"href":"https:\/\/smania.store\/ro\/wp-json\/wp\/v2\/product"}],"about":[{"href":"https:\/\/smania.store\/ro\/wp-json\/wp\/v2\/types\/product"}],"wp:featuredmedia":[{"embeddable":true,"href":"https:\/\/smania.store\/ro\/wp-json\/wp\/v2\/media\/91119"}],"wp:attachment":[{"href":"https:\/\/smania.store\/ro\/wp-json\/wp\/v2\/media?parent=91132"}],"wp:term":[{"taxonomy":"product_cat","embeddable":true,"href":"https:\/\/smania.store\/ro\/wp-json\/wp\/v2\/product_cat?post=91132"},{"taxonomy":"product_tag","embeddable":true,"href":"https:\/\/smania.store\/ro\/wp-json\/wp\/v2\/product_tag?post=91132"}],"curies":[{"name":"wp","href":"https:\/\/api.w.org\/{rel}","templated":true}]}}