{"id":90882,"date":"2025-08-19T10:58:51","date_gmt":"2025-08-19T08:58:51","guid":{"rendered":"https:\/\/smania.store\/ro\/produs\/cozymama-perna-gonflabila-pentru-gravide\/"},"modified":"2026-04-21T09:04:30","modified_gmt":"2026-04-21T07:04:30","slug":"cozymama-perna-gonflabila-pentru-gravide","status":"publish","type":"product","link":"https:\/\/smania.store\/ro\/produs\/cozymama-perna-gonflabila-pentru-gravide\/","title":{"rendered":"CozyMama\u2122 pern\u0103 gonflabil\u0103 pentru gravide"},"content":{"rendered":"<div class=\"smania_landing_description_title\">NOU: Confort pentru viitoarele m\u0103mici<\/div>\n<div class=\"smania_landing_description_txt\">Experimenteaz\u0103 confortul de neegalat \u0219i alinarea pentru burtic\u0103!<\/div>\n<div class=\"smania_landing_description_subtitle\">Adio nop\u021bi nedormite \u0219i dureri de spate, viitoare m\u0103mici!<\/div>\n<div class=\"smania_landing_description_list\">\n<ul>\n<li>Sprijin\u0103 pozi\u021bia optim\u0103 a f\u0103tului<\/li>\n<li>Amelioreaz\u0103 imediat durerile lombare<\/li>\n<li>\u00cembun\u0103t\u0103\u021be\u0219te capacitatea pulmonar\u0103<\/li>\n<li>Reduce necesitatea cezarianei \u0219i durerile la na\u0219tere<\/li>\n<li>Dimensiune perfect\u0103 pentru sus\u021binere maxim\u0103<\/li>\n<\/ul><\/div>\n","protected":false},"excerpt":{"rendered":"<p>\u00cembun\u0103t\u0103\u021be\u0219te calitatea somnului|Promoveaz\u0103 s\u0103n\u0103tatea mamei \u0219i a copilului|Permite pozi\u021bii de odihn\u0103 relaxante|U\u0219or de cur\u0103\u021bat \u0219i \u00eentre\u021binut|Culoare: roz|Material: PVC, bumbac|Dimensiuni: 170 x 65 x 22 cm|Greutate suportat\u0103: 125 kg<\/p>\n","protected":false},"featured_media":90869,"template":"","meta":[],"product_cat":[16,17],"product_tag":[1396],"acf":[],"_links":{"self":[{"href":"https:\/\/smania.store\/ro\/wp-json\/wp\/v2\/product\/90882"}],"collection":[{"href":"https:\/\/smania.store\/ro\/wp-json\/wp\/v2\/product"}],"about":[{"href":"https:\/\/smania.store\/ro\/wp-json\/wp\/v2\/types\/product"}],"wp:featuredmedia":[{"embeddable":true,"href":"https:\/\/smania.store\/ro\/wp-json\/wp\/v2\/media\/90869"}],"wp:attachment":[{"href":"https:\/\/smania.store\/ro\/wp-json\/wp\/v2\/media?parent=90882"}],"wp:term":[{"taxonomy":"product_cat","embeddable":true,"href":"https:\/\/smania.store\/ro\/wp-json\/wp\/v2\/product_cat?post=90882"},{"taxonomy":"product_tag","embeddable":true,"href":"https:\/\/smania.store\/ro\/wp-json\/wp\/v2\/product_tag?post=90882"}],"curies":[{"name":"wp","href":"https:\/\/api.w.org\/{rel}","templated":true}]}}