{"id":90867,"date":"2025-08-19T07:46:42","date_gmt":"2025-08-19T05:46:42","guid":{"rendered":"https:\/\/smania.store\/ro\/produs\/flyaway-fly-repellent-ventilator-de-masa-pachet-de-2\/"},"modified":"2025-11-12T21:07:34","modified_gmt":"2025-11-12T20:07:34","slug":"flyaway-fly-repellent-ventilator-de-masa-pachet-de-2","status":"publish","type":"product","link":"https:\/\/smania.store\/ro\/produs\/flyaway-fly-repellent-ventilator-de-masa-pachet-de-2\/","title":{"rendered":"FlyAway\u2122 Fly Repellent Ventilator de mas\u0103 &#8211; pachet de 2"},"content":{"rendered":"<div class=\"smania_landing_description_title\"> NOU: Alung\u0103 mu\u0219tele f\u0103r\u0103 efort <\/div>\n<div class=\"smania_landing_description_txt\"> Alung\u0103 mu\u0219tele f\u0103r\u0103 efort: F\u0103r\u0103 mu\u0219te \u00een c\u00e2teva secunde! <\/div>\n<div class=\"smania_landing_description_subtitle\"> Descoperi\u021bi magia FlyAway\u2122, un instrument revolu\u021bionar care alung\u0103 f\u0103r\u0103 efort mu\u0219tele deranjante, asigur\u00e2ndu-v\u0103 c\u0103 experien\u021bele culinare sunt ne\u00eentrerupte. <\/div>\n<div class=\"smania_landing_description_list\">\n<ul>\n<li>Design sigur, potrivit pentru copii<\/li>\n<li>Lame moi, nev\u0103t\u0103m\u0103toare<\/li>\n<li>Repelent pentru insecte f\u0103r\u0103 substan\u021be chimice<\/li>\n<li>Perfect pentru utilizare \u00een interior \u0219i \u00een exterior<\/li>\n<li>Tehnologia reflectorizant\u0103 descurajeaz\u0103 d\u0103un\u0103torii<\/li>\n<li>Solu\u021bie u\u0219oar\u0103, portabil\u0103<\/li>\n<\/ul><\/div>\n","protected":false},"excerpt":{"rendered":"<p>F\u0103r\u0103 substan\u021be chimice, calitate pur\u0103|U\u0219or de utilizat \u0219i de savurat|Design elegant \u0219i stilat|Ideal pentru picnicuri \u0219i gr\u0103tare|Bateria nu este inclus\u0103|Culoare: negru|Dimensiunea produsului: 9 x 9 x 25 cm|Greutatea produsului: 270 g<\/p>\n","protected":false},"featured_media":90855,"template":"","meta":[],"product_cat":[16],"product_tag":[2170],"acf":[],"_links":{"self":[{"href":"https:\/\/smania.store\/ro\/wp-json\/wp\/v2\/product\/90867"}],"collection":[{"href":"https:\/\/smania.store\/ro\/wp-json\/wp\/v2\/product"}],"about":[{"href":"https:\/\/smania.store\/ro\/wp-json\/wp\/v2\/types\/product"}],"wp:featuredmedia":[{"embeddable":true,"href":"https:\/\/smania.store\/ro\/wp-json\/wp\/v2\/media\/90855"}],"wp:attachment":[{"href":"https:\/\/smania.store\/ro\/wp-json\/wp\/v2\/media?parent=90867"}],"wp:term":[{"taxonomy":"product_cat","embeddable":true,"href":"https:\/\/smania.store\/ro\/wp-json\/wp\/v2\/product_cat?post=90867"},{"taxonomy":"product_tag","embeddable":true,"href":"https:\/\/smania.store\/ro\/wp-json\/wp\/v2\/product_tag?post=90867"}],"curies":[{"name":"wp","href":"https:\/\/api.w.org\/{rel}","templated":true}]}}