{"id":90780,"date":"2025-08-13T13:56:02","date_gmt":"2025-08-13T11:56:02","guid":{"rendered":"https:\/\/smania.store\/ro\/produs\/excavatemini-mini-excavator-electric-pentru-copii\/"},"modified":"2026-02-19T20:39:54","modified_gmt":"2026-02-19T19:39:54","slug":"excavatemini-mini-excavator-electric-pentru-copii","status":"publish","type":"product","link":"https:\/\/smania.store\/ro\/produs\/excavatemini-mini-excavator-electric-pentru-copii\/","title":{"rendered":"ExcavateMini\u2122 mini excavator electric pentru copii"},"content":{"rendered":"<div class=\"smania_landing_description_title\">NOU: Distrac\u021bie imaginativ\u0103 pentru copii<\/div>\n<div class=\"smania_landing_description_txt\">Descoper\u0103 ast\u0103zi noua lor juc\u0103rie preferat\u0103!<\/div>\n<div class=\"smania_landing_description_subtitle\">P\u0103\u0219e\u0219te \u00eentr-o lume a minunilor \u0219i a admira\u021biei cu ExcavateMini\u2122! Aceast\u0103 juc\u0103rie captivant\u0103 promite s\u0103 transforme timpul de joac\u0103 obi\u0219nuit \u00eentr-o c\u0103l\u0103torie palpitant\u0103 de excavare. L\u0103sa\u021bi imagina\u021bia copilului dvs. s\u0103 zboare \u00een timp ce manevreaz\u0103 prin aventuri nesf\u00e2r\u0219ite, dezvolt\u00e2nd abilit\u0103\u021bi esen\u021biale pe parcurs.<\/div>\n<div class=\"smania_landing_description_list\">\n<ul>\n<li>Stimuleaz\u0103 imagina\u021bia cu fiecare s\u0103p\u0103tur\u0103<\/li>\n<li>Educa\u021bional \u0219i distractiv, totul \u00een unul<\/li>\n<li>Dezvolt\u0103 coordonarea \u0219i abilit\u0103\u021bile motorii<\/li>\n<li>Stimuleaz\u0103 con\u0219tientizarea spa\u021bial\u0103 \u0219i cre\u0219terea<\/li>\n<li>Men\u021bine plictiseala la distan\u021b\u0103 timp de ore \u00eentregi<\/li>\n<li>U\u0219oar\u0103, portabil\u0103 \u0219i u\u0219or de utilizat<\/li>\n<\/ul><\/div>\n","protected":false},"excerpt":{"rendered":"<p>Perfect pentru copii de toate v\u00e2rstele|Func\u021bionare cu baterii u\u0219or de utilizat|Creeaz\u0103 aventuri, \u00een interior sau \u00een exterior|Construc\u021bie robust\u0103, rezistent\u0103 pentru copii|Compact, cu un design remarcabil|Promoveaz\u0103 jocul con\u0219tient \u0219i activ|Culori vii pe care copiii le ador\u0103|Dimensiuni: 76 x 48 x 34 cm|Greutate: 5 kg|Capacitate de greutate: 50 kg|Efecte speciale: Efecte sonore, lumini LED|Baterie: 6 V \/ 4,5 Ah|Timp de \u00eenc\u0103rcare: 8 &#8211; 10 h, prin USB|Pentru copii cu v\u00e2rsta: 2 &#8211; 8 ani<\/p>\n","protected":false},"featured_media":90768,"template":"","meta":[],"product_cat":[16,17],"product_tag":[1273,1268],"acf":[],"_links":{"self":[{"href":"https:\/\/smania.store\/ro\/wp-json\/wp\/v2\/product\/90780"}],"collection":[{"href":"https:\/\/smania.store\/ro\/wp-json\/wp\/v2\/product"}],"about":[{"href":"https:\/\/smania.store\/ro\/wp-json\/wp\/v2\/types\/product"}],"wp:featuredmedia":[{"embeddable":true,"href":"https:\/\/smania.store\/ro\/wp-json\/wp\/v2\/media\/90768"}],"wp:attachment":[{"href":"https:\/\/smania.store\/ro\/wp-json\/wp\/v2\/media?parent=90780"}],"wp:term":[{"taxonomy":"product_cat","embeddable":true,"href":"https:\/\/smania.store\/ro\/wp-json\/wp\/v2\/product_cat?post=90780"},{"taxonomy":"product_tag","embeddable":true,"href":"https:\/\/smania.store\/ro\/wp-json\/wp\/v2\/product_tag?post=90780"}],"curies":[{"name":"wp","href":"https:\/\/api.w.org\/{rel}","templated":true}]}}