{"id":90687,"date":"2025-08-11T08:09:18","date_gmt":"2025-08-11T06:09:18","guid":{"rendered":"https:\/\/smania.store\/ro\/produs\/loungeflex-mini-canapea-de-podea-pliabila\/"},"modified":"2025-11-04T10:08:04","modified_gmt":"2025-11-04T09:08:04","slug":"loungeflex-mini-canapea-de-podea-pliabila","status":"publish","type":"product","link":"https:\/\/smania.store\/ro\/produs\/loungeflex-mini-canapea-de-podea-pliabila\/","title":{"rendered":"LoungeFlex\u2122 mini canapea de podea pliabil\u0103"},"content":{"rendered":"<div class=\"smania_landing_description_title\">NOU: Confort maxim \u00een orice pozi\u021bie<\/div>\n<div class=\"smania_landing_description_txt\">Cel mai bun economizor de spa\u021biu care se transform\u0103 \u00een func\u021bie de nevoile tale!<\/div>\n<div class=\"smania_landing_description_subtitle\">Canapeaua de podea pliabil\u0103 LoungeFlex\u2122 Mini ofer\u0103 confort nelimitat cu unghiuri reglabile, transform\u00e2ndu-se dintr-o canapea \u00eentr-un fotoliu sau pat. Fabricat\u0103 din materiale de \u00eenalt\u0103 calitate, este u\u0219or de cur\u0103\u021bat \u0219i perfect\u0103 pentru spa\u021bii mici. Relaxa\u021bi-v\u0103 \u00een stil cu versatilitate maxim\u0103!<\/div>\n<div class=\"smania_landing_description_list\">\n<ul>\n<li>Se transform\u0103 f\u0103r\u0103 efort \u00een trei forme<\/li>\n<li>Multiple unghiuri reglabile<\/li>\n<li>Capac deta\u0219abil convenabil pentru o cur\u0103\u021bare u\u0219oar\u0103<\/li>\n<li>Cadrul durabil din o\u021bel asigur\u0103 longevitate<\/li>\n<li>Depozitarea compact\u0103 economise\u0219te spa\u021biu valoros<\/li>\n<\/ul><\/div>\n","protected":false},"excerpt":{"rendered":"<p>Perfect pentru apartamente \u0219i c\u0103mine|Ideal pentru c\u0103l\u0103torii \u0219i uz casnic|Design moale, confortabil \u0219i versatil|Se transform\u0103 rapid pentru oaspe\u021bi|Culoare: Gri \u00eenchis|Design pliabil: Se transform\u0103 u\u0219or \u00eentre canapea, fotoliu \u0219i pat|Umplere: burete elastic; umplere complet\u0103 \u0219i confortabil\u0103|Capac: \u021aes\u0103tur\u0103 respirabil\u0103 din bumbac \u0219i in<\/p>\n","protected":false},"featured_media":90676,"template":"","meta":[],"product_cat":[16],"product_tag":[1270],"acf":[],"_links":{"self":[{"href":"https:\/\/smania.store\/ro\/wp-json\/wp\/v2\/product\/90687"}],"collection":[{"href":"https:\/\/smania.store\/ro\/wp-json\/wp\/v2\/product"}],"about":[{"href":"https:\/\/smania.store\/ro\/wp-json\/wp\/v2\/types\/product"}],"wp:featuredmedia":[{"embeddable":true,"href":"https:\/\/smania.store\/ro\/wp-json\/wp\/v2\/media\/90676"}],"wp:attachment":[{"href":"https:\/\/smania.store\/ro\/wp-json\/wp\/v2\/media?parent=90687"}],"wp:term":[{"taxonomy":"product_cat","embeddable":true,"href":"https:\/\/smania.store\/ro\/wp-json\/wp\/v2\/product_cat?post=90687"},{"taxonomy":"product_tag","embeddable":true,"href":"https:\/\/smania.store\/ro\/wp-json\/wp\/v2\/product_tag?post=90687"}],"curies":[{"name":"wp","href":"https:\/\/api.w.org\/{rel}","templated":true}]}}