{"id":90556,"date":"2025-08-04T08:17:26","date_gmt":"2025-08-04T06:17:26","guid":{"rendered":"https:\/\/smania.store\/ro\/produs\/organizator-troler-cu-3-niveluri-rotatorack\/"},"modified":"2026-04-13T19:19:49","modified_gmt":"2026-04-13T17:19:49","slug":"organizator-troler-cu-3-niveluri-rotatorack","status":"publish","type":"product","link":"https:\/\/smania.store\/ro\/produs\/organizator-troler-cu-3-niveluri-rotatorack\/","title":{"rendered":"Organizator troler cu 3 niveluri RotatoRack\u2122"},"content":{"rendered":"<div class=\"smania_landing_description_title\">NOU: Revolu\u021biona\u021bi depozitarea acum<\/div>\n<div class=\"smania_landing_description_txt\">Transform\u0103-\u021bi spa\u021biul \u00een c\u00e2teva secunde<\/div>\n<div class=\"smania_landing_description_subtitle\">Elibera\u021bi poten\u021bialul casei dvs. cu organizatorul cu c\u0103rucior pe 3 niveluri RotatoRack\u2122! Aceast\u0103 minune versatil\u0103, f\u0103r\u0103 instalare, transform\u0103 f\u0103r\u0103 efort orice camer\u0103 \u00eentr-un paradis organizat cu grij\u0103. Nu l\u0103sa\u021bi dezordinea s\u0103 pun\u0103 st\u0103p\u00e2nire pe dvs. &#8211; revendica\u021bi-v\u0103 ast\u0103zi spa\u021biul cu stil \u0219i u\u0219urin\u021b\u0103!<\/div>\n<div class=\"smania_landing_description_list\">\n<ul>\n<li>Spa\u021biu de depozitare maximizat \u00een 3 straturi pentru toate lucrurile esen\u021biale<\/li>\n<li>ro\u021bi pivotante la 360 de grade pentru mobilitate f\u0103r\u0103 efort<\/li>\n<li>Co\u0219 complet \u00eenchis, respirabil, pentru depozitare \u00een siguran\u021b\u0103<\/li>\n<li>Perfect pentru fiecare camer\u0103 &#8211; buc\u0103t\u0103rie, baie \u0219i altele<\/li>\n<li>Nu necesit\u0103 instalare &#8211; \u00eencepe\u021bi s\u0103 organiza\u021bi imediat<\/li>\n<\/ul><\/div>\n","protected":false},"excerpt":{"rendered":"<p>Economise\u0219te spa\u021biu valoros pe podea|Designul gol p\u0103streaz\u0103 articolele proaspete|Stabil\u0103 \u0219i mobil\u0103 cu fr\u00e2ne|Design inteligent pentru cur\u0103\u021bare rapid\u0103|Suport\u0103 \u00eenc\u0103rc\u0103turi grele cu u\u0219urin\u021b\u0103|Construc\u021bie durabil\u0103 din o\u021bel carbon pentru utilizare \u00eendelungat\u0103|\u00cen\u0103l\u021bime: 60 cm|Dimensiunea co\u0219ului: 30 cm x 13 cm<\/p>\n","protected":false},"featured_media":90538,"template":"","meta":[],"product_cat":[16,223],"product_tag":[],"acf":[],"_links":{"self":[{"href":"https:\/\/smania.store\/ro\/wp-json\/wp\/v2\/product\/90556"}],"collection":[{"href":"https:\/\/smania.store\/ro\/wp-json\/wp\/v2\/product"}],"about":[{"href":"https:\/\/smania.store\/ro\/wp-json\/wp\/v2\/types\/product"}],"wp:featuredmedia":[{"embeddable":true,"href":"https:\/\/smania.store\/ro\/wp-json\/wp\/v2\/media\/90538"}],"wp:attachment":[{"href":"https:\/\/smania.store\/ro\/wp-json\/wp\/v2\/media?parent=90556"}],"wp:term":[{"taxonomy":"product_cat","embeddable":true,"href":"https:\/\/smania.store\/ro\/wp-json\/wp\/v2\/product_cat?post=90556"},{"taxonomy":"product_tag","embeddable":true,"href":"https:\/\/smania.store\/ro\/wp-json\/wp\/v2\/product_tag?post=90556"}],"curies":[{"name":"wp","href":"https:\/\/api.w.org\/{rel}","templated":true}]}}