{"id":90510,"date":"2025-08-01T15:04:23","date_gmt":"2025-08-01T13:04:23","guid":{"rendered":"https:\/\/smania.store\/ro\/produs\/solidmax-detergent-pentru-depuneri-de-calcar\/"},"modified":"2026-04-15T07:47:08","modified_gmt":"2026-04-15T05:47:08","slug":"solidmax-detergent-pentru-depuneri-de-calcar","status":"publish","type":"product","link":"https:\/\/smania.store\/ro\/produs\/solidmax-detergent-pentru-depuneri-de-calcar\/","title":{"rendered":"SolidMax &#8211; Detergent pentru depuneri de calcar"},"content":{"rendered":"<div class=\"smania_landing_description_title\">NOU &#8211; \u00cendep\u0103rteaz\u0103 calcarul instantaneu<\/div>\n<div class=\"smania_landing_description_txt\">Cur\u0103\u021benie f\u0103r\u0103 efort \u00een doi pa\u0219i!<\/div>\n<div class=\"smania_landing_description_subtitle\">Descoper\u0103 Magic SolidMax, aliatul t\u0103u \u00een lupta contra calcarului \u0219i petelor dure de ap\u0103. Aplic\u0103, las\u0103 s\u0103 ac\u021bioneze \u0219i \u0219terge \u2013 at\u00e2t de simplu! Bucur\u0103-te de o cur\u0103\u021benie impecabil\u0103 f\u0103r\u0103 ore de frecat \u0219i zg\u00e2riat. Alege Magic SolidMax \u0219i transform\u0103 cur\u0103\u021benia \u00eentr-o pl\u0103cere!<\/div>\n<div class=\"smania_landing_description_list\">\n<ul>\n<li>Penetreaz\u0103 \u0219i dizolv\u0103 calcarul<\/li>\n<li>Elimin\u0103 petele de ap\u0103 dur\u0103<\/li>\n<li>Creeaz\u0103 un strat protector<\/li>\n<li>Previne depunerile viitoare<\/li>\n<li>Simplific\u0103 cur\u0103\u021benia casnic\u0103<\/li>\n<li>Aplicare rapid\u0103 \u0219i eficient\u0103<\/li>\n<\/ul><\/div>\n","protected":false},"excerpt":{"rendered":"<p>U\u0219or de folosit|Rezultate rapide \u0219i vizibile|F\u0103r\u0103 zg\u00e2rieturi sau frecare|Ideal pentru robinete \u0219i chiuvete|Protejeaz\u0103 suprafe\u021bele curate|Perfect pentru b\u0103i \u0219i buc\u0103t\u0103rii|Ingrediente sigure \u0219i eficiente|Cur\u0103\u021benie de durat\u0103<\/p>\n","protected":false},"featured_media":90499,"template":"","meta":[],"product_cat":[2366],"product_tag":[2367],"acf":[],"_links":{"self":[{"href":"https:\/\/smania.store\/ro\/wp-json\/wp\/v2\/product\/90510"}],"collection":[{"href":"https:\/\/smania.store\/ro\/wp-json\/wp\/v2\/product"}],"about":[{"href":"https:\/\/smania.store\/ro\/wp-json\/wp\/v2\/types\/product"}],"wp:featuredmedia":[{"embeddable":true,"href":"https:\/\/smania.store\/ro\/wp-json\/wp\/v2\/media\/90499"}],"wp:attachment":[{"href":"https:\/\/smania.store\/ro\/wp-json\/wp\/v2\/media?parent=90510"}],"wp:term":[{"taxonomy":"product_cat","embeddable":true,"href":"https:\/\/smania.store\/ro\/wp-json\/wp\/v2\/product_cat?post=90510"},{"taxonomy":"product_tag","embeddable":true,"href":"https:\/\/smania.store\/ro\/wp-json\/wp\/v2\/product_tag?post=90510"}],"curies":[{"name":"wp","href":"https:\/\/api.w.org\/{rel}","templated":true}]}}