{"id":90483,"date":"2025-08-01T09:37:11","date_gmt":"2025-08-01T07:37:11","guid":{"rendered":"https:\/\/smania.store\/ro\/produs\/moonflower-suport-pentru-plante-in-forma-de-semiluna-cu-iluminare\/"},"modified":"2026-02-21T10:37:04","modified_gmt":"2026-02-21T09:37:04","slug":"moonflower-suport-pentru-plante-in-forma-de-semiluna-cu-iluminare","status":"publish","type":"product","link":"https:\/\/smania.store\/ro\/produs\/moonflower-suport-pentru-plante-in-forma-de-semiluna-cu-iluminare\/","title":{"rendered":"Moonflower\u2122 Suport pentru plante \u00een form\u0103 de semilun\u0103 cu iluminare"},"content":{"rendered":"<div class=\"smania_landing_description_title\">NOU: Las\u0103-\u021bi florile s\u0103 str\u0103luceasc\u0103 \u00een \u00eentuneric!<\/div>\n<div class=\"smania_landing_description_txt\">Lumineaz\u0103-\u021bi casa, lumineaz\u0103-\u021bi florile!<\/div>\n<div class=\"smania_landing_description_subtitle\">Acest ghiveci luminos \u00een form\u0103 de lun\u0103 cu iluminare UV v\u0103 va ajuta florile s\u0103 creasc\u0103 chiar \u0219i \u00een absen\u021ba luminii solare!<\/div>\n<div class=\"smania_landing_description_list\">\n<ul>\n<li>Cu 2 suporturi cu o \u00een\u0103l\u021bime de 160 cm<\/li>\n<li>Iluminare cu spectru complet \u00eencorporat\u0103<\/li>\n<li>Construc\u021bie robust\u0103 din o\u021bel inoxidabil<\/li>\n<li>6 suporturi pentru plante \u0219i 2 c\u00e2rlige de ag\u0103\u021bat<\/li>\n<li>Rafturi eficiente cu unghi de \u00eenclinare vertical\u0103<\/li>\n<li>Asamblare u\u0219oar\u0103 cu ajutorul instruc\u021biunilor incluse<\/li>\n<li>Pachetul include doar un suport pentru plante<\/li>\n<\/ul><\/div>\n","protected":false},"excerpt":{"rendered":"<p>Maximizeaz\u0103 spa\u021biul vertical|Ideal pentru decora\u021biuni interioare|Cadou perfect pentru iubitorii de plante|Culoare: maro \u00eenchis, negru|Materiale: lemn masiv, fier|Pachetul include: un suport pentru plante|Dimensiuni: 160 x 50 x 30 cm|Lungimea benzii de lumin\u0103: 180 cm|Luminozitate reglabil\u0103: 10% &#8211; 100%|Pornire\/oprire automat\u0103: 3 ore \/ 9 ore \/ 12 ore<\/p>\n","protected":false},"featured_media":90471,"template":"","meta":[],"product_cat":[16],"product_tag":[],"acf":[],"_links":{"self":[{"href":"https:\/\/smania.store\/ro\/wp-json\/wp\/v2\/product\/90483"}],"collection":[{"href":"https:\/\/smania.store\/ro\/wp-json\/wp\/v2\/product"}],"about":[{"href":"https:\/\/smania.store\/ro\/wp-json\/wp\/v2\/types\/product"}],"wp:featuredmedia":[{"embeddable":true,"href":"https:\/\/smania.store\/ro\/wp-json\/wp\/v2\/media\/90471"}],"wp:attachment":[{"href":"https:\/\/smania.store\/ro\/wp-json\/wp\/v2\/media?parent=90483"}],"wp:term":[{"taxonomy":"product_cat","embeddable":true,"href":"https:\/\/smania.store\/ro\/wp-json\/wp\/v2\/product_cat?post=90483"},{"taxonomy":"product_tag","embeddable":true,"href":"https:\/\/smania.store\/ro\/wp-json\/wp\/v2\/product_tag?post=90483"}],"curies":[{"name":"wp","href":"https:\/\/api.w.org\/{rel}","templated":true}]}}