{"id":90319,"date":"2025-07-24T14:02:09","date_gmt":"2025-07-24T12:02:09","guid":{"rendered":"https:\/\/smania.store\/ro\/produs\/woodypanel-panouri-de-perete-din-lemn-imitatie-autocolant-10m-x-60cm-6-m%c2%b2\/"},"modified":"2026-05-01T15:35:13","modified_gmt":"2026-05-01T13:35:13","slug":"woodypanel-panouri-de-perete-din-lemn-imitatie-autocolant-10m-x-60cm-6-m%c2%b2","status":"publish","type":"product","link":"https:\/\/smania.store\/ro\/produs\/woodypanel-panouri-de-perete-din-lemn-imitatie-autocolant-10m-x-60cm-6-m%c2%b2\/","title":{"rendered":"WoodyPanel\u2122 panou de perete autoadeziv armat &#8211; rol\u0103 de 10m (6m\u00b2)"},"content":{"rendered":"<div class=\"smania_landing_description_title\">NOU, Design interior scandinav de lux<\/div>\n<div class=\"smania_landing_description_txt\">Aplica\u021bi o not\u0103 luxoas\u0103 de natur\u0103 casei sau biroului dvs. cu panourile noastre de perete autoadezive consolidate!<\/div>\n<div class=\"smania_landing_description_subtitle\"> Spune\u021bi nu autocolantelor de perete ieftine! \u00cembun\u0103t\u0103\u021bi\u021bi-v\u0103 casa cu panouri autoadezive cu design realist din lemn de stejar &#8211; alternativ\u0103 economic\u0103 la panourile de perete din lemn acustice virale!<\/div>\n<div class=\"smania_landing_description_list\">\n<ul>\n<li>Material multistrat gros \u0219i \u00eent\u0103rit<\/li>\n<li>Decora\u021biuni luxoase pentru cas\u0103 sau birou<\/li>\n<li>Impermeabil, rezistent la zg\u00e2rieturi, rezistent la rupere<\/li>\n<li>U\u0219or de instalat, greu de deformat<\/li>\n<li>Modele realiste de stejar<\/li>\n<li>Pentru pere\u021bi \u0219i tavane<\/li>\n<li>U\u0219or de cur\u0103\u021bat \u0219i \u00eentre\u021binut<\/li>\n<\/ul><\/div>\n","protected":false},"excerpt":{"rendered":"<p>Proces simplu de instalare|U\u0219or de t\u0103iat \u0219i modelat|Aspect realist de stejar|Transformare interioar\u0103 economic\u0103|Dimensiuni: 1000 x 60 cm|Material: SXP premium|Acoperire: 6 m\u00b2|Grosime: 1,5 mm|Caracteristici: rezistent la ap\u0103, antibacterian, rezistent la zg\u00e2rieturi, rezistent la c\u0103ldur\u0103|4 modele: stejar uns cu ulei, stejar deschis, stejar afumat, stejar gri<\/p>\n","protected":false},"featured_media":93933,"template":"","meta":[],"product_cat":[16],"product_tag":[1270],"acf":[],"_links":{"self":[{"href":"https:\/\/smania.store\/ro\/wp-json\/wp\/v2\/product\/90319"}],"collection":[{"href":"https:\/\/smania.store\/ro\/wp-json\/wp\/v2\/product"}],"about":[{"href":"https:\/\/smania.store\/ro\/wp-json\/wp\/v2\/types\/product"}],"wp:featuredmedia":[{"embeddable":true,"href":"https:\/\/smania.store\/ro\/wp-json\/wp\/v2\/media\/93933"}],"wp:attachment":[{"href":"https:\/\/smania.store\/ro\/wp-json\/wp\/v2\/media?parent=90319"}],"wp:term":[{"taxonomy":"product_cat","embeddable":true,"href":"https:\/\/smania.store\/ro\/wp-json\/wp\/v2\/product_cat?post=90319"},{"taxonomy":"product_tag","embeddable":true,"href":"https:\/\/smania.store\/ro\/wp-json\/wp\/v2\/product_tag?post=90319"}],"curies":[{"name":"wp","href":"https:\/\/api.w.org\/{rel}","templated":true}]}}