{"id":90275,"date":"2025-07-22T13:36:39","date_gmt":"2025-07-22T11:36:39","guid":{"rendered":"https:\/\/smania.store\/ro\/produs\/lamilux-autocolante-de-podea-imitatie-laminat-sxp-10m-x-60-cm-6m%c2%b2\/"},"modified":"2026-02-01T10:02:00","modified_gmt":"2026-02-01T09:02:00","slug":"lamilux-autocolante-de-podea-imitatie-laminat-sxp-10m-x-60-cm-6m%c2%b2","status":"publish","type":"product","link":"https:\/\/smania.store\/ro\/produs\/lamilux-autocolante-de-podea-imitatie-laminat-sxp-10m-x-60-cm-6m%c2%b2\/","title":{"rendered":"LamiLux\u2122 autocolante de podea imita\u021bie laminat SXP &#8211; 10m x 60 cm (6m\u00b2)"},"content":{"rendered":"<div class=\"smania_landing_description_title\">NOU: Revolu\u021bioneaz\u0103-\u021bi podeaua instant<\/div>\n<div class=\"smania_landing_description_txt\">Imita\u021bie realist\u0103 de pardoseal\u0103 laminat\u0103, u\u0219or de instalat, la o treime din pre\u021b!<\/div>\n<div class=\"smania_landing_description_subtitle\">Adu atingerea luxoas\u0103 a laminatului \u00een casa ta f\u0103r\u0103 ajutorul profesioni\u0219tilor!<\/div>\n<div class=\"smania_landing_description_list\">\n<ul>\n<li>Aplicare simpl\u0103 peel &amp; stick, u\u0219or de montat de oricine<\/li>\n<li>Atingere realist\u0103, mult mai ieftin dec\u00e2t laminatul real<\/li>\n<li>Rezisten\u021b\u0103 imbatabil\u0103 la ap\u0103 \u0219i uzur\u0103<\/li>\n<li>Rezisten\u021b\u0103 la zg\u00e2rieturi \u0219i deformare<\/li>\n<li>Aplicare versatil\u0103 pentru mai multe camere<\/li>\n<li>Strat gros de 1.5mm pentru durabilitate sporit\u0103<\/li>\n<li>Reduce zgomotul, sporind confortul<\/li>\n<\/ul><\/div>\n","protected":false},"excerpt":{"rendered":"<p>Textur\u0103 realist\u0103 de lemn|5 straturi inovatoare de protec\u021bie|Izola\u021bie termic\u0103 pentru orice sezon|Aderen\u021b\u0103 puternic\u0103 pentru durabilitate|Dimensiuni rol\u0103: 1000 cm x 60 cm x 0.25 cm|Acoperire: 6m2 \/ rol\u0103|Material: SXP premium|Model: stejar, stejar deschis, stejar gri<\/p>\n","protected":false},"featured_media":90264,"template":"","meta":[],"product_cat":[16],"product_tag":[1270],"acf":[],"_links":{"self":[{"href":"https:\/\/smania.store\/ro\/wp-json\/wp\/v2\/product\/90275"}],"collection":[{"href":"https:\/\/smania.store\/ro\/wp-json\/wp\/v2\/product"}],"about":[{"href":"https:\/\/smania.store\/ro\/wp-json\/wp\/v2\/types\/product"}],"wp:featuredmedia":[{"embeddable":true,"href":"https:\/\/smania.store\/ro\/wp-json\/wp\/v2\/media\/90264"}],"wp:attachment":[{"href":"https:\/\/smania.store\/ro\/wp-json\/wp\/v2\/media?parent=90275"}],"wp:term":[{"taxonomy":"product_cat","embeddable":true,"href":"https:\/\/smania.store\/ro\/wp-json\/wp\/v2\/product_cat?post=90275"},{"taxonomy":"product_tag","embeddable":true,"href":"https:\/\/smania.store\/ro\/wp-json\/wp\/v2\/product_tag?post=90275"}],"curies":[{"name":"wp","href":"https:\/\/api.w.org\/{rel}","templated":true}]}}