{"id":90019,"date":"2025-07-08T11:36:04","date_gmt":"2025-07-08T09:36:04","guid":{"rendered":"https:\/\/smania.store\/ro\/produs\/campmate-masa-de-camping-pliabila-din-aluminiu-cu-4-scaune\/"},"modified":"2026-05-11T07:17:52","modified_gmt":"2026-05-11T05:17:52","slug":"campmate-masa-de-camping-pliabila-din-aluminiu-cu-4-scaune","status":"publish","type":"product","link":"https:\/\/smania.store\/ro\/produs\/campmate-masa-de-camping-pliabila-din-aluminiu-cu-4-scaune\/","title":{"rendered":"CampMate\u2122 Mas\u0103 de camping pliabil\u0103 din aluminiu cu 4 scaune"},"content":{"rendered":"<div class=\"smania_landing_description_title\">NOU, Scaun pliabil ultrarezistent<\/div>\n<div class=\"smania_landing_description_txt\">Tab\u0103r\u0103 oriunde \u0219i oric\u00e2nd!<\/div>\n<div class=\"smania_landing_description_subtitle\">Cu CampMate\u2122, v\u0103 pute\u021bi crea propria aventur\u0103 \u00een timp ce sunte\u021bi \u00een vacan\u021b\u0103!<\/div>\n<div class=\"smania_landing_description_list\">\n<ul>\n<li>Ideal pentru camping, picnic, gr\u0103din\u0103 sau acas\u0103<\/li>\n<li>Design pliabil, sta\u021bie unic\u0103 pentru oriunde v\u0103 afla\u021bi<\/li>\n<li>Design compact, cu capacitate mare de transport<\/li>\n<li>Ideal pentru 4 persoane<\/li>\n<\/ul><\/div>\n","protected":false},"excerpt":{"rendered":"<p>Aplicarea lacului dureaz\u0103 c\u00e2teva secunde|Fabricat din aliaj de aluminiu durabil|Design pliabil pentru transport u\u0219or|Rezistent la ap\u0103 pentru utilizare pe parcursul \u00eentregului an|Potrivit pentru utilizare \u00een interior \u0219i \u00een exterior|Material: aluminiu|Dimensiunile mesei a\u0219ezate: 120 x 60 cm|\u00cen\u0103l\u021bimea mesei reglabil\u0103: 55 cm, 62 cm, 70 cm|Dimensiuni pliat\u0103: 60 x 60 x 8 cm|Capacitate de \u00eenc\u0103rcare a mesei: 50 kg|Capacitate de \u00eenc\u0103rcare scaun: 100 kg|Greutatea produsului: 6,7 kg<\/p>\n","protected":false},"featured_media":90007,"template":"","meta":[],"product_cat":[16,21],"product_tag":[],"acf":[],"_links":{"self":[{"href":"https:\/\/smania.store\/ro\/wp-json\/wp\/v2\/product\/90019"}],"collection":[{"href":"https:\/\/smania.store\/ro\/wp-json\/wp\/v2\/product"}],"about":[{"href":"https:\/\/smania.store\/ro\/wp-json\/wp\/v2\/types\/product"}],"wp:featuredmedia":[{"embeddable":true,"href":"https:\/\/smania.store\/ro\/wp-json\/wp\/v2\/media\/90007"}],"wp:attachment":[{"href":"https:\/\/smania.store\/ro\/wp-json\/wp\/v2\/media?parent=90019"}],"wp:term":[{"taxonomy":"product_cat","embeddable":true,"href":"https:\/\/smania.store\/ro\/wp-json\/wp\/v2\/product_cat?post=90019"},{"taxonomy":"product_tag","embeddable":true,"href":"https:\/\/smania.store\/ro\/wp-json\/wp\/v2\/product_tag?post=90019"}],"curies":[{"name":"wp","href":"https:\/\/api.w.org\/{rel}","templated":true}]}}