{"id":89836,"date":"2025-07-01T08:43:00","date_gmt":"2025-07-01T06:43:00","guid":{"rendered":"https:\/\/smania.store\/ro\/produs\/bechair-spatar-pliabil-cu-perna-pentru-plaja\/"},"modified":"2025-07-01T11:18:43","modified_gmt":"2025-07-01T09:18:43","slug":"bechair-spatar-pliabil-cu-perna-pentru-plaja","status":"publish","type":"product","link":"https:\/\/smania.store\/ro\/produs\/bechair-spatar-pliabil-cu-perna-pentru-plaja\/","title":{"rendered":"BECHAIR\u2122 sp\u0103tar pliabil cu pern\u0103 pentru plaj\u0103"},"content":{"rendered":"<div class=\"smania_landing_description_title\">NOU, confort superior \u0219i relaxare pe toate tipurile de plaje<\/div>\n<div class=\"smania_landing_description_txt\">\u00centinde-te sau stai confortabil \u00een timp ce te relaxezi pe plaj\u0103!<\/div>\n<div class=\"smania_landing_description_subtitle\">  Multiple pozi\u021bii reglabile cu pern\u0103 extra confortabil\u0103, perfect pentru toate tipurile de suprafe\u021be de plaj\u0103!  <\/div>\n<div class=\"smania_landing_description_list\">\n<ul>\n<li>Design pliabil, reglabil \u00een 5 pozi\u021bii comode<\/li>\n<li>Perne groase \u0219i confortabile, ideale pentru teren accidentat<\/li>\n<li>Baz\u0103 durabil\u0103 \u0219i \u00eent\u0103rit\u0103 pentru greutate suplimentar\u0103<\/li>\n<li>Hus\u0103 deta\u0219abil\u0103, lavabil\u0103, hidrofug\u0103<\/li>\n<li>Cu 2 buzunare laterale pentru esen\u021bialele de plaj\u0103<\/li>\n<li>U\u0219or \u0219i simplu de transportat<\/li>\n<\/ul><\/div>\n","protected":false},"excerpt":{"rendered":"<p>Sistem de transport tip rucsac pentru transport facil|Materialul se usuc\u0103 rapid \u2013 f\u0103r\u0103 b\u0103t\u0103i de cap|Dou\u0103 buzunare laterale utile pentru esen\u021biale|Sus\u021bine o greutate de p\u00e2n\u0103 la 125 kg|Culoare: albastru \/ roz|Material: o\u021bel inoxidabil, poliester 600D, spum\u0103|Greutate: 4 kg|Capacitate de \u00eenc\u0103rcare: 125 kg|Dimensiuni pliat: 55 x 45 x 15 cm|Dimensiuni desf\u0103cut: 102 x 45 x 7 cm|Unghiuri reglabile: 15\u00b0, 30\u00b0, 45\u00b0, 60\u00b0, 75\u00b0<\/p>\n","protected":false},"featured_media":89856,"template":"","meta":[],"product_cat":[16,21],"product_tag":[1241],"acf":[],"_links":{"self":[{"href":"https:\/\/smania.store\/ro\/wp-json\/wp\/v2\/product\/89836"}],"collection":[{"href":"https:\/\/smania.store\/ro\/wp-json\/wp\/v2\/product"}],"about":[{"href":"https:\/\/smania.store\/ro\/wp-json\/wp\/v2\/types\/product"}],"wp:featuredmedia":[{"embeddable":true,"href":"https:\/\/smania.store\/ro\/wp-json\/wp\/v2\/media\/89856"}],"wp:attachment":[{"href":"https:\/\/smania.store\/ro\/wp-json\/wp\/v2\/media?parent=89836"}],"wp:term":[{"taxonomy":"product_cat","embeddable":true,"href":"https:\/\/smania.store\/ro\/wp-json\/wp\/v2\/product_cat?post=89836"},{"taxonomy":"product_tag","embeddable":true,"href":"https:\/\/smania.store\/ro\/wp-json\/wp\/v2\/product_tag?post=89836"}],"curies":[{"name":"wp","href":"https:\/\/api.w.org\/{rel}","templated":true}]}}