{"id":89388,"date":"2025-05-29T11:52:32","date_gmt":"2025-05-29T09:52:32","guid":{"rendered":"https:\/\/smania.store\/ro\/produs\/vopsea-epoxidica-cu-imitatie-de-granit-granitepox-1-kg\/"},"modified":"2026-05-09T19:41:34","modified_gmt":"2026-05-09T17:41:34","slug":"vopsea-epoxidica-cu-imitatie-de-granit-granitepox-1-kg","status":"publish","type":"product","link":"https:\/\/smania.store\/ro\/produs\/vopsea-epoxidica-cu-imitatie-de-granit-granitepox-1-kg\/","title":{"rendered":"Vopsea epoxidic\u0103 cu imita\u021bie de granit GRANITEPOX\u2122 (1 kg)"},"content":{"rendered":"<div class=\"smania_landing_description_title\">NOU: \u00cembog\u0103\u021bi\u021bi-v\u0103 casa cu pardoseli de granit de vis<\/div>\n<div class=\"smania_landing_description_txt\">Revolu\u021biona\u021bi-v\u0103 spa\u021biile cu pardoseli epoxidice durabile \u0219i inovatoare!<\/div>\n<div class=\"smania_landing_description_subtitle\">Descoperi\u021bi GRANITEPOX\u2122, vopseaua epoxidic\u0103 care transform\u0103 orice suprafa\u021b\u0103 \u00eentr-o oper\u0103 de art\u0103. De la beton la lemn, aduce\u021bi luxul granitului \u00een casa dvs. cu u\u0219urin\u021b\u0103 \u0219i stil. Frumoas\u0103, impermeabil\u0103, durabil\u0103 \u0219i antiderapant\u0103 &#8211; acoper\u0103 toate nevoile dvs. \u00een materie de pardoseli. De ce s\u0103 v\u0103 mul\u021bumi\u021bi cu mai pu\u021bin?<\/div>\n<div class=\"smania_landing_description_list\">\n<ul>\n<li>Imit\u0103 elegan\u021ba granitului real<\/li>\n<li>Rezistent la fisuri, zg\u00e2rieturi, temperaturi ridicate \u0219i sc\u0103zute<\/li>\n<li>Suprafa\u021b\u0103 lucioas\u0103, antiderapant\u0103<\/li>\n<li>Ideal pentru utilizare \u00een interior \u0219i \u00een exterior<\/li>\n<li>Versatil: poate fi aplicat pe o varietate de materiale<\/li>\n<li>U\u0219or de aplicat \u0219i uscare rapid\u0103<\/li>\n<\/ul><\/div>\n","protected":false},"excerpt":{"rendered":"<p>Aspect luxos|\u00cembun\u0103t\u0103\u021be\u0219te valoarea estetic\u0103 a \u00eenc\u0103perilor|U\u0219or de cur\u0103\u021bat \u0219i de \u00eentre\u021binut|Aplicare rapid\u0103 \u0219i u\u0219oar\u0103|Durabil \u0219i practic indestructibil|Poate fi aplicat pe suprafe\u021be de beton, gresie, plastic sau chiar lemn|Rezistent la temperaturi extreme|Con\u021binut: 1 kg (inclusiv \u00eent\u0103ritorul)|Acoperire: aprox. 1,3\u20131,5 kg\/m2|1 kg de produs acoper\u0103 aproximativ 0,65\u20130,75 m2|Culori: gri \u00eenchis \u0219i deschis, bej deschis, negru|Produs bicomponent<\/p>\n","protected":false},"featured_media":96673,"template":"","meta":[],"product_cat":[16,2366],"product_tag":[1241,2381,2382],"acf":[],"_links":{"self":[{"href":"https:\/\/smania.store\/ro\/wp-json\/wp\/v2\/product\/89388"}],"collection":[{"href":"https:\/\/smania.store\/ro\/wp-json\/wp\/v2\/product"}],"about":[{"href":"https:\/\/smania.store\/ro\/wp-json\/wp\/v2\/types\/product"}],"wp:featuredmedia":[{"embeddable":true,"href":"https:\/\/smania.store\/ro\/wp-json\/wp\/v2\/media\/96673"}],"wp:attachment":[{"href":"https:\/\/smania.store\/ro\/wp-json\/wp\/v2\/media?parent=89388"}],"wp:term":[{"taxonomy":"product_cat","embeddable":true,"href":"https:\/\/smania.store\/ro\/wp-json\/wp\/v2\/product_cat?post=89388"},{"taxonomy":"product_tag","embeddable":true,"href":"https:\/\/smania.store\/ro\/wp-json\/wp\/v2\/product_tag?post=89388"}],"curies":[{"name":"wp","href":"https:\/\/api.w.org\/{rel}","templated":true}]}}