{"id":88959,"date":"2025-04-29T07:36:32","date_gmt":"2025-04-29T05:36:32","guid":{"rendered":"https:\/\/smania.store\/ro\/produs\/storemaster-raft-economizor-de-spatiu-pentru-baie\/"},"modified":"2026-04-08T18:22:29","modified_gmt":"2026-04-08T16:22:29","slug":"storemaster-raft-economizor-de-spatiu-pentru-baie","status":"publish","type":"product","link":"https:\/\/smania.store\/ro\/produs\/storemaster-raft-economizor-de-spatiu-pentru-baie\/","title":{"rendered":"StoreMaster\u2122 raft economizor de spa\u021biu pentru baie"},"content":{"rendered":"<div class=\"smania_landing_description_title\">NOU: re\u00eennoie\u0219te spa\u021biul de depozitare din baia ta!<\/div>\n<div class=\"smania_landing_description_txt\">Rezolv\u0103 problema spa\u021biului \u00een baie!<\/div>\n<div class=\"smania_landing_description_subtitle\">Descoper\u0103 cum po\u021bi transforma fiecare col\u021b al casei tale cu StoreMaster\u2122 raft economizor de spa\u021biu pentru baie! Aceast\u0103 pies\u0103 de mobilier incredibil\u0103 este conceput\u0103 pentru a se potrivi oriunde, de la baie la sufragerie, dubl\u00e2nd spa\u021biul disponibil. Cu sertarele sale netede \u0219i transparente, este companionul ideal pentru organizarea casei. Nu rata ocazia de a tr\u0103i f\u0103r\u0103 dezordine!<\/div>\n<div class=\"smania_landing_description_list\">\n<ul>\n<li>Perfect pentru spa\u021bii restr\u00e2nse<\/li>\n<li>Capacitate mare pentru obiecte voluminoase (3 niveluri)<\/li>\n<li>Design elegant care se potrive\u0219te oric\u0103rui stil<\/li>\n<li>Material robust, durabil \u0219i impermeabil<\/li>\n<li>Perfect pentru produse de igien\u0103<\/li>\n<\/ul><\/div>\n","protected":false},"excerpt":{"rendered":"<p>Economise\u0219te timp cu organizarea|Suport practic pentru \u0219erve\u021bele|Optimizeaz\u0103 suprafe\u021bele utilizabile|Potrivit pentru baie \u0219i sufragerie|Sertare u\u0219or de extras|Robust, durabil \u0219i impermeabil|Dimensiuni: 78 x 41 x 18 cm|Suport\u0103 p\u00e2n\u0103 la 60 kg|Num\u0103r de rafturi: 3|Echipat cu ro\u021bi<\/p>\n","protected":false},"featured_media":88947,"template":"","meta":[],"product_cat":[16],"product_tag":[1269],"acf":[],"_links":{"self":[{"href":"https:\/\/smania.store\/ro\/wp-json\/wp\/v2\/product\/88959"}],"collection":[{"href":"https:\/\/smania.store\/ro\/wp-json\/wp\/v2\/product"}],"about":[{"href":"https:\/\/smania.store\/ro\/wp-json\/wp\/v2\/types\/product"}],"wp:featuredmedia":[{"embeddable":true,"href":"https:\/\/smania.store\/ro\/wp-json\/wp\/v2\/media\/88947"}],"wp:attachment":[{"href":"https:\/\/smania.store\/ro\/wp-json\/wp\/v2\/media?parent=88959"}],"wp:term":[{"taxonomy":"product_cat","embeddable":true,"href":"https:\/\/smania.store\/ro\/wp-json\/wp\/v2\/product_cat?post=88959"},{"taxonomy":"product_tag","embeddable":true,"href":"https:\/\/smania.store\/ro\/wp-json\/wp\/v2\/product_tag?post=88959"}],"curies":[{"name":"wp","href":"https:\/\/api.w.org\/{rel}","templated":true}]}}