{"id":88920,"date":"2025-04-24T04:49:07","date_gmt":"2025-04-24T02:49:07","guid":{"rendered":"https:\/\/smania.store\/ro\/produs\/sampon-pentru-colorarea-parului-negru-instablack-500-ml\/"},"modified":"2025-10-01T07:43:13","modified_gmt":"2025-10-01T05:43:13","slug":"sampon-pentru-colorarea-parului-negru-instablack-500-ml","status":"publish","type":"product","link":"https:\/\/smania.store\/ro\/produs\/sampon-pentru-colorarea-parului-negru-instablack-500-ml\/","title":{"rendered":"\u0218ampon pentru colorarea p\u0103rului negru InstaBlack\u2122 (500 ml)"},"content":{"rendered":"<div class=\"smania_landing_description_title\">NOU: acoperire complet\u0103 a p\u0103rului gri<\/div>\n<div class=\"smania_landing_description_txt\">Transforma\u021bi-v\u0103 culoarea p\u0103rului \u00een negru intens \u00een doar 15 minute<\/div>\n<div class=\"smania_landing_description_subtitle\">Uita\u021bi de \u0219edin\u021bele costisitoare la coafor \u0219i descoperi\u021bi InstaBlack\u2122, \u0219amponul colorant care v\u0103 transform\u0103 p\u0103rul \u00eentr-un p\u0103r negru str\u0103lucitor, \u00een confortul casei dumneavoastr\u0103. Formula sa bl\u00e2nd\u0103 \u0219i natural\u0103 acoper\u0103 perfect p\u0103rul c\u0103runt \u00een doar 15 minute, cu o durat\u0103 de p\u00e2n\u0103 la 30 de zile, \u00een timp ce hr\u0103ne\u0219te \u0219i \u00eent\u0103re\u0219te p\u0103rul, f\u0103c\u00e2ndu-l s\u0103 arate str\u0103lucitor \u0219i m\u0103t\u0103sos&#8230;<\/div>\n<div class=\"smania_landing_description_list\">\n<ul>\n<li>100% acoperire a p\u0103rului c\u0103runt<\/li>\n<li>Rezultate \u00een doar 15-20 de minute<\/li>\n<li>Hr\u0103ne\u0219te \u0219i \u00eent\u0103re\u0219te p\u0103rul<\/li>\n<li>Face ca p\u0103rul dvs. s\u0103 arate s\u0103n\u0103tos \u0219i m\u0103t\u0103sos<\/li>\n<li>Formul\u0103 delicat\u0103, f\u0103r\u0103 parabeni<\/li>\n<li>3 \u00een 1: \u0219ampon, balsam \u0219i vopsea de p\u0103r<\/li>\n<\/ul><\/div>\n","protected":false},"excerpt":{"rendered":"<p>Hr\u0103nitor pentru p\u0103r viguros|Extract de ginseng \u00eent\u0103ritor|Rezultate de lung\u0103 durat\u0103: peste 3 s\u0103pt\u0103m\u00e2ni|Nu p\u0103teaz\u0103 \u0219i nu irit\u0103 pielea|Mod de utilizare: pune\u021bi-v\u0103 m\u0103nu\u0219i de plastic, aplica\u021bi \u0219amponul colorant pe p\u0103r, masa\u021bi \u0219i l\u0103sa\u021bi s\u0103 ac\u021bioneze timp de 15-20 de minute, apoi cl\u0103ti\u021bi bine|P\u0103r hidratat, str\u0103lucitor \u0219i m\u0103t\u0103sos|Aplicare u\u0219oar\u0103, nu necesit\u0103 bol sau perie|Tratament natural pentru p\u0103rul dumneavoastr\u0103|Formulat cu ingrediente naturale din plante: extract de susan negru, extract de saponin\u0103, extract de ginseng, extract de fo-ti, extract de ganoderma lucidum, ulei de cocos|Volum: 500 ml<\/p>\n","protected":false},"featured_media":88908,"template":"","meta":[],"product_cat":[19],"product_tag":[1263,1283],"acf":[],"_links":{"self":[{"href":"https:\/\/smania.store\/ro\/wp-json\/wp\/v2\/product\/88920"}],"collection":[{"href":"https:\/\/smania.store\/ro\/wp-json\/wp\/v2\/product"}],"about":[{"href":"https:\/\/smania.store\/ro\/wp-json\/wp\/v2\/types\/product"}],"wp:featuredmedia":[{"embeddable":true,"href":"https:\/\/smania.store\/ro\/wp-json\/wp\/v2\/media\/88908"}],"wp:attachment":[{"href":"https:\/\/smania.store\/ro\/wp-json\/wp\/v2\/media?parent=88920"}],"wp:term":[{"taxonomy":"product_cat","embeddable":true,"href":"https:\/\/smania.store\/ro\/wp-json\/wp\/v2\/product_cat?post=88920"},{"taxonomy":"product_tag","embeddable":true,"href":"https:\/\/smania.store\/ro\/wp-json\/wp\/v2\/product_tag?post=88920"}],"curies":[{"name":"wp","href":"https:\/\/api.w.org\/{rel}","templated":true}]}}