{"id":88874,"date":"2025-04-15T08:43:29","date_gmt":"2025-04-15T06:43:29","guid":{"rendered":"https:\/\/smania.store\/ro\/produs\/tabla-de-fitness-si-pilates-pilatesprofit\/"},"modified":"2026-03-15T18:50:23","modified_gmt":"2026-03-15T17:50:23","slug":"tabla-de-fitness-si-pilates-pilatesprofit","status":"publish","type":"product","link":"https:\/\/smania.store\/ro\/produs\/tabla-de-fitness-si-pilates-pilatesprofit\/","title":{"rendered":"Tabl\u0103 de fitness \u0219i pilates PilatesProFit\u2122"},"content":{"rendered":"<div class=\"smania_landing_description_title\">NOU: O solu\u021bie de antrenament pentru \u00eentregul corp<\/div>\n<div class=\"smania_landing_description_txt\">Ob\u021bine\u021bi corpul de vis acas\u0103!<\/div>\n<div class=\"smania_landing_description_subtitle\">Visezi la o sal\u0103 de sport acas\u0103? Placa de fitness PilatesProFit\u2122 este r\u0103spunsul la dorin\u021bele dumneavoastr\u0103! Acest echipament compact combin\u0103 pilates \u0219i un antrenament total al corpului, f\u0103c\u00e2nd fiecare sesiune de fitness diferit\u0103, interesant\u0103 \u0219i captivant\u0103. Cu benzi de rezisten\u021b\u0103 reglabile \u0219i un cronometru inteligent, antrenamentul t\u0103u de vis devine realitate! Cump\u0103ra\u021bi-l acum \u0219i descoperi\u021bi cum v\u0103 pute\u021bi revolu\u021biona rutina de fitness de acas\u0103.<\/div>\n<div class=\"smania_landing_description_list\">\n<ul>\n<li>Combin\u0103 mai multe exerci\u021bii pentru un antrenament complet al corpului<\/li>\n<li>Benzi de rezisten\u021b\u0103 reglabile pentru fiecare nivel de fitness<\/li>\n<li>Consolidarea specific\u0103 a umerilor, bra\u021belor, picioarelor \u0219i pieptului<\/li>\n<li>Cronometru cu num\u0103r\u0103toare invers\u0103 \u00eencorporat pentru monitorizare precis\u0103<\/li>\n<li>Design pliabil \u0219i dimensiuni compacte pentru depozitare u\u0219oar\u0103<\/li>\n<\/ul><\/div>\n","protected":false},"excerpt":{"rendered":"<p>Antrenament eficient pentru \u00eentregul corp la domiciliu|Intensitate personalizabil\u0103 a antrenamentului|\u00cent\u0103re\u0219te \u0219i tonific\u0103 mu\u0219chii|Perfect pentru \u00eencep\u0103tori \u0219i practican\u021bi avansa\u021bi|U\u0219or de utilizat \u0219i de creat diferite exerci\u021bii|Compact \u0219i pliabil: perfect chiar \u0219i pentru spa\u021bii mici|Tampoane de fund antiderapante \u0219i m\u00e2nere rotative la 180\u00b0|Spum\u0103 confortabil\u0103 pe m\u00e2nere \u0219i pl\u0103cu\u021be de \u00eengenunchiere \u00eengro\u0219ate|Material: plastic de \u00eenalt\u0103 calitate (ABS)|Dimensiuni: 106 x 41 cm|Capacitate maxim\u0103 de \u00eenc\u0103rcare: 140 kg|Greutatea pl\u0103cii: 9,7 kg<\/p>\n","protected":false},"featured_media":88862,"template":"","meta":[],"product_cat":[16,19,21],"product_tag":[1255,1585],"acf":[],"_links":{"self":[{"href":"https:\/\/smania.store\/ro\/wp-json\/wp\/v2\/product\/88874"}],"collection":[{"href":"https:\/\/smania.store\/ro\/wp-json\/wp\/v2\/product"}],"about":[{"href":"https:\/\/smania.store\/ro\/wp-json\/wp\/v2\/types\/product"}],"wp:featuredmedia":[{"embeddable":true,"href":"https:\/\/smania.store\/ro\/wp-json\/wp\/v2\/media\/88862"}],"wp:attachment":[{"href":"https:\/\/smania.store\/ro\/wp-json\/wp\/v2\/media?parent=88874"}],"wp:term":[{"taxonomy":"product_cat","embeddable":true,"href":"https:\/\/smania.store\/ro\/wp-json\/wp\/v2\/product_cat?post=88874"},{"taxonomy":"product_tag","embeddable":true,"href":"https:\/\/smania.store\/ro\/wp-json\/wp\/v2\/product_tag?post=88874"}],"curies":[{"name":"wp","href":"https:\/\/api.w.org\/{rel}","templated":true}]}}