{"id":88523,"date":"2025-04-04T12:25:20","date_gmt":"2025-04-04T10:25:20","guid":{"rendered":"https:\/\/smania.store\/ro\/produs\/agent-de-fixare-a-nisipului-sandbind-1-l\/"},"modified":"2026-04-20T13:08:07","modified_gmt":"2026-04-20T11:08:07","slug":"agent-de-fixare-a-nisipului-sandbind-1-l","status":"publish","type":"product","link":"https:\/\/smania.store\/ro\/produs\/agent-de-fixare-a-nisipului-sandbind-1-l\/","title":{"rendered":"Agent de fixare a nisipului SANDBIND\u2122 (1 L)"},"content":{"rendered":"<div class=\"smania_landing_description_title\">NOU! Repara\u021bi \u00een cel mai scurt timp gropile periculoase de pe \u0219osele<\/div>\n<div class=\"smania_landing_description_txt\">Agent de lipire puternic pentru pardoseli \u0219i pere\u021bi \u0219i repara\u021bii de lung\u0103 durat\u0103!<\/div>\n<div class=\"smania_landing_description_subtitle\">Descoperi\u021bi secretul unei solu\u021bii de etan\u0219are de lung\u0103 durat\u0103! Spune\u021bi adio gropilor periculoase \u0219i zidurilor care se pr\u0103bu\u0219esc cu lipiciul transparent pe baz\u0103 de nisip SANDBIND\u2122 pentru repara\u021bii de drumuri \u0219i ziduri. O solu\u021bie rapid\u0103 \u0219i u\u0219oar\u0103 care elimin\u0103 riscul unor repara\u021bii costisitoare. Sunte\u021bi preg\u0103tit s\u0103 v\u0103 proteja\u021bi casa \u0219i curtea simplu, rapid \u0219i eficient? \u00cenc\u0103 de la primele aplica\u021bii, ve\u021bi observa puterea lui SANDBIND\u2122!<\/div>\n<div class=\"smania_landing_description_list\">\n<ul>\n<li>Putere de aderen\u021b\u0103 extrem\u0103 pentru repara\u021bii de lung\u0103 durat\u0103<\/li>\n<li>Solu\u021bie u\u0219oar\u0103 \u0219i rentabil\u0103 pentru repararea gropilor<\/li>\n<li>Prelunge\u0219te durata de via\u021b\u0103 a zidurilor \u0219i drumurilor<\/li>\n<li>Rezistent la ap\u0103 \u0219i umiditate<\/li>\n<li>Rezistent la razele UV \u0219i la temperaturi extreme<\/li>\n<li>Sigur de utilizat, formul\u0103 ecologic\u0103<\/li>\n<\/ul><\/div>\n","protected":false},"excerpt":{"rendered":"<p>Repara\u021bii rapide, u\u0219oare \u0219i necostisitoare ale drumurilor \u0219i zidurilor|U\u0219or de utilizat chiar \u0219i pentru \u00eencep\u0103tori|Aderen\u021ba ultra-puternic\u0103 asigur\u0103 repara\u021bii durabile ale fisurilor|Rezistent la ap\u0103 \u0219i umiditate|Rezistent la razele UV \u0219i la temperaturi extreme|P\u0103trundere rapid\u0103 \u0219i eficient\u0103 \u00een nisip|Creeaz\u0103 un strat de polimer care etan\u0219eaz\u0103 fisurile|Net: 1 L |Acoperire: p\u00e2n\u0103 la 4 metri p\u0103tra\u021bi|Domenii de aplicare: pardoseli, pere\u021bi|Materiale adecvate: nisip, roci|Formul\u0103 ecologic\u0103 pe baz\u0103 de ap\u0103|Poate fi depozitat la temperatura camerei (5-35\u00b0C)|Perioada de valabilitate: 12 luni<\/p>\n","protected":false},"featured_media":88648,"template":"","meta":[],"product_cat":[16,2366],"product_tag":[1241,2381],"acf":[],"_links":{"self":[{"href":"https:\/\/smania.store\/ro\/wp-json\/wp\/v2\/product\/88523"}],"collection":[{"href":"https:\/\/smania.store\/ro\/wp-json\/wp\/v2\/product"}],"about":[{"href":"https:\/\/smania.store\/ro\/wp-json\/wp\/v2\/types\/product"}],"wp:featuredmedia":[{"embeddable":true,"href":"https:\/\/smania.store\/ro\/wp-json\/wp\/v2\/media\/88648"}],"wp:attachment":[{"href":"https:\/\/smania.store\/ro\/wp-json\/wp\/v2\/media?parent=88523"}],"wp:term":[{"taxonomy":"product_cat","embeddable":true,"href":"https:\/\/smania.store\/ro\/wp-json\/wp\/v2\/product_cat?post=88523"},{"taxonomy":"product_tag","embeddable":true,"href":"https:\/\/smania.store\/ro\/wp-json\/wp\/v2\/product_tag?post=88523"}],"curies":[{"name":"wp","href":"https:\/\/api.w.org\/{rel}","templated":true}]}}