{"id":88424,"date":"2025-04-02T07:25:26","date_gmt":"2025-04-02T05:25:26","guid":{"rendered":"https:\/\/smania.store\/ro\/produs\/degresant-universal-greaseoff-500-ml\/"},"modified":"2026-04-13T10:46:48","modified_gmt":"2026-04-13T08:46:48","slug":"degresant-universal-greaseoff-500-ml","status":"publish","type":"product","link":"https:\/\/smania.store\/ro\/produs\/degresant-universal-greaseoff-500-ml\/","title":{"rendered":"Degresant universal GreaseOFF\u2122 (500 ml)"},"content":{"rendered":"<div class=\"smania_landing_description_title\">FORMULA NOU\u0102: GreaseOFF\u2122 &#8211; descompune gr\u0103simea la nivel molecular<\/div>\n<div class=\"smania_landing_description_txt\">Adio gr\u0103simii \u0219i murd\u0103riei \u00eenc\u0103p\u0103\u021b\u00e2nate!<\/div>\n<div class=\"smania_landing_description_subtitle\">Adio gr\u0103simii \u0219i murd\u0103riei \u00eenc\u0103p\u0103\u021b\u00e2nate! Formula avansat\u0103 a GreaseOFF\u2122 p\u0103trunde ad\u00e2nc \u00een gr\u0103sime, descompun\u00e2nd-o la nivel molecular pentru a asigura un finisaj impecabil, f\u0103r\u0103 reziduuri pe orice suprafa\u021b\u0103.<\/div>\n<div class=\"smania_landing_description_list\">\n<ul>\n<li>Taie straturile de unsoare acumulat\u0103<\/li>\n<li>Asigur\u0103 un finisaj impecabil, f\u0103r\u0103 reziduuri, pe orice suprafa\u021b\u0103<\/li>\n<li>Sigur, rapid \u0219i f\u0103r\u0103 efort de utilizare<\/li>\n<li>Potrivit pentru aragazuri, cuptoare, gr\u0103tare BBQ, motoare auto, lan\u021buri de biciclete \u0219i multe altele<\/li>\n<li>Perfect at\u00e2t pentru uz casnic, c\u00e2t \u0219i pentru uz profesional<\/li>\n<\/ul><\/div>\n","protected":false},"excerpt":{"rendered":"<p>Conceput pentru a \u00eendep\u0103rta gr\u0103simea de buc\u0103t\u0103rie, murd\u0103ria \u0219i alimentele coapte|Putere mare de penetrare care ajunge \u00een zonele cu aripioare inaccesibile|U\u0219or de aplicat \u0219i \u00eempr\u0103\u0219tiat, asigur\u00e2nd c\u0103 fiecare col\u021bi\u0219or este cur\u0103\u021bat temeinic|U\u0219or de utilizat: pulveriza\u021bi direct pe zona afectat\u0103, a\u0219tepta\u021bi c\u00e2teva momente, apoi \u0219terge\u021bi|Utiliza\u021bi pe aragazuri, cuptoare, microvazuri, gresie, blaturi, gr\u0103tare BBQ, motoare de ma\u0219ini, lan\u021buri de biciclete \u0219i chiar utilaje industriale|Con\u021binut: 500 ml<\/p>\n","protected":false},"featured_media":88668,"template":"","meta":[],"product_cat":[16,2366],"product_tag":[2170,1269,2367],"acf":[],"_links":{"self":[{"href":"https:\/\/smania.store\/ro\/wp-json\/wp\/v2\/product\/88424"}],"collection":[{"href":"https:\/\/smania.store\/ro\/wp-json\/wp\/v2\/product"}],"about":[{"href":"https:\/\/smania.store\/ro\/wp-json\/wp\/v2\/types\/product"}],"wp:featuredmedia":[{"embeddable":true,"href":"https:\/\/smania.store\/ro\/wp-json\/wp\/v2\/media\/88668"}],"wp:attachment":[{"href":"https:\/\/smania.store\/ro\/wp-json\/wp\/v2\/media?parent=88424"}],"wp:term":[{"taxonomy":"product_cat","embeddable":true,"href":"https:\/\/smania.store\/ro\/wp-json\/wp\/v2\/product_cat?post=88424"},{"taxonomy":"product_tag","embeddable":true,"href":"https:\/\/smania.store\/ro\/wp-json\/wp\/v2\/product_tag?post=88424"}],"curies":[{"name":"wp","href":"https:\/\/api.w.org\/{rel}","templated":true}]}}