{"id":88163,"date":"2025-03-25T11:02:35","date_gmt":"2025-03-25T10:02:35","guid":{"rendered":"https:\/\/smania.store\/ro\/produs\/suport-de-bucatarie-extensibil-magicrack\/"},"modified":"2026-03-31T18:43:33","modified_gmt":"2026-03-31T16:43:33","slug":"suport-de-bucatarie-extensibil-magicrack","status":"publish","type":"product","link":"https:\/\/smania.store\/ro\/produs\/suport-de-bucatarie-extensibil-magicrack\/","title":{"rendered":"Suport de buc\u0103t\u0103rie extensibil MagicRack\u2122"},"content":{"rendered":"<div class=\"smania_landing_description_title\">NOU! Maximiza\u021bi spa\u021biul de depozitare din buc\u0103t\u0103rie<\/div>\n<div class=\"smania_landing_description_txt\">Pentru o buc\u0103t\u0103rie organizat\u0103 \u0219i ordonat\u0103!<\/div>\n<div class=\"smania_landing_description_subtitle\">Descoperi\u021bi MagicRack\u2122 &#8211; un raft extensibil pentru cuptorul dvs. cu microunde \u0219i ustensilele de buc\u0103t\u0103rie, care va face buc\u0103t\u0103ria dvs. organizat\u0103, ordonat\u0103 \u0219i mai spa\u021bioas\u0103. Perfect pentru spa\u021biile mici, raftul de depozitare MagicRack\u2122 ajut\u0103 la organizarea \u0219i maximizarea spa\u021biului de depozitare. Comanda\u021bi acum \u0219i transforma\u021bi haosul din buc\u0103t\u0103rie \u00een ordine!<\/div>\n<div class=\"smania_landing_description_list\">\n<ul>\n<li>Spa\u021biu de depozitare suplimentar \u00een buc\u0103t\u0103ria dvs.<\/li>\n<li>L\u0103\u021bime reglabil\u0103 de la 40-60 cm<\/li>\n<li>Stabil \u0219i robust, poate sus\u021bine p\u00e2n\u0103 la 30 kg<\/li>\n<li>Asamblare simpl\u0103 f\u0103r\u0103 unelte<\/li>\n<li>Include 6 c\u00e2rlige practice de ag\u0103\u021bat<\/li>\n<li>Perfect pentru organizarea buc\u0103t\u0103riilor mici<\/li>\n<\/ul><\/div>\n","protected":false},"excerpt":{"rendered":"<p>Ajut\u0103 la organizarea \u0219i maximizarea spa\u021biului de depozitare|Poate \u021bine mai multe articole deodat\u0103|Ofer\u0103 mai mult spa\u021biu de depozitare \u00een buc\u0103t\u0103riile mici sau \u00een orice alt\u0103 \u00eenc\u0103pere|U\u0219or de cur\u0103\u021bat|Raft reglabil \u00een \u00een\u0103l\u021bime \u0219i l\u0103\u021bime extensibil\u0103|Structur\u0103 robust\u0103 din fier|Pachetul include 6 c\u00e2rlige de ag\u0103\u021bat|Dimensiuni: 46 cm (\u00een\u0103l\u021bime) x 40-60 cm (l\u0103\u021bime) x 36 cm (ad\u00e2ncime)|Sarcina portant\u0103: max 30 kg|Material: fier, polipropilen\u0103<\/p>\n","protected":false},"featured_media":88153,"template":"","meta":[],"product_cat":[16,223],"product_tag":[],"acf":[],"_links":{"self":[{"href":"https:\/\/smania.store\/ro\/wp-json\/wp\/v2\/product\/88163"}],"collection":[{"href":"https:\/\/smania.store\/ro\/wp-json\/wp\/v2\/product"}],"about":[{"href":"https:\/\/smania.store\/ro\/wp-json\/wp\/v2\/types\/product"}],"wp:featuredmedia":[{"embeddable":true,"href":"https:\/\/smania.store\/ro\/wp-json\/wp\/v2\/media\/88153"}],"wp:attachment":[{"href":"https:\/\/smania.store\/ro\/wp-json\/wp\/v2\/media?parent=88163"}],"wp:term":[{"taxonomy":"product_cat","embeddable":true,"href":"https:\/\/smania.store\/ro\/wp-json\/wp\/v2\/product_cat?post=88163"},{"taxonomy":"product_tag","embeddable":true,"href":"https:\/\/smania.store\/ro\/wp-json\/wp\/v2\/product_tag?post=88163"}],"curies":[{"name":"wp","href":"https:\/\/api.w.org\/{rel}","templated":true}]}}